{"id":7101,"date":"2025-11-06T17:02:25","date_gmt":"2025-11-06T16:02:25","guid":{"rendered":"https:\/\/maisondelenergie.sehv.fr\/?page_id=7101"},"modified":"2025-11-07T11:14:22","modified_gmt":"2025-11-07T10:14:22","slug":"actualite-vernissagequandlartalerte","status":"publish","type":"page","link":"https:\/\/maisondelenergie.sehv.fr\/index.php\/actualite-vernissagequandlartalerte\/","title":{"rendered":"Actualit\u00e9 &#8211; Retour sur le vernissage de l&rsquo;expo \u00ab\u00a0Quand l&rsquo;art&rsquo;alerte ! \u00ab\u00a0"},"content":{"rendered":"\t\t<div data-elementor-type=\"wp-page\" data-elementor-id=\"7101\" class=\"elementor elementor-7101\">\n\t\t\t\t<div class=\"elementor-element elementor-element-ee13279 e-flex e-con-boxed e-con e-parent\" data-id=\"ee13279\" data-element_type=\"container\" data-e-type=\"container\">\n\t\t\t\t\t<div class=\"e-con-inner\">\n\t\t\t\t<div class=\"elementor-element elementor-element-b56e654 elementor-widget-divider--view-line elementor-widget elementor-widget-divider\" data-id=\"b56e654\" data-element_type=\"widget\" data-e-type=\"widget\" data-widget_type=\"divider.default\">\n\t\t\t\t<div class=\"elementor-widget-container\">\n\t\t\t\t\t\t\t<div class=\"elementor-divider\">\n\t\t\t<span class=\"elementor-divider-separator\">\n\t\t\t\t\t\t<\/span>\n\t\t<\/div>\n\t\t\t\t\t\t<\/div>\n\t\t\t\t<\/div>\n\t\t\t\t\t<\/div>\n\t\t\t\t<\/div>\n\t\t<div class=\"elementor-element elementor-element-54997de e-flex e-con-boxed e-con e-parent\" data-id=\"54997de\" data-element_type=\"container\" data-e-type=\"container\">\n\t\t\t\t\t<div class=\"e-con-inner\">\n\t\t\t\t<div class=\"elementor-element elementor-element-1843d1a elementor-widget elementor-widget-heading\" data-id=\"1843d1a\" data-element_type=\"widget\" data-e-type=\"widget\" data-widget_type=\"heading.default\">\n\t\t\t\t<div class=\"elementor-widget-container\">\n\t\t\t\t\t<div class=\"elementor-heading-title elementor-size-default\"><h1>Retour sur le vernissage de l\u2019exposition \u00ab&nbsp;Quand l\u2019art\u2019alerte&nbsp;!&nbsp;\u00bb<\/h1><\/div>\t\t\t\t<\/div>\n\t\t\t\t<\/div>\n\t\t\t\t<div class=\"elementor-element elementor-element-42e8c91 elementor-widget elementor-widget-text-editor\" data-id=\"42e8c91\" data-element_type=\"widget\" data-e-type=\"widget\" data-widget_type=\"text-editor.default\">\n\t\t\t\t<div class=\"elementor-widget-container\">\n\t\t\t\t\t\t\t\t\t<h5><strong>Le jeudi 02 octobre, la Maison de l\u2019\u00c9nergie du SEHV a eu le plaisir d\u2019inaugurer sa toute nouvelle exposition : \u00ab Quand l\u2019art\u2019alerte ! \u00bb.\u00a0<\/strong><\/h5><p><strong><span style=\"color: #faa21b;\">Publi\u00e9 le 06\/11\/2025<\/span><\/strong><\/p>\t\t\t\t\t\t\t\t<\/div>\n\t\t\t\t<\/div>\n\t\t\t\t<div class=\"elementor-element elementor-element-005e00d elementor-widget elementor-widget-text-editor\" data-id=\"005e00d\" data-element_type=\"widget\" data-e-type=\"widget\" data-widget_type=\"text-editor.default\">\n\t\t\t\t<div class=\"elementor-widget-container\">\n\t\t\t\t\t\t\t\t\t<p><strong>Un vernissage sous le signe de la cr\u00e9ativit\u00e9 et de l\u2019engagement.<\/strong><\/p><p>Partenaires institutionnels et acteurs de la transition \u00e9nerg\u00e9tique se sont retrouv\u00e9s pour partager un moment convivial et engag\u00e9 autour de cette exposition originale, qui met en dialogue la cr\u00e9ation artistique et la r\u00e9flexion environnementale.<\/p>\t\t\t\t\t\t\t\t<\/div>\n\t\t\t\t<\/div>\n\t\t\t\t\t<\/div>\n\t\t\t\t<\/div>\n\t\t<div class=\"elementor-element elementor-element-75ec5e9 e-flex e-con-boxed e-con e-parent\" data-id=\"75ec5e9\" data-element_type=\"container\" data-e-type=\"container\">\n\t\t\t\t\t<div class=\"e-con-inner\">\n\t\t<div class=\"elementor-element elementor-element-ec0e56d e-con-full e-flex e-con e-child\" data-id=\"ec0e56d\" data-element_type=\"container\" data-e-type=\"container\">\n\t\t\t\t<div class=\"elementor-element elementor-element-2ee418c elementor-widget elementor-widget-image\" data-id=\"2ee418c\" data-element_type=\"widget\" data-e-type=\"widget\" data-widget_type=\"image.default\">\n\t\t\t\t<div class=\"elementor-widget-container\">\n\t\t\t\t\t\t\t\t\t\t\t\t\t\t\t<img fetchpriority=\"high\" decoding=\"async\" width=\"800\" height=\"640\" src=\"https:\/\/maisondelenergie.sehv.fr\/wp-content\/uploads\/2025\/11\/visuel-1000x800-1.jpg\" class=\"attachment-large size-large wp-image-7104\" alt=\"\" srcset=\"https:\/\/maisondelenergie.sehv.fr\/wp-content\/uploads\/2025\/11\/visuel-1000x800-1.jpg 1000w, https:\/\/maisondelenergie.sehv.fr\/wp-content\/uploads\/2025\/11\/visuel-1000x800-1-300x240.jpg 300w, https:\/\/maisondelenergie.sehv.fr\/wp-content\/uploads\/2025\/11\/visuel-1000x800-1-768x614.jpg 768w\" sizes=\"(max-width: 800px) 100vw, 800px\" \/>\t\t\t\t\t\t\t\t\t\t\t\t\t\t\t<\/div>\n\t\t\t\t<\/div>\n\t\t\t\t<\/div>\n\t\t<div class=\"elementor-element elementor-element-71963ee e-con-full e-flex e-con e-child\" data-id=\"71963ee\" data-element_type=\"container\" data-e-type=\"container\">\n\t\t\t\t<div class=\"elementor-element elementor-element-eb45431 elementor-widget elementor-widget-image\" data-id=\"eb45431\" data-element_type=\"widget\" data-e-type=\"widget\" data-widget_type=\"image.default\">\n\t\t\t\t<div class=\"elementor-widget-container\">\n\t\t\t\t\t\t\t\t\t\t\t\t\t\t\t<img decoding=\"async\" width=\"800\" height=\"640\" src=\"https:\/\/maisondelenergie.sehv.fr\/wp-content\/uploads\/2025\/11\/PlopEtKankr.jpg\" class=\"attachment-large size-large wp-image-7107\" alt=\"\" srcset=\"https:\/\/maisondelenergie.sehv.fr\/wp-content\/uploads\/2025\/11\/PlopEtKankr.jpg 1000w, https:\/\/maisondelenergie.sehv.fr\/wp-content\/uploads\/2025\/11\/PlopEtKankr-300x240.jpg 300w, https:\/\/maisondelenergie.sehv.fr\/wp-content\/uploads\/2025\/11\/PlopEtKankr-768x614.jpg 768w\" sizes=\"(max-width: 800px) 100vw, 800px\" \/>\t\t\t\t\t\t\t\t\t\t\t\t\t\t\t<\/div>\n\t\t\t\t<\/div>\n\t\t\t\t<\/div>\n\t\t<div class=\"elementor-element elementor-element-e426eed e-con-full e-flex e-con e-child\" data-id=\"e426eed\" data-element_type=\"container\" data-e-type=\"container\">\n\t\t\t\t<div class=\"elementor-element elementor-element-6d666dd elementor-widget elementor-widget-image\" data-id=\"6d666dd\" data-element_type=\"widget\" data-e-type=\"widget\" data-widget_type=\"image.default\">\n\t\t\t\t<div class=\"elementor-widget-container\">\n\t\t\t\t\t\t\t\t\t\t\t\t\t\t\t<img decoding=\"async\" width=\"800\" height=\"640\" src=\"https:\/\/maisondelenergie.sehv.fr\/wp-content\/uploads\/2025\/11\/Visuel-Plop-et-Kankr-1000x800-1.jpg\" class=\"attachment-large size-large wp-image-7108\" alt=\"\" srcset=\"https:\/\/maisondelenergie.sehv.fr\/wp-content\/uploads\/2025\/11\/Visuel-Plop-et-Kankr-1000x800-1.jpg 1000w, https:\/\/maisondelenergie.sehv.fr\/wp-content\/uploads\/2025\/11\/Visuel-Plop-et-Kankr-1000x800-1-300x240.jpg 300w, https:\/\/maisondelenergie.sehv.fr\/wp-content\/uploads\/2025\/11\/Visuel-Plop-et-Kankr-1000x800-1-768x614.jpg 768w\" sizes=\"(max-width: 800px) 100vw, 800px\" \/>\t\t\t\t\t\t\t\t\t\t\t\t\t\t\t<\/div>\n\t\t\t\t<\/div>\n\t\t\t\t<\/div>\n\t\t\t\t\t<\/div>\n\t\t\t\t<\/div>\n\t\t<div class=\"elementor-element elementor-element-84ad750 e-flex e-con-boxed e-con e-parent\" data-id=\"84ad750\" data-element_type=\"container\" data-e-type=\"container\">\n\t\t\t\t\t<div class=\"e-con-inner\">\n\t\t\t\t<div class=\"elementor-element elementor-element-d3402f8 elementor-widget elementor-widget-text-editor\" data-id=\"d3402f8\" data-element_type=\"widget\" data-e-type=\"widget\" data-widget_type=\"text-editor.default\">\n\t\t\t\t<div class=\"elementor-widget-container\">\n\t\t\t\t\t\t\t\t\t<h5><strong>Un grand merci\ud83d\ude4f<\/strong><\/h5><p>\u00e0 l\u2019ensemble de nos partenaires pour leur pr\u00e9sence, leur soutien et leur confiance dans ce projet :<\/p><p>\u00a0<\/p><ul><li><strong>Plop et KanKr<\/strong>, artistes exposants, dont les \u0153uvres percutantes donnent mati\u00e8re \u00e0 r\u00e9fl\u00e9chir sur notre rapport au climat et \u00e0 l\u2019\u00e9nergie ;<\/li><\/ul><p>\u00a0<\/p><ul><li>Le <strong>Salon de l\u2019Humour de Saint-Just-le-Martel<\/strong>, partenaire principal de la r\u00e9alisation de cette exposition ;<\/li><\/ul><p>\u00a0<\/p><ul><li><strong>L\u2019ADEME <\/strong>et le <strong>R\u00e9seau Action Climat<\/strong>, pour la mise \u00e0 disposition de ressources et d\u2019outils p\u00e9dagogiques compl\u00e9mentaires ;<\/li><\/ul><p>\u00a0<\/p><ul><li><strong>L\u2019Acad\u00e9mie de Limoges, le Rectorat, la DSDEN 87 et Point Science<\/strong>, pour leur accompagnement et leur relai aupr\u00e8s des \u00e9tablissements scolaires ;<\/li><\/ul><p>\u00a0<\/p><ul><li>La <strong>R\u00e9gion Nouvelle-Aquitaine<\/strong>, pour son soutien financier dans le cadre du projet global <em>\u00ab Chaud devant, tout comprendre sur le climat \u00bb<\/em>, dont cette exposition constitue une composante phare ;<\/li><\/ul><p>\u00a0<\/p><ul><li><strong>T\u00e9Naq<\/strong>, l\u2019entente r\u00e9gionale Territoire d\u2019\u00e9nergie Nouvelle-Aquitaine, regroupant les 13 AODE (Autorit\u00e9s Organisatrices de la Distribution d\u2019\u00c9nergie) de la grande r\u00e9gion, pour leur engagement constant dans la transition \u00e9nerg\u00e9tique ;<\/li><\/ul><p>\u00a0<\/p><ul><li><strong>R\u00e9cr\u00e9asciences, CCSTI (Centre de Culture Scientifique, Technique et Industrielle) et NACSTI<\/strong>, pour leur implication dans la valorisation des sciences et de la culture scientifique sur le territoire.<\/li><\/ul><p>\u00a0<\/p><p>\u00a0<\/p><p>\u00a0<\/p><h5>\ud83d\udcc5 <strong>Visites sur r\u00e9servation uniquement \u2013 A vos agendas\u00a0!<\/strong><\/h5><p><strong>L\u2019exposition \u00ab Quand l\u2019art\u2019alerte ! \u00bb s\u2019adresse principalement au public scolaire \u00e0 partir du CM1.<\/strong><\/p><p>Elle invite les \u00e9l\u00e8ves \u00e0 r\u00e9fl\u00e9chir et \u00e0 d\u00e9battre autour du changement climatique, \u00e0 travers le prisme de l\u2019art et de l\u2019humour.<\/p>\t\t\t\t\t\t\t\t<\/div>\n\t\t\t\t<\/div>\n\t\t\t\t\t<\/div>\n\t\t\t\t<\/div>\n\t\t<div class=\"elementor-element elementor-element-078d255 e-flex e-con-boxed e-con e-parent\" data-id=\"078d255\" data-element_type=\"container\" data-e-type=\"container\">\n\t\t\t\t\t<div class=\"e-con-inner\">\n\t\t<div class=\"elementor-element elementor-element-d627d5f e-con-full e-flex e-con e-child\" data-id=\"d627d5f\" data-element_type=\"container\" data-e-type=\"container\">\n\t\t\t\t<div class=\"elementor-element elementor-element-52db5d7 elementor-widget elementor-widget-image\" data-id=\"52db5d7\" data-element_type=\"widget\" data-e-type=\"widget\" data-widget_type=\"image.default\">\n\t\t\t\t<div class=\"elementor-widget-container\">\n\t\t\t\t\t\t\t\t\t\t\t\t\t\t\t<img loading=\"lazy\" decoding=\"async\" width=\"1202\" height=\"800\" src=\"https:\/\/maisondelenergie.sehv.fr\/wp-content\/uploads\/2025\/11\/PlopEtKankr2.jpg\" class=\"attachment-1536x1536 size-1536x1536 wp-image-7106\" alt=\"\" srcset=\"https:\/\/maisondelenergie.sehv.fr\/wp-content\/uploads\/2025\/11\/PlopEtKankr2.jpg 1202w, https:\/\/maisondelenergie.sehv.fr\/wp-content\/uploads\/2025\/11\/PlopEtKankr2-300x200.jpg 300w, https:\/\/maisondelenergie.sehv.fr\/wp-content\/uploads\/2025\/11\/PlopEtKankr2-1024x682.jpg 1024w, https:\/\/maisondelenergie.sehv.fr\/wp-content\/uploads\/2025\/11\/PlopEtKankr2-768x511.jpg 768w\" sizes=\"(max-width: 1202px) 100vw, 1202px\" \/>\t\t\t\t\t\t\t\t\t\t\t\t\t\t\t<\/div>\n\t\t\t\t<\/div>\n\t\t\t\t<\/div>\n\t\t<div class=\"elementor-element elementor-element-e695bed e-con-full e-flex e-con e-child\" data-id=\"e695bed\" data-element_type=\"container\" data-e-type=\"container\">\n\t\t\t\t<div class=\"elementor-element elementor-element-8735dc5 elementor-widget elementor-widget-text-editor\" data-id=\"8735dc5\" data-element_type=\"widget\" data-e-type=\"widget\" data-widget_type=\"text-editor.default\">\n\t\t\t\t<div class=\"elementor-widget-container\">\n\t\t\t\t\t\t\t\t\t<p style=\"text-align: center;\">\u00a9photos Mathieu CAUZZI<\/p>\t\t\t\t\t\t\t\t<\/div>\n\t\t\t\t<\/div>\n\t\t\t\t<\/div>\n\t\t\t\t\t<\/div>\n\t\t\t\t<\/div>\n\t\t<div class=\"elementor-element elementor-element-a163ef3 e-flex e-con-boxed e-con e-parent\" data-id=\"a163ef3\" data-element_type=\"container\" data-e-type=\"container\">\n\t\t\t\t\t<div class=\"e-con-inner\">\n\t\t\t\t<div class=\"elementor-element elementor-element-7660b13 elementor-widget elementor-widget-spacer\" data-id=\"7660b13\" data-element_type=\"widget\" data-e-type=\"widget\" data-widget_type=\"spacer.default\">\n\t\t\t\t<div class=\"elementor-widget-container\">\n\t\t\t\t\t\t\t<div class=\"elementor-spacer\">\n\t\t\t<div class=\"elementor-spacer-inner\"><\/div>\n\t\t<\/div>\n\t\t\t\t\t\t<\/div>\n\t\t\t\t<\/div>\n\t\t\t\t\t<\/div>\n\t\t\t\t<\/div>\n\t\t<div class=\"elementor-element elementor-element-dac880a e-con-full e-flex e-con e-parent\" data-id=\"dac880a\" data-element_type=\"container\" data-e-type=\"container\" data-settings=\"{&quot;background_background&quot;:&quot;classic&quot;}\">\n\t\t\t\t<div class=\"elementor-element elementor-element-5f8101c3 elementor-widget elementor-widget-spacer\" data-id=\"5f8101c3\" data-element_type=\"widget\" data-e-type=\"widget\" data-widget_type=\"spacer.default\">\n\t\t\t\t<div class=\"elementor-widget-container\">\n\t\t\t\t\t\t\t<div class=\"elementor-spacer\">\n\t\t\t<div class=\"elementor-spacer-inner\"><\/div>\n\t\t<\/div>\n\t\t\t\t\t\t<\/div>\n\t\t\t\t<\/div>\n\t\t<div class=\"elementor-element elementor-element-1c8cba6c e-con-full e-flex e-con e-child\" data-id=\"1c8cba6c\" data-element_type=\"container\" data-e-type=\"container\">\n\t\t\t\t<div class=\"elementor-element elementor-element-2b028829 elementor-widget elementor-widget-heading\" data-id=\"2b028829\" data-element_type=\"widget\" data-e-type=\"widget\" data-widget_type=\"heading.default\">\n\t\t\t\t<div class=\"elementor-widget-container\">\n\t\t\t\t\t<div class=\"elementor-heading-title elementor-size-default\">CATALOGUE COMPLET DES ANIMATIONS<\/div>\t\t\t\t<\/div>\n\t\t\t\t<\/div>\n\t\t\t\t<\/div>\n\t\t\t\t<div class=\"elementor-element elementor-element-7c5d1702 elementor-invisible elementor-widget elementor-widget-button\" data-id=\"7c5d1702\" data-element_type=\"widget\" data-e-type=\"widget\" data-settings=\"{&quot;_animation&quot;:&quot;fadeInDown&quot;}\" data-widget_type=\"button.default\">\n\t\t\t\t<div class=\"elementor-widget-container\">\n\t\t\t\t\t\t\t\t\t<div class=\"elementor-button-wrapper\">\n\t\t\t\t\t<a class=\"elementor-button elementor-button-link elementor-size-sm elementor-animation-sink\" href=\"http:\/\/maisondelenergie.sehv.fr\/index.php\/ressources\/\" target=\"_blank\">\n\t\t\t\t\t\t<span class=\"elementor-button-content-wrapper\">\n\t\t\t\t\t\t<span class=\"elementor-button-icon\">\n\t\t\t\t<svg aria-hidden=\"true\" class=\"e-font-icon-svg e-fas-book-reader\" viewBox=\"0 0 512 512\" xmlns=\"http:\/\/www.w3.org\/2000\/svg\"><path d=\"M352 96c0-53.02-42.98-96-96-96s-96 42.98-96 96 42.98 96 96 96 96-42.98 96-96zM233.59 241.1c-59.33-36.32-155.43-46.3-203.79-49.05C13.55 191.13 0 203.51 0 219.14v222.8c0 14.33 11.59 26.28 26.49 27.05 43.66 2.29 131.99 10.68 193.04 41.43 9.37 4.72 20.48-1.71 20.48-11.87V252.56c-.01-4.67-2.32-8.95-6.42-11.46zm248.61-49.05c-48.35 2.74-144.46 12.73-203.78 49.05-4.1 2.51-6.41 6.96-6.41 11.63v245.79c0 10.19 11.14 16.63 20.54 11.9 61.04-30.72 149.32-39.11 192.97-41.4 14.9-.78 26.49-12.73 26.49-27.06V219.14c-.01-15.63-13.56-28.01-29.81-27.09z\"><\/path><\/svg>\t\t\t<\/span>\n\t\t\t\t\t\t\t\t\t<span class=\"elementor-button-text\">Toutes les ressources<\/span>\n\t\t\t\t\t<\/span>\n\t\t\t\t\t<\/a>\n\t\t\t\t<\/div>\n\t\t\t\t\t\t\t\t<\/div>\n\t\t\t\t<\/div>\n\t\t\t\t<div class=\"elementor-element elementor-element-15ebb3c9 elementor-widget elementor-widget-spacer\" data-id=\"15ebb3c9\" data-element_type=\"widget\" data-e-type=\"widget\" data-widget_type=\"spacer.default\">\n\t\t\t\t<div class=\"elementor-widget-container\">\n\t\t\t\t\t\t\t<div class=\"elementor-spacer\">\n\t\t\t<div class=\"elementor-spacer-inner\"><\/div>\n\t\t<\/div>\n\t\t\t\t\t\t<\/div>\n\t\t\t\t<\/div>\n\t\t\t\t<\/div>\n\t\t<div class=\"elementor-element elementor-element-066ab9c e-flex e-con-boxed e-con e-parent\" data-id=\"066ab9c\" data-element_type=\"container\" data-e-type=\"container\">\n\t\t\t\t\t<div class=\"e-con-inner\">\n\t\t\t\t<div class=\"elementor-element elementor-element-806299a elementor-widget elementor-widget-spacer\" data-id=\"806299a\" data-element_type=\"widget\" data-e-type=\"widget\" data-widget_type=\"spacer.default\">\n\t\t\t\t<div class=\"elementor-widget-container\">\n\t\t\t\t\t\t\t<div class=\"elementor-spacer\">\n\t\t\t<div class=\"elementor-spacer-inner\"><\/div>\n\t\t<\/div>\n\t\t\t\t\t\t<\/div>\n\t\t\t\t<\/div>\n\t\t\t\t\t<\/div>\n\t\t\t\t<\/div>\n\t\t<div class=\"elementor-element elementor-element-ab4b0de e-flex e-con-boxed e-con e-parent\" data-id=\"ab4b0de\" data-element_type=\"container\" data-e-type=\"container\">\n\t\t\t\t\t<div class=\"e-con-inner\">\n\t\t\t\t\t<\/div>\n\t\t\t\t<\/div>\n\t\t\t\t<\/div>\n\t\t","protected":false},"excerpt":{"rendered":"<p>Retour sur le vernissage de l\u2019exposition \u00ab&nbsp;Quand l\u2019art\u2019alerte&nbsp;!&nbsp;\u00bb Le jeudi 02 octobre, la Maison de l\u2019\u00c9nergie du SEHV a eu le plaisir d\u2019inaugurer sa toute nouvelle exposition : \u00ab Quand l\u2019art\u2019alerte ! \u00bb.\u00a0 Publi\u00e9 le 06\/11\/2025 Un vernissage sous le signe de la cr\u00e9ativit\u00e9 et de l\u2019engagement. Partenaires institutionnels et acteurs de la transition \u00e9nerg\u00e9tique [&hellip;]<\/p>\n","protected":false},"author":1,"featured_media":0,"parent":0,"menu_order":0,"comment_status":"closed","ping_status":"closed","template":"","meta":{"footnotes":""},"class_list":["post-7101","page","type-page","status-publish","hentry"],"_links":{"self":[{"href":"https:\/\/maisondelenergie.sehv.fr\/index.php\/wp-json\/wp\/v2\/pages\/7101","targetHints":{"allow":["GET"]}}],"collection":[{"href":"https:\/\/maisondelenergie.sehv.fr\/index.php\/wp-json\/wp\/v2\/pages"}],"about":[{"href":"https:\/\/maisondelenergie.sehv.fr\/index.php\/wp-json\/wp\/v2\/types\/page"}],"author":[{"embeddable":true,"href":"https:\/\/maisondelenergie.sehv.fr\/index.php\/wp-json\/wp\/v2\/users\/1"}],"replies":[{"embeddable":true,"href":"https:\/\/maisondelenergie.sehv.fr\/index.php\/wp-json\/wp\/v2\/comments?post=7101"}],"version-history":[{"count":31,"href":"https:\/\/maisondelenergie.sehv.fr\/index.php\/wp-json\/wp\/v2\/pages\/7101\/revisions"}],"predecessor-version":[{"id":7164,"href":"https:\/\/maisondelenergie.sehv.fr\/index.php\/wp-json\/wp\/v2\/pages\/7101\/revisions\/7164"}],"wp:attachment":[{"href":"https:\/\/maisondelenergie.sehv.fr\/index.php\/wp-json\/wp\/v2\/media?parent=7101"}],"curies":[{"name":"wp","href":"https:\/\/api.w.org\/{rel}","templated":true}]}}