{"id":7093,"date":"2025-11-06T16:29:00","date_gmt":"2025-11-06T15:29:00","guid":{"rendered":"https:\/\/maisondelenergie.sehv.fr\/?page_id=7093"},"modified":"2025-11-07T11:15:21","modified_gmt":"2025-11-07T10:15:21","slug":"actualite-grandlabeaubois2025","status":"publish","type":"page","link":"https:\/\/maisondelenergie.sehv.fr\/index.php\/actualite-grandlabeaubois2025\/","title":{"rendered":"Actualit\u00e9 &#8211; RDV au Grand Lab&rsquo;eau bois"},"content":{"rendered":"\t\t<div data-elementor-type=\"wp-page\" data-elementor-id=\"7093\" class=\"elementor elementor-7093\">\n\t\t\t\t<div class=\"elementor-element elementor-element-ee13279 e-flex e-con-boxed e-con e-parent\" data-id=\"ee13279\" data-element_type=\"container\" data-e-type=\"container\">\n\t\t\t\t\t<div class=\"e-con-inner\">\n\t\t\t\t<div class=\"elementor-element elementor-element-b56e654 elementor-widget-divider--view-line elementor-widget elementor-widget-divider\" data-id=\"b56e654\" data-element_type=\"widget\" data-e-type=\"widget\" data-widget_type=\"divider.default\">\n\t\t\t\t<div class=\"elementor-widget-container\">\n\t\t\t\t\t\t\t<div class=\"elementor-divider\">\n\t\t\t<span class=\"elementor-divider-separator\">\n\t\t\t\t\t\t<\/span>\n\t\t<\/div>\n\t\t\t\t\t\t<\/div>\n\t\t\t\t<\/div>\n\t\t\t\t\t<\/div>\n\t\t\t\t<\/div>\n\t\t<div class=\"elementor-element elementor-element-54997de e-flex e-con-boxed e-con e-parent\" data-id=\"54997de\" data-element_type=\"container\" data-e-type=\"container\">\n\t\t\t\t\t<div class=\"e-con-inner\">\n\t\t\t\t<div class=\"elementor-element elementor-element-1843d1a elementor-widget elementor-widget-heading\" data-id=\"1843d1a\" data-element_type=\"widget\" data-e-type=\"widget\" data-widget_type=\"heading.default\">\n\t\t\t\t<div class=\"elementor-widget-container\">\n\t\t\t\t\t<div class=\"elementor-heading-title elementor-size-default\"><h1>RDV au Grand Lab'EAU-BOIS<\/div>\t\t\t\t<\/div>\n\t\t\t\t<\/div>\n\t\t\t\t<div class=\"elementor-element elementor-element-005e00d elementor-widget elementor-widget-text-editor\" data-id=\"005e00d\" data-element_type=\"widget\" data-e-type=\"widget\" data-widget_type=\"text-editor.default\">\n\t\t\t\t<div class=\"elementor-widget-container\">\n\t\t\t\t\t\t\t\t\t<h5>Du 13 au 16 novembre, la Maison de l\u2019\u00c9nergie du SEHV participera au Grand Lab\u2019EAU-BOIS, un \u00e9v\u00e9nement ludique et p\u00e9dagogique organis\u00e9 par Limoges M\u00e9tropole, en partenariat avec la Ville de Limoges et R\u00e9cr\u00e9asciences, au Centre de loisirs d\u2019Uzurat \u00e0 Limoges.<\/h5><p><span style=\"color: #faa21b;\">Publi\u00e9 le 15\/09\/2025<\/span><\/p>\t\t\t\t\t\t\t\t<\/div>\n\t\t\t\t<\/div>\n\t\t\t\t\t<\/div>\n\t\t\t\t<\/div>\n\t\t<div class=\"elementor-element elementor-element-75ec5e9 e-flex e-con-boxed e-con e-parent\" data-id=\"75ec5e9\" data-element_type=\"container\" data-e-type=\"container\">\n\t\t\t\t\t<div class=\"e-con-inner\">\n\t\t<div class=\"elementor-element elementor-element-71963ee e-con-full e-flex e-con e-child\" data-id=\"71963ee\" data-element_type=\"container\" data-e-type=\"container\">\n\t\t\t\t<div class=\"elementor-element elementor-element-c7ff540 elementor-widget elementor-widget-image\" data-id=\"c7ff540\" data-element_type=\"widget\" data-e-type=\"widget\" data-widget_type=\"image.default\">\n\t\t\t\t<div class=\"elementor-widget-container\">\n\t\t\t\t\t\t\t\t\t\t\t\t\t\t\t<img fetchpriority=\"high\" decoding=\"async\" width=\"1080\" height=\"1920\" src=\"https:\/\/maisondelenergie.sehv.fr\/wp-content\/uploads\/2025\/11\/LM_Le-grand-lab-eau-bois_insta-famille.jpg\" class=\"attachment-full size-full wp-image-7097\" alt=\"\" srcset=\"https:\/\/maisondelenergie.sehv.fr\/wp-content\/uploads\/2025\/11\/LM_Le-grand-lab-eau-bois_insta-famille.jpg 1080w, https:\/\/maisondelenergie.sehv.fr\/wp-content\/uploads\/2025\/11\/LM_Le-grand-lab-eau-bois_insta-famille-169x300.jpg 169w, https:\/\/maisondelenergie.sehv.fr\/wp-content\/uploads\/2025\/11\/LM_Le-grand-lab-eau-bois_insta-famille-576x1024.jpg 576w, https:\/\/maisondelenergie.sehv.fr\/wp-content\/uploads\/2025\/11\/LM_Le-grand-lab-eau-bois_insta-famille-768x1365.jpg 768w, https:\/\/maisondelenergie.sehv.fr\/wp-content\/uploads\/2025\/11\/LM_Le-grand-lab-eau-bois_insta-famille-864x1536.jpg 864w\" sizes=\"(max-width: 1080px) 100vw, 1080px\" \/>\t\t\t\t\t\t\t\t\t\t\t\t\t\t\t<\/div>\n\t\t\t\t<\/div>\n\t\t\t\t<\/div>\n\t\t<div class=\"elementor-element elementor-element-bfa4f87 e-con-full e-flex e-con e-child\" data-id=\"bfa4f87\" data-element_type=\"container\" data-e-type=\"container\">\n\t\t\t\t<div class=\"elementor-element elementor-element-3148e1d elementor-widget elementor-widget-text-editor\" data-id=\"3148e1d\" data-element_type=\"widget\" data-e-type=\"widget\" data-widget_type=\"text-editor.default\">\n\t\t\t\t<div class=\"elementor-widget-container\">\n\t\t\t\t\t\t\t\t\t<h5>\u00c0 cette occasion, la Maison de l\u2019\u00c9nergie proposera deux ateliers interactifs autour de l\u2019eau, con\u00e7us pour sensibiliser petits et grands aux enjeux \u00e9nerg\u00e9tiques et environnementaux, tout en s\u2019amusant !<\/h5><p>\u00a0<\/p><p>\ud83d\udca7\ud83d\udca7 <strong>Ton moulin, ton moulin va trop vite !<\/strong><br \/>\u00c0 travers des manipulations et exp\u00e9riences pratiques, les participants d\u00e9couvriront le fonctionnement d\u2019un barrage, les technologies hydrauliques utilis\u00e9es et les enjeux li\u00e9s \u00e0 l\u2019hydro\u00e9lectricit\u00e9, une \u00e9nergie renouvelable essentielle pour notre avenir.<br \/>Un atelier scientifique et concret, pour comprendre comment l\u2019eau devient source d\u2019\u00e9nergie.<\/p><p>\u00a0<\/p><p><img decoding=\"async\" class=\"emoji\" role=\"img\" draggable=\"false\" src=\"https:\/\/s.w.org\/images\/core\/emoji\/16.0.1\/svg\/1f9e0.svg\" alt=\"\ud83e\udde0\" \/> <strong>Le Waterquizz !<\/strong><br \/>Inspir\u00e9 du c\u00e9l\u00e8bre Burger Quiz, ce quiz interactif et d\u00e9cal\u00e9 invite le public \u00e0 tester ses connaissances sur l\u2019eau et l\u2019\u00e9nergie, tout en apprenant \u00e0 adopter les bons \u00e9cogestes li\u00e9s \u00e0 l\u2019utilisation de l\u2019eau chaude. Ambiance garantie et apprentissage assur\u00e9 !<\/p>\t\t\t\t\t\t\t\t<\/div>\n\t\t\t\t<\/div>\n\t\t<div class=\"elementor-element elementor-element-e426eed e-con-full e-flex e-con e-child\" data-id=\"e426eed\" data-element_type=\"container\" data-e-type=\"container\">\n\t\t\t\t<div class=\"elementor-element elementor-element-d3402f8 elementor-widget elementor-widget-text-editor\" data-id=\"d3402f8\" data-element_type=\"widget\" data-e-type=\"widget\" data-widget_type=\"text-editor.default\">\n\t\t\t\t<div class=\"elementor-widget-container\">\n\t\t\t\t\t\t\t\t\t<h2 style=\"text-align: left;\">Infos pratiques :\u00a0<\/h2><p><strong>Jeudi 13 et vendredi 14 novembre r\u00e9serv\u00e9s au public scolaire<\/strong> <img decoding=\"async\" class=\"emoji\" role=\"img\" draggable=\"false\" src=\"https:\/\/s.w.org\/images\/core\/emoji\/16.0.1\/svg\/1f468-200d-1f393.svg\" alt=\"\ud83d\udc68\u200d\ud83c\udf93\" \/><img decoding=\"async\" class=\"emoji\" role=\"img\" draggable=\"false\" src=\"https:\/\/s.w.org\/images\/core\/emoji\/16.0.1\/svg\/1f469-200d-1f393.svg\" alt=\"\ud83d\udc69\u200d\ud83c\udf93\" \/><\/p><p>(08h30-12h30 et 13h30-17h30)<\/p><p><strong>Samedi 15 et Dimanche 16 novembre ouverts \u00e0 tous, en acc\u00e8s libre et gratuit <img decoding=\"async\" class=\"emoji\" role=\"img\" draggable=\"false\" src=\"https:\/\/s.w.org\/images\/core\/emoji\/16.0.1\/svg\/1f427.svg\" alt=\"\ud83d\udc27\" \/><img decoding=\"async\" class=\"emoji\" role=\"img\" draggable=\"false\" src=\"https:\/\/s.w.org\/images\/core\/emoji\/16.0.1\/svg\/1f41b.svg\" alt=\"\ud83d\udc1b\" \/><img decoding=\"async\" class=\"emoji\" role=\"img\" draggable=\"false\" src=\"https:\/\/s.w.org\/images\/core\/emoji\/16.0.1\/svg\/1f9a9.svg\" alt=\"\ud83e\udda9\" \/><\/strong><\/p><p>(09h00-18h00)<\/p><p>Cet \u00e9v\u00e9nement, \u00e0 la fois ludique, scientifique et citoyen, invite petits et grands \u00e0 r\u00e9fl\u00e9chir \u00e0 la place de l\u2019eau et du bois dans notre quotidien et \u00e0 d\u00e9couvrir des solutions pour un avenir plus durable.<\/p><p>\ud83d\udc49 <strong>Retrouvez le programme complet du Grand Lab\u2019eau-bois sur le site de Limoges M\u00e9tropole\u00a0<\/strong><span style=\"color: #ff9900;\">\u00a0<a style=\"color: #ff9900;\" href=\"https:\/\/www.limoges-metropole.fr\/informations-transversales\/nos-evenements\/le-grand-labeau-bois-304656\">&gt;&gt; ICI<\/a><\/span><\/p>\t\t\t\t\t\t\t\t<\/div>\n\t\t\t\t<\/div>\n\t\t\t\t<\/div>\n\t\t\t\t<\/div>\n\t\t\t\t\t<\/div>\n\t\t\t\t<\/div>\n\t\t<div class=\"elementor-element elementor-element-a163ef3 e-flex e-con-boxed e-con e-parent\" data-id=\"a163ef3\" data-element_type=\"container\" data-e-type=\"container\">\n\t\t\t\t\t<div class=\"e-con-inner\">\n\t\t\t\t<div class=\"elementor-element elementor-element-7660b13 elementor-widget elementor-widget-spacer\" data-id=\"7660b13\" data-element_type=\"widget\" data-e-type=\"widget\" data-widget_type=\"spacer.default\">\n\t\t\t\t<div class=\"elementor-widget-container\">\n\t\t\t\t\t\t\t<div class=\"elementor-spacer\">\n\t\t\t<div class=\"elementor-spacer-inner\"><\/div>\n\t\t<\/div>\n\t\t\t\t\t\t<\/div>\n\t\t\t\t<\/div>\n\t\t\t\t\t<\/div>\n\t\t\t\t<\/div>\n\t\t<div class=\"elementor-element elementor-element-dac880a e-con-full e-flex e-con e-parent\" data-id=\"dac880a\" data-element_type=\"container\" data-e-type=\"container\" data-settings=\"{&quot;background_background&quot;:&quot;classic&quot;}\">\n\t\t\t\t<div class=\"elementor-element elementor-element-5f8101c3 elementor-widget elementor-widget-spacer\" data-id=\"5f8101c3\" data-element_type=\"widget\" data-e-type=\"widget\" data-widget_type=\"spacer.default\">\n\t\t\t\t<div class=\"elementor-widget-container\">\n\t\t\t\t\t\t\t<div class=\"elementor-spacer\">\n\t\t\t<div class=\"elementor-spacer-inner\"><\/div>\n\t\t<\/div>\n\t\t\t\t\t\t<\/div>\n\t\t\t\t<\/div>\n\t\t<div class=\"elementor-element elementor-element-1c8cba6c e-con-full e-flex e-con e-child\" data-id=\"1c8cba6c\" data-element_type=\"container\" data-e-type=\"container\">\n\t\t\t\t<div class=\"elementor-element elementor-element-2b028829 elementor-widget elementor-widget-heading\" data-id=\"2b028829\" data-element_type=\"widget\" data-e-type=\"widget\" data-widget_type=\"heading.default\">\n\t\t\t\t<div class=\"elementor-widget-container\">\n\t\t\t\t\t<div class=\"elementor-heading-title elementor-size-default\">CATALOGUE COMPLET DES ANIMATIONS<\/div>\t\t\t\t<\/div>\n\t\t\t\t<\/div>\n\t\t\t\t<\/div>\n\t\t\t\t<div class=\"elementor-element elementor-element-7c5d1702 elementor-invisible elementor-widget elementor-widget-button\" data-id=\"7c5d1702\" data-element_type=\"widget\" data-e-type=\"widget\" data-settings=\"{&quot;_animation&quot;:&quot;fadeInDown&quot;}\" data-widget_type=\"button.default\">\n\t\t\t\t<div class=\"elementor-widget-container\">\n\t\t\t\t\t\t\t\t\t<div class=\"elementor-button-wrapper\">\n\t\t\t\t\t<a class=\"elementor-button elementor-button-link elementor-size-sm elementor-animation-sink\" href=\"http:\/\/maisondelenergie.sehv.fr\/index.php\/ressources\/\" target=\"_blank\">\n\t\t\t\t\t\t<span class=\"elementor-button-content-wrapper\">\n\t\t\t\t\t\t<span class=\"elementor-button-icon\">\n\t\t\t\t<svg aria-hidden=\"true\" class=\"e-font-icon-svg e-fas-book-reader\" viewBox=\"0 0 512 512\" xmlns=\"http:\/\/www.w3.org\/2000\/svg\"><path d=\"M352 96c0-53.02-42.98-96-96-96s-96 42.98-96 96 42.98 96 96 96 96-42.98 96-96zM233.59 241.1c-59.33-36.32-155.43-46.3-203.79-49.05C13.55 191.13 0 203.51 0 219.14v222.8c0 14.33 11.59 26.28 26.49 27.05 43.66 2.29 131.99 10.68 193.04 41.43 9.37 4.72 20.48-1.71 20.48-11.87V252.56c-.01-4.67-2.32-8.95-6.42-11.46zm248.61-49.05c-48.35 2.74-144.46 12.73-203.78 49.05-4.1 2.51-6.41 6.96-6.41 11.63v245.79c0 10.19 11.14 16.63 20.54 11.9 61.04-30.72 149.32-39.11 192.97-41.4 14.9-.78 26.49-12.73 26.49-27.06V219.14c-.01-15.63-13.56-28.01-29.81-27.09z\"><\/path><\/svg>\t\t\t<\/span>\n\t\t\t\t\t\t\t\t\t<span class=\"elementor-button-text\">Toutes les ressources<\/span>\n\t\t\t\t\t<\/span>\n\t\t\t\t\t<\/a>\n\t\t\t\t<\/div>\n\t\t\t\t\t\t\t\t<\/div>\n\t\t\t\t<\/div>\n\t\t\t\t<div class=\"elementor-element elementor-element-15ebb3c9 elementor-widget elementor-widget-spacer\" data-id=\"15ebb3c9\" data-element_type=\"widget\" data-e-type=\"widget\" data-widget_type=\"spacer.default\">\n\t\t\t\t<div class=\"elementor-widget-container\">\n\t\t\t\t\t\t\t<div class=\"elementor-spacer\">\n\t\t\t<div class=\"elementor-spacer-inner\"><\/div>\n\t\t<\/div>\n\t\t\t\t\t\t<\/div>\n\t\t\t\t<\/div>\n\t\t\t\t<\/div>\n\t\t<div class=\"elementor-element elementor-element-066ab9c e-flex e-con-boxed e-con e-parent\" data-id=\"066ab9c\" data-element_type=\"container\" data-e-type=\"container\">\n\t\t\t\t\t<div class=\"e-con-inner\">\n\t\t\t\t<div class=\"elementor-element elementor-element-806299a elementor-widget elementor-widget-spacer\" data-id=\"806299a\" data-element_type=\"widget\" data-e-type=\"widget\" data-widget_type=\"spacer.default\">\n\t\t\t\t<div class=\"elementor-widget-container\">\n\t\t\t\t\t\t\t<div class=\"elementor-spacer\">\n\t\t\t<div class=\"elementor-spacer-inner\"><\/div>\n\t\t<\/div>\n\t\t\t\t\t\t<\/div>\n\t\t\t\t<\/div>\n\t\t\t\t\t<\/div>\n\t\t\t\t<\/div>\n\t\t\t\t<\/div>\n\t\t","protected":false},"excerpt":{"rendered":"<p>RDV au Grand Lab&rsquo;EAU-BOIS Du 13 au 16 novembre, la Maison de l\u2019\u00c9nergie du SEHV participera au Grand Lab\u2019EAU-BOIS, un \u00e9v\u00e9nement ludique et p\u00e9dagogique organis\u00e9 par Limoges M\u00e9tropole, en partenariat avec la Ville de Limoges et R\u00e9cr\u00e9asciences, au Centre de loisirs d\u2019Uzurat \u00e0 Limoges. Publi\u00e9 le 15\/09\/2025 \u00c0 cette occasion, la Maison de l\u2019\u00c9nergie proposera [&hellip;]<\/p>\n","protected":false},"author":1,"featured_media":0,"parent":0,"menu_order":0,"comment_status":"closed","ping_status":"closed","template":"","meta":{"footnotes":""},"class_list":["post-7093","page","type-page","status-publish","hentry"],"_links":{"self":[{"href":"https:\/\/maisondelenergie.sehv.fr\/index.php\/wp-json\/wp\/v2\/pages\/7093","targetHints":{"allow":["GET"]}}],"collection":[{"href":"https:\/\/maisondelenergie.sehv.fr\/index.php\/wp-json\/wp\/v2\/pages"}],"about":[{"href":"https:\/\/maisondelenergie.sehv.fr\/index.php\/wp-json\/wp\/v2\/types\/page"}],"author":[{"embeddable":true,"href":"https:\/\/maisondelenergie.sehv.fr\/index.php\/wp-json\/wp\/v2\/users\/1"}],"replies":[{"embeddable":true,"href":"https:\/\/maisondelenergie.sehv.fr\/index.php\/wp-json\/wp\/v2\/comments?post=7093"}],"version-history":[{"count":13,"href":"https:\/\/maisondelenergie.sehv.fr\/index.php\/wp-json\/wp\/v2\/pages\/7093\/revisions"}],"predecessor-version":[{"id":7167,"href":"https:\/\/maisondelenergie.sehv.fr\/index.php\/wp-json\/wp\/v2\/pages\/7093\/revisions\/7167"}],"wp:attachment":[{"href":"https:\/\/maisondelenergie.sehv.fr\/index.php\/wp-json\/wp\/v2\/media?parent=7093"}],"curies":[{"name":"wp","href":"https:\/\/api.w.org\/{rel}","templated":true}]}}