{"id":6821,"date":"2025-06-02T17:40:22","date_gmt":"2025-06-02T15:40:22","guid":{"rendered":"https:\/\/maisondelenergie.sehv.fr\/?page_id=6821"},"modified":"2025-09-01T12:41:07","modified_gmt":"2025-09-01T10:41:07","slug":"actualite-chauddevant","status":"publish","type":"page","link":"https:\/\/maisondelenergie.sehv.fr\/index.php\/actualite-chauddevant\/","title":{"rendered":"Actualit\u00e9 &#8211; Pour notre prochaine saison d\u2019animation, on vous parle de\u2026 Climat\u00a0!"},"content":{"rendered":"\t\t<div data-elementor-type=\"wp-page\" data-elementor-id=\"6821\" class=\"elementor elementor-6821\">\n\t\t\t\t<div class=\"elementor-element elementor-element-ee13279 e-flex e-con-boxed e-con e-parent\" data-id=\"ee13279\" data-element_type=\"container\" data-e-type=\"container\">\n\t\t\t\t\t<div class=\"e-con-inner\">\n\t\t\t\t<div class=\"elementor-element elementor-element-b56e654 elementor-widget-divider--view-line elementor-widget elementor-widget-divider\" data-id=\"b56e654\" data-element_type=\"widget\" data-e-type=\"widget\" data-widget_type=\"divider.default\">\n\t\t\t\t<div class=\"elementor-widget-container\">\n\t\t\t\t\t\t\t<div class=\"elementor-divider\">\n\t\t\t<span class=\"elementor-divider-separator\">\n\t\t\t\t\t\t<\/span>\n\t\t<\/div>\n\t\t\t\t\t\t<\/div>\n\t\t\t\t<\/div>\n\t\t\t\t\t<\/div>\n\t\t\t\t<\/div>\n\t\t<div class=\"elementor-element elementor-element-54997de e-flex e-con-boxed e-con e-parent\" data-id=\"54997de\" data-element_type=\"container\" data-e-type=\"container\">\n\t\t\t\t\t<div class=\"e-con-inner\">\n\t\t\t\t<div class=\"elementor-element elementor-element-1843d1a elementor-widget elementor-widget-heading\" data-id=\"1843d1a\" data-element_type=\"widget\" data-e-type=\"widget\" data-widget_type=\"heading.default\">\n\t\t\t\t<div class=\"elementor-widget-container\">\n\t\t\t\t\t<div class=\"elementor-heading-title elementor-size-default\">Pour notre prochaine saison d\u2019animation, on vous parle de\u2026 Climat !<\/div>\t\t\t\t<\/div>\n\t\t\t\t<\/div>\n\t\t\t\t<div class=\"elementor-element elementor-element-005e00d elementor-widget elementor-widget-text-editor\" data-id=\"005e00d\" data-element_type=\"widget\" data-e-type=\"widget\" data-widget_type=\"text-editor.default\">\n\t\t\t\t<div class=\"elementor-widget-container\">\n\t\t\t\t\t\t\t\t\t<h5>Intitul\u00e9 \u00ab&nbsp;Chaud devant : tout comprendre sur le Climat&nbsp;\u00bb, le projet comprend 3 volets.<\/h5>\n<p><span style=\"color: #faa21b;\">Publi\u00e9 le 02\/06\/2025<\/span><\/p>\t\t\t\t\t\t\t\t<\/div>\n\t\t\t\t<\/div>\n\t\t\t\t\t<\/div>\n\t\t\t\t<\/div>\n\t\t<div class=\"elementor-element elementor-element-75ec5e9 e-flex e-con-boxed e-con e-parent\" data-id=\"75ec5e9\" data-element_type=\"container\" data-e-type=\"container\">\n\t\t\t\t\t<div class=\"e-con-inner\">\n\t\t<div class=\"elementor-element elementor-element-71963ee e-con-full e-flex e-con e-child\" data-id=\"71963ee\" data-element_type=\"container\" data-e-type=\"container\">\n\t\t\t\t<div class=\"elementor-element elementor-element-c7ff540 elementor-widget elementor-widget-image\" data-id=\"c7ff540\" data-element_type=\"widget\" data-e-type=\"widget\" data-widget_type=\"image.default\">\n\t\t\t\t<div class=\"elementor-widget-container\">\n\t\t\t\t\t\t\t\t\t\t\t\t\t\t\t<img fetchpriority=\"high\" decoding=\"async\" width=\"300\" height=\"240\" src=\"https:\/\/maisondelenergie.sehv.fr\/wp-content\/uploads\/2025\/06\/Affiche-expo-formatMDE-light-300x240.png\" class=\"attachment-medium size-medium wp-image-6861\" alt=\"\" srcset=\"https:\/\/maisondelenergie.sehv.fr\/wp-content\/uploads\/2025\/06\/Affiche-expo-formatMDE-light-300x240.png 300w, https:\/\/maisondelenergie.sehv.fr\/wp-content\/uploads\/2025\/06\/Affiche-expo-formatMDE-light.png 500w\" sizes=\"(max-width: 300px) 100vw, 300px\" \/>\t\t\t\t\t\t\t\t\t\t\t\t\t\t\t<\/div>\n\t\t\t\t<\/div>\n\t\t\t\t<\/div>\n\t\t<div class=\"elementor-element elementor-element-e426eed e-con-full e-flex e-con e-child\" data-id=\"e426eed\" data-element_type=\"container\" data-e-type=\"container\">\n\t\t\t\t<div class=\"elementor-element elementor-element-d3402f8 elementor-widget elementor-widget-text-editor\" data-id=\"d3402f8\" data-element_type=\"widget\" data-e-type=\"widget\" data-widget_type=\"text-editor.default\">\n\t\t\t\t<div class=\"elementor-widget-container\">\n\t\t\t\t\t\t\t\t\t<p style=\"text-indent: -18.0pt; mso-list: l0 level1 lfo1;\"><!-- [if !supportLists]--><span style=\"font-family: 'Abadi',sans-serif; mso-fareast-font-family: Abadi; mso-bidi-font-family: Abadi;\">&#8211;<span style=\"font-variant-numeric: normal; font-variant-east-asian: normal; font-variant-alternates: normal; font-size-adjust: none; font-kerning: auto; font-optical-sizing: auto; font-feature-settings: normal; font-variation-settings: normal; font-variant-position: normal; font-variant-emoji: normal; font-stretch: normal; font-size: 7pt; line-height: normal; font-family: 'Times New Roman';\">\u00a0\u00a0\u00a0\u00a0\u00a0\u00a0 <\/span><\/span><!--[endif]--><span style=\"font-family: 'Segoe UI Emoji',sans-serif; mso-ascii-font-family: Abadi; mso-hansi-font-family: Abadi; mso-char-type: symbol-ext; mso-symbol-font-family: 'Segoe UI Emoji';\">\ud83c\udf24<\/span><span style=\"font-family: 'Segoe UI Emoji',sans-serif; mso-ascii-font-family: Abadi; mso-hansi-font-family: Abadi;\">\ufe0f\ud83c\udf08\ud83e\uddea\ud83d\udd2c<\/span><span style=\"font-family: 'Abadi',sans-serif;\">Un atelier scientifique interactif pour mieux comprendre l\u2019effet de serre, ce ph\u00e9nom\u00e8ne naturel indispensable \u00e0 la vie sur Terre, et son emballement sous l\u2019impact des activit\u00e9s humaines. <span style=\"color: #ff6600;\"><a style=\"color: #ff6600;\" href=\"https:\/\/maisondelenergie.sehv.fr\/index.php\/atelier-pedagogique\/\">+d&rsquo;infos : ICI<\/a><\/span><\/span><\/p><p style=\"text-indent: -18.0pt; mso-list: l0 level1 lfo1;\"><span style=\"font-family: 'Abadi',sans-serif;\">\u00a0<\/span><\/p><p style=\"text-indent: -18.0pt; mso-list: l0 level1 lfo1;\"><!-- [if !supportLists]--><span style=\"font-family: 'Abadi',sans-serif; mso-fareast-font-family: Abadi; mso-bidi-font-family: Abadi;\">&#8211;<span style=\"font-variant-numeric: normal; font-variant-east-asian: normal; font-variant-alternates: normal; font-size-adjust: none; font-kerning: auto; font-optical-sizing: auto; font-feature-settings: normal; font-variation-settings: normal; font-variant-position: normal; font-variant-emoji: normal; font-stretch: normal; font-size: 7pt; line-height: normal; font-family: 'Times New Roman';\">\u00a0\u00a0\u00a0\u00a0\u00a0\u00a0 <\/span><\/span><!--[endif]--><span style=\"font-family: 'Segoe UI Emoji',sans-serif; mso-ascii-font-family: Abadi; mso-hansi-font-family: Abadi; mso-char-type: symbol-ext; mso-symbol-font-family: 'Segoe UI Emoji';\">\ud83d\ude1d\ud83e\uddd0\ud83e\udd23\ud83d\udd8d<\/span><span style=\"font-family: 'Segoe UI Emoji',sans-serif; mso-ascii-font-family: Abadi; mso-hansi-font-family: Abadi;\">\ufe0f<\/span><span style=\"font-family: 'Abadi',sans-serif;\">\u00ab Quand l\u2019art\u2019alerte \u00bb, une exposition temporaire en partenariat avec le Centre International de la Caricature et du Dessin de Presse et d\u2019Humour de Saint-Just-le-Martel, et avec des supports de l&rsquo;ADEME et du R\u00e9seau Action Climat. Elle rassemble une s\u00e9lection de dessins de presse du duo Plop et KanKr, qui explorent avec cr\u00e9ativit\u00e9 et esprit critique les multiples facettes du changement climatique. Impact garanti ! <span style=\"color: #ff6600;\"><a style=\"color: #ff6600;\" href=\"https:\/\/maisondelenergie.sehv.fr\/index.php\/exposition-temporaire\/\">+d&rsquo;info : ICI<\/a><\/span><\/span><\/p><p style=\"text-indent: -18.0pt; mso-list: l0 level1 lfo1;\"><span style=\"font-family: 'Abadi',sans-serif;\">\u00a0<\/span><\/p><p style=\"text-indent: -18.0pt; mso-list: l0 level1 lfo1;\"><!-- [if !supportLists]--><span style=\"font-family: 'Abadi',sans-serif; mso-fareast-font-family: Abadi; mso-bidi-font-family: Abadi;\">&#8211;<span style=\"font-variant-numeric: normal; font-variant-east-asian: normal; font-variant-alternates: normal; font-size-adjust: none; font-kerning: auto; font-optical-sizing: auto; font-feature-settings: normal; font-variation-settings: normal; font-variant-position: normal; font-variant-emoji: normal; font-stretch: normal; font-size: 7pt; line-height: normal; font-family: 'Times New Roman';\">\u00a0\u00a0\u00a0\u00a0\u00a0\u00a0 <\/span><\/span><!--[endif]--><span style=\"font-family: 'Segoe UI Emoji',sans-serif; mso-ascii-font-family: Abadi; mso-hansi-font-family: Abadi; mso-char-type: symbol-ext; mso-symbol-font-family: 'Segoe UI Emoji';\">\ud83d\udd8a<\/span><span style=\"font-family: 'Segoe UI Emoji',sans-serif; mso-ascii-font-family: Abadi; mso-hansi-font-family: Abadi;\">\ufe0f\ud83d\ude36\ud83c\udfc5\ud83c\udfc6<\/span><span style=\"font-family: 'Abadi',sans-serif;\">Un concours de dessin \u00ab\u00a0Dessine-moi le climat de demain\u00a0\u00bb, ouvert aux classes, du CM1 au coll\u00e8ge. Inscriptions en ligne <span style=\"color: #ff6600;\"><a style=\"color: #ff6600;\" href=\"https:\/\/docs.google.com\/forms\/d\/e\/1FAIpQLScnfivZKPvQ-1DQHruY936HIDYhFaLN7b_Q9Ck6GqNBIy5l9g\/viewform?usp=header\">[en cliquant ICI]<\/a><\/span><\/span><\/p><p style=\"text-indent: -18.0pt; mso-list: l0 level1 lfo1;\"><span style=\"font-family: 'Abadi',sans-serif;\">\u00a0<\/span><\/p><p><span style=\"font-family: 'Abadi',sans-serif;\">Pour ce projet, LA MAISON DE L\u2019\u00c9NERGIE est laur\u00e9ate de l\u2019appel \u00e0 projet NACSTI 2025. Nous avons donc re\u00e7u un soutien financier de la R\u00e9gion Nouvelle-Aquitaine.<\/span><\/p><p><span style=\"font-family: 'Abadi',sans-serif;\">Merci aux partenaires qui nous ont permis d\u2019enrichir le projet\u00a0!\u00a0<\/span><\/p>\t\t\t\t\t\t\t\t<\/div>\n\t\t\t\t<\/div>\n\t\t\t\t<\/div>\n\t\t\t\t\t<\/div>\n\t\t\t\t<\/div>\n\t\t<div class=\"elementor-element elementor-element-84ad750 e-flex e-con-boxed e-con e-parent\" data-id=\"84ad750\" data-element_type=\"container\" data-e-type=\"container\">\n\t\t\t\t\t<div class=\"e-con-inner\">\n\t\t\t\t\t<\/div>\n\t\t\t\t<\/div>\n\t\t<div class=\"elementor-element elementor-element-a163ef3 e-flex e-con-boxed e-con e-parent\" data-id=\"a163ef3\" data-element_type=\"container\" data-e-type=\"container\">\n\t\t\t\t\t<div class=\"e-con-inner\">\n\t\t\t\t<div class=\"elementor-element elementor-element-7660b13 elementor-widget elementor-widget-spacer\" data-id=\"7660b13\" data-element_type=\"widget\" data-e-type=\"widget\" data-widget_type=\"spacer.default\">\n\t\t\t\t<div class=\"elementor-widget-container\">\n\t\t\t\t\t\t\t<div class=\"elementor-spacer\">\n\t\t\t<div class=\"elementor-spacer-inner\"><\/div>\n\t\t<\/div>\n\t\t\t\t\t\t<\/div>\n\t\t\t\t<\/div>\n\t\t\t\t\t<\/div>\n\t\t\t\t<\/div>\n\t\t<div class=\"elementor-element elementor-element-dac880a e-con-full e-flex e-con e-parent\" data-id=\"dac880a\" data-element_type=\"container\" data-e-type=\"container\" data-settings=\"{&quot;background_background&quot;:&quot;classic&quot;}\">\n\t\t\t\t<div class=\"elementor-element elementor-element-5f8101c3 elementor-widget elementor-widget-spacer\" data-id=\"5f8101c3\" data-element_type=\"widget\" data-e-type=\"widget\" data-widget_type=\"spacer.default\">\n\t\t\t\t<div class=\"elementor-widget-container\">\n\t\t\t\t\t\t\t<div class=\"elementor-spacer\">\n\t\t\t<div class=\"elementor-spacer-inner\"><\/div>\n\t\t<\/div>\n\t\t\t\t\t\t<\/div>\n\t\t\t\t<\/div>\n\t\t<div class=\"elementor-element elementor-element-1c8cba6c e-con-full e-flex e-con e-child\" data-id=\"1c8cba6c\" data-element_type=\"container\" data-e-type=\"container\">\n\t\t\t\t<div class=\"elementor-element elementor-element-2b028829 elementor-widget elementor-widget-heading\" data-id=\"2b028829\" data-element_type=\"widget\" data-e-type=\"widget\" data-widget_type=\"heading.default\">\n\t\t\t\t<div class=\"elementor-widget-container\">\n\t\t\t\t\t<div class=\"elementor-heading-title elementor-size-default\">CATALOGUE COMPLET DES ANIMATIONS<\/div>\t\t\t\t<\/div>\n\t\t\t\t<\/div>\n\t\t\t\t<\/div>\n\t\t\t\t<div class=\"elementor-element elementor-element-7c5d1702 elementor-invisible elementor-widget elementor-widget-button\" data-id=\"7c5d1702\" data-element_type=\"widget\" data-e-type=\"widget\" data-settings=\"{&quot;_animation&quot;:&quot;fadeInDown&quot;}\" data-widget_type=\"button.default\">\n\t\t\t\t<div class=\"elementor-widget-container\">\n\t\t\t\t\t\t\t\t\t<div class=\"elementor-button-wrapper\">\n\t\t\t\t\t<a class=\"elementor-button elementor-button-link elementor-size-sm elementor-animation-sink\" href=\"http:\/\/maisondelenergie.sehv.fr\/index.php\/ressources\/\" target=\"_blank\">\n\t\t\t\t\t\t<span class=\"elementor-button-content-wrapper\">\n\t\t\t\t\t\t<span class=\"elementor-button-icon\">\n\t\t\t\t<svg aria-hidden=\"true\" class=\"e-font-icon-svg e-fas-book-reader\" viewBox=\"0 0 512 512\" xmlns=\"http:\/\/www.w3.org\/2000\/svg\"><path d=\"M352 96c0-53.02-42.98-96-96-96s-96 42.98-96 96 42.98 96 96 96 96-42.98 96-96zM233.59 241.1c-59.33-36.32-155.43-46.3-203.79-49.05C13.55 191.13 0 203.51 0 219.14v222.8c0 14.33 11.59 26.28 26.49 27.05 43.66 2.29 131.99 10.68 193.04 41.43 9.37 4.72 20.48-1.71 20.48-11.87V252.56c-.01-4.67-2.32-8.95-6.42-11.46zm248.61-49.05c-48.35 2.74-144.46 12.73-203.78 49.05-4.1 2.51-6.41 6.96-6.41 11.63v245.79c0 10.19 11.14 16.63 20.54 11.9 61.04-30.72 149.32-39.11 192.97-41.4 14.9-.78 26.49-12.73 26.49-27.06V219.14c-.01-15.63-13.56-28.01-29.81-27.09z\"><\/path><\/svg>\t\t\t<\/span>\n\t\t\t\t\t\t\t\t\t<span class=\"elementor-button-text\">Toutes les ressources<\/span>\n\t\t\t\t\t<\/span>\n\t\t\t\t\t<\/a>\n\t\t\t\t<\/div>\n\t\t\t\t\t\t\t\t<\/div>\n\t\t\t\t<\/div>\n\t\t\t\t<div class=\"elementor-element elementor-element-15ebb3c9 elementor-widget elementor-widget-spacer\" data-id=\"15ebb3c9\" data-element_type=\"widget\" data-e-type=\"widget\" data-widget_type=\"spacer.default\">\n\t\t\t\t<div class=\"elementor-widget-container\">\n\t\t\t\t\t\t\t<div class=\"elementor-spacer\">\n\t\t\t<div class=\"elementor-spacer-inner\"><\/div>\n\t\t<\/div>\n\t\t\t\t\t\t<\/div>\n\t\t\t\t<\/div>\n\t\t\t\t<\/div>\n\t\t<div class=\"elementor-element elementor-element-066ab9c e-flex e-con-boxed e-con e-parent\" data-id=\"066ab9c\" data-element_type=\"container\" data-e-type=\"container\">\n\t\t\t\t\t<div class=\"e-con-inner\">\n\t\t\t\t<div class=\"elementor-element elementor-element-806299a elementor-widget elementor-widget-spacer\" data-id=\"806299a\" data-element_type=\"widget\" data-e-type=\"widget\" data-widget_type=\"spacer.default\">\n\t\t\t\t<div class=\"elementor-widget-container\">\n\t\t\t\t\t\t\t<div class=\"elementor-spacer\">\n\t\t\t<div class=\"elementor-spacer-inner\"><\/div>\n\t\t<\/div>\n\t\t\t\t\t\t<\/div>\n\t\t\t\t<\/div>\n\t\t\t\t\t<\/div>\n\t\t\t\t<\/div>\n\t\t\t\t<\/div>\n\t\t","protected":false},"excerpt":{"rendered":"<p>Pour notre prochaine saison d\u2019animation, on vous parle de\u2026 Climat ! Intitul\u00e9 \u00ab&nbsp;Chaud devant : tout comprendre sur le Climat&nbsp;\u00bb, le projet comprend 3 volets. Publi\u00e9 le 02\/06\/2025 &#8211;\u00a0\u00a0\u00a0\u00a0\u00a0\u00a0 \ud83c\udf24\ufe0f\ud83c\udf08\ud83e\uddea\ud83d\udd2cUn atelier scientifique interactif pour mieux comprendre l\u2019effet de serre, ce ph\u00e9nom\u00e8ne naturel indispensable \u00e0 la vie sur Terre, et son emballement sous l\u2019impact des activit\u00e9s [&hellip;]<\/p>\n","protected":false},"author":1,"featured_media":0,"parent":0,"menu_order":0,"comment_status":"closed","ping_status":"closed","template":"","meta":{"footnotes":""},"class_list":["post-6821","page","type-page","status-publish","hentry"],"_links":{"self":[{"href":"https:\/\/maisondelenergie.sehv.fr\/index.php\/wp-json\/wp\/v2\/pages\/6821","targetHints":{"allow":["GET"]}}],"collection":[{"href":"https:\/\/maisondelenergie.sehv.fr\/index.php\/wp-json\/wp\/v2\/pages"}],"about":[{"href":"https:\/\/maisondelenergie.sehv.fr\/index.php\/wp-json\/wp\/v2\/types\/page"}],"author":[{"embeddable":true,"href":"https:\/\/maisondelenergie.sehv.fr\/index.php\/wp-json\/wp\/v2\/users\/1"}],"replies":[{"embeddable":true,"href":"https:\/\/maisondelenergie.sehv.fr\/index.php\/wp-json\/wp\/v2\/comments?post=6821"}],"version-history":[{"count":22,"href":"https:\/\/maisondelenergie.sehv.fr\/index.php\/wp-json\/wp\/v2\/pages\/6821\/revisions"}],"predecessor-version":[{"id":7033,"href":"https:\/\/maisondelenergie.sehv.fr\/index.php\/wp-json\/wp\/v2\/pages\/6821\/revisions\/7033"}],"wp:attachment":[{"href":"https:\/\/maisondelenergie.sehv.fr\/index.php\/wp-json\/wp\/v2\/media?parent=6821"}],"curies":[{"name":"wp","href":"https:\/\/api.w.org\/{rel}","templated":true}]}}