{"id":6724,"date":"2025-03-10T14:41:14","date_gmt":"2025-03-10T13:41:14","guid":{"rendered":"https:\/\/maisondelenergie.sehv.fr\/?page_id=6724"},"modified":"2025-03-10T15:30:26","modified_gmt":"2025-03-10T14:30:26","slug":"actualite-facebook-maison-de-lenergie","status":"publish","type":"page","link":"https:\/\/maisondelenergie.sehv.fr\/index.php\/actualite-facebook-maison-de-lenergie\/","title":{"rendered":"Actualit\u00e9 &#8211; Suivez-nous sur Facebook"},"content":{"rendered":"\t\t<div data-elementor-type=\"wp-page\" data-elementor-id=\"6724\" class=\"elementor elementor-6724\">\n\t\t\t\t<div class=\"elementor-element elementor-element-ee13279 e-flex e-con-boxed e-con e-parent\" data-id=\"ee13279\" data-element_type=\"container\" data-e-type=\"container\">\n\t\t\t\t\t<div class=\"e-con-inner\">\n\t\t\t\t<div class=\"elementor-element elementor-element-b56e654 elementor-widget-divider--view-line elementor-widget elementor-widget-divider\" data-id=\"b56e654\" data-element_type=\"widget\" data-e-type=\"widget\" data-widget_type=\"divider.default\">\n\t\t\t\t<div class=\"elementor-widget-container\">\n\t\t\t\t\t\t\t<div class=\"elementor-divider\">\n\t\t\t<span class=\"elementor-divider-separator\">\n\t\t\t\t\t\t<\/span>\n\t\t<\/div>\n\t\t\t\t\t\t<\/div>\n\t\t\t\t<\/div>\n\t\t\t\t\t<\/div>\n\t\t\t\t<\/div>\n\t\t<div class=\"elementor-element elementor-element-54997de e-flex e-con-boxed e-con e-parent\" data-id=\"54997de\" data-element_type=\"container\" data-e-type=\"container\">\n\t\t\t\t\t<div class=\"e-con-inner\">\n\t\t\t\t<div class=\"elementor-element elementor-element-1843d1a elementor-widget elementor-widget-heading\" data-id=\"1843d1a\" data-element_type=\"widget\" data-e-type=\"widget\" data-widget_type=\"heading.default\">\n\t\t\t\t<div class=\"elementor-widget-container\">\n\t\t\t\t\t<div class=\"elementor-heading-title elementor-size-default\">Suivez notre actu sur Facebook<\/div>\t\t\t\t<\/div>\n\t\t\t\t<\/div>\n\t\t\t\t<div class=\"elementor-element elementor-element-005e00d elementor-widget elementor-widget-text-editor\" data-id=\"005e00d\" data-element_type=\"widget\" data-e-type=\"widget\" data-widget_type=\"text-editor.default\">\n\t\t\t\t<div class=\"elementor-widget-container\">\n\t\t\t\t\t\t\t\t\t<h5>Vous pouvez suivre nos infos sur la Page Facebook \u00ab\u00a0LA MAISON DE L&rsquo;\u00c9NERGIE\u00a0\u00bb.<\/h5><p><span style=\"color: #faa21b;\">Publi\u00e9 le 10\/03\/2025<\/span><\/p>\t\t\t\t\t\t\t\t<\/div>\n\t\t\t\t<\/div>\n\t\t\t\t\t<\/div>\n\t\t\t\t<\/div>\n\t\t<div class=\"elementor-element elementor-element-75ec5e9 e-flex e-con-boxed e-con e-parent\" data-id=\"75ec5e9\" data-element_type=\"container\" data-e-type=\"container\">\n\t\t\t\t\t<div class=\"e-con-inner\">\n\t\t<div class=\"elementor-element elementor-element-71963ee e-con-full e-flex e-con e-child\" data-id=\"71963ee\" data-element_type=\"container\" data-e-type=\"container\">\n\t\t\t\t<div class=\"elementor-element elementor-element-c7ff540 elementor-widget elementor-widget-image\" data-id=\"c7ff540\" data-element_type=\"widget\" data-e-type=\"widget\" data-widget_type=\"image.default\">\n\t\t\t\t<div class=\"elementor-widget-container\">\n\t\t\t\t\t\t\t\t\t\t\t\t\t\t\t<img fetchpriority=\"high\" decoding=\"async\" width=\"300\" height=\"240\" src=\"https:\/\/maisondelenergie.sehv.fr\/wp-content\/uploads\/2025\/03\/Facebook-MDE-SEHV-300x240.jpg\" class=\"attachment-medium size-medium wp-image-6755\" alt=\"\" srcset=\"https:\/\/maisondelenergie.sehv.fr\/wp-content\/uploads\/2025\/03\/Facebook-MDE-SEHV-300x240.jpg 300w, https:\/\/maisondelenergie.sehv.fr\/wp-content\/uploads\/2025\/03\/Facebook-MDE-SEHV-768x614.jpg 768w, https:\/\/maisondelenergie.sehv.fr\/wp-content\/uploads\/2025\/03\/Facebook-MDE-SEHV.jpg 1000w\" sizes=\"(max-width: 300px) 100vw, 300px\" \/>\t\t\t\t\t\t\t\t\t\t\t\t\t\t\t<\/div>\n\t\t\t\t<\/div>\n\t\t\t\t<\/div>\n\t\t<div class=\"elementor-element elementor-element-e426eed e-con-full e-flex e-con e-child\" data-id=\"e426eed\" data-element_type=\"container\" data-e-type=\"container\">\n\t\t\t\t<div class=\"elementor-element elementor-element-d3402f8 elementor-widget elementor-widget-text-editor\" data-id=\"d3402f8\" data-element_type=\"widget\" data-e-type=\"widget\" data-widget_type=\"text-editor.default\">\n\t\t\t\t<div class=\"elementor-widget-container\">\n\t\t\t\t\t\t\t\t\t<p><strong>Retrouvez toutes les actualit\u00e9s des animations de la Maison de l&rsquo;\u00c9nergie sur notre Page Facebook :<\/strong><\/p><p><a style=\"font-family: var( --e-global-typography-d1e92d8-font-family ), arial; font-size: var( --e-global-typography-d1e92d8-font-size ); font-weight: var( --e-global-typography-d1e92d8-font-weight ); letter-spacing: var( --e-global-typography-d1e92d8-letter-spacing ); word-spacing: var( --e-global-typography-d1e92d8-word-spacing ); text-align: var(--text-align); background-color: #fffefd; color: #ff9900;\" href=\"https:\/\/www.facebook.com\/profile.php?id=61559126519414\">https:\/\/www.facebook.com\/profile.php?id=61559126519414<\/a><\/p><p>\u00a0<\/p><p>N&rsquo;h\u00e9sitez pas \u00e0 suivre la Page !<\/p><p>\u00a0<\/p><p>Destin\u00e9e au public scolaire et surtout aux professionnels de l\u2019\u00e9ducation nationale, aux parents d\u2019\u00e9l\u00e8ves, et aux partenaires, la Page a pour objectif de relayer l\u2019activit\u00e9 de La Maison de l\u2019\u00e9nergie, et \u00e0 sensibiliser autour du th\u00e8me de l\u2019\u00e9nergie et du changement climatique.<\/p><p>\u00a0<\/p><p>Vous y retrouverez : des \u00e9v\u00e9nements se d\u00e9roulant dans nos locaux, des supports p\u00e9dagogiques, la participation de l\u2019\u00e9quipe p\u00e9dagogique \u00e0 un \u00e9v\u00e9nement ext\u00e9rieur, des infos pratiques pour favoriser l\u2019acc\u00e8s \u00e0 La Maison de l\u2019\u00e9nergie. Mais aussi des posts en lien avec l\u2019animation et la sensibilisation du grand public \u00e0 l\u2019\u00e9nergie et au changement climatique, au niveau international, national ou local.<\/p>\t\t\t\t\t\t\t\t<\/div>\n\t\t\t\t<\/div>\n\t\t\t\t<\/div>\n\t\t\t\t\t<\/div>\n\t\t\t\t<\/div>\n\t\t<div class=\"elementor-element elementor-element-84ad750 e-flex e-con-boxed e-con e-parent\" data-id=\"84ad750\" data-element_type=\"container\" data-e-type=\"container\">\n\t\t\t\t\t<div class=\"e-con-inner\">\n\t\t\t\t\t<\/div>\n\t\t\t\t<\/div>\n\t\t<div class=\"elementor-element elementor-element-a163ef3 e-flex e-con-boxed e-con e-parent\" data-id=\"a163ef3\" data-element_type=\"container\" data-e-type=\"container\">\n\t\t\t\t\t<div class=\"e-con-inner\">\n\t\t\t\t<div class=\"elementor-element elementor-element-7660b13 elementor-widget elementor-widget-spacer\" data-id=\"7660b13\" data-element_type=\"widget\" data-e-type=\"widget\" data-widget_type=\"spacer.default\">\n\t\t\t\t<div class=\"elementor-widget-container\">\n\t\t\t\t\t\t\t<div class=\"elementor-spacer\">\n\t\t\t<div class=\"elementor-spacer-inner\"><\/div>\n\t\t<\/div>\n\t\t\t\t\t\t<\/div>\n\t\t\t\t<\/div>\n\t\t\t\t\t<\/div>\n\t\t\t\t<\/div>\n\t\t<div class=\"elementor-element elementor-element-dac880a e-con-full e-flex e-con e-parent\" data-id=\"dac880a\" data-element_type=\"container\" data-e-type=\"container\" data-settings=\"{&quot;background_background&quot;:&quot;classic&quot;}\">\n\t\t\t\t<div class=\"elementor-element elementor-element-5f8101c3 elementor-widget elementor-widget-spacer\" data-id=\"5f8101c3\" data-element_type=\"widget\" data-e-type=\"widget\" data-widget_type=\"spacer.default\">\n\t\t\t\t<div class=\"elementor-widget-container\">\n\t\t\t\t\t\t\t<div class=\"elementor-spacer\">\n\t\t\t<div class=\"elementor-spacer-inner\"><\/div>\n\t\t<\/div>\n\t\t\t\t\t\t<\/div>\n\t\t\t\t<\/div>\n\t\t<div class=\"elementor-element elementor-element-1c8cba6c e-con-full e-flex e-con e-child\" data-id=\"1c8cba6c\" data-element_type=\"container\" data-e-type=\"container\">\n\t\t\t\t<div class=\"elementor-element elementor-element-2b028829 elementor-widget elementor-widget-heading\" data-id=\"2b028829\" data-element_type=\"widget\" data-e-type=\"widget\" data-widget_type=\"heading.default\">\n\t\t\t\t<div class=\"elementor-widget-container\">\n\t\t\t\t\t<div class=\"elementor-heading-title elementor-size-default\">CATALOGUE COMPLET DES ANIMATIONS<\/div>\t\t\t\t<\/div>\n\t\t\t\t<\/div>\n\t\t\t\t<\/div>\n\t\t\t\t<div class=\"elementor-element elementor-element-7c5d1702 elementor-invisible elementor-widget elementor-widget-button\" data-id=\"7c5d1702\" data-element_type=\"widget\" data-e-type=\"widget\" data-settings=\"{&quot;_animation&quot;:&quot;fadeInDown&quot;}\" data-widget_type=\"button.default\">\n\t\t\t\t<div class=\"elementor-widget-container\">\n\t\t\t\t\t\t\t\t\t<div class=\"elementor-button-wrapper\">\n\t\t\t\t\t<a class=\"elementor-button elementor-button-link elementor-size-sm elementor-animation-sink\" href=\"http:\/\/maisondelenergie.sehv.fr\/index.php\/ressources\/\" target=\"_blank\">\n\t\t\t\t\t\t<span class=\"elementor-button-content-wrapper\">\n\t\t\t\t\t\t<span class=\"elementor-button-icon\">\n\t\t\t\t<svg aria-hidden=\"true\" class=\"e-font-icon-svg e-fas-book-reader\" viewBox=\"0 0 512 512\" xmlns=\"http:\/\/www.w3.org\/2000\/svg\"><path d=\"M352 96c0-53.02-42.98-96-96-96s-96 42.98-96 96 42.98 96 96 96 96-42.98 96-96zM233.59 241.1c-59.33-36.32-155.43-46.3-203.79-49.05C13.55 191.13 0 203.51 0 219.14v222.8c0 14.33 11.59 26.28 26.49 27.05 43.66 2.29 131.99 10.68 193.04 41.43 9.37 4.72 20.48-1.71 20.48-11.87V252.56c-.01-4.67-2.32-8.95-6.42-11.46zm248.61-49.05c-48.35 2.74-144.46 12.73-203.78 49.05-4.1 2.51-6.41 6.96-6.41 11.63v245.79c0 10.19 11.14 16.63 20.54 11.9 61.04-30.72 149.32-39.11 192.97-41.4 14.9-.78 26.49-12.73 26.49-27.06V219.14c-.01-15.63-13.56-28.01-29.81-27.09z\"><\/path><\/svg>\t\t\t<\/span>\n\t\t\t\t\t\t\t\t\t<span class=\"elementor-button-text\">Toutes les ressources<\/span>\n\t\t\t\t\t<\/span>\n\t\t\t\t\t<\/a>\n\t\t\t\t<\/div>\n\t\t\t\t\t\t\t\t<\/div>\n\t\t\t\t<\/div>\n\t\t\t\t<div class=\"elementor-element elementor-element-15ebb3c9 elementor-widget elementor-widget-spacer\" data-id=\"15ebb3c9\" data-element_type=\"widget\" data-e-type=\"widget\" data-widget_type=\"spacer.default\">\n\t\t\t\t<div class=\"elementor-widget-container\">\n\t\t\t\t\t\t\t<div class=\"elementor-spacer\">\n\t\t\t<div class=\"elementor-spacer-inner\"><\/div>\n\t\t<\/div>\n\t\t\t\t\t\t<\/div>\n\t\t\t\t<\/div>\n\t\t\t\t<\/div>\n\t\t<div class=\"elementor-element elementor-element-066ab9c e-flex e-con-boxed e-con e-parent\" data-id=\"066ab9c\" data-element_type=\"container\" data-e-type=\"container\">\n\t\t\t\t\t<div class=\"e-con-inner\">\n\t\t\t\t<div class=\"elementor-element elementor-element-806299a elementor-widget elementor-widget-spacer\" data-id=\"806299a\" data-element_type=\"widget\" data-e-type=\"widget\" data-widget_type=\"spacer.default\">\n\t\t\t\t<div class=\"elementor-widget-container\">\n\t\t\t\t\t\t\t<div class=\"elementor-spacer\">\n\t\t\t<div class=\"elementor-spacer-inner\"><\/div>\n\t\t<\/div>\n\t\t\t\t\t\t<\/div>\n\t\t\t\t<\/div>\n\t\t\t\t\t<\/div>\n\t\t\t\t<\/div>\n\t\t\t\t<\/div>\n\t\t","protected":false},"excerpt":{"rendered":"<p>Suivez notre actu sur Facebook Vous pouvez suivre nos infos sur la Page Facebook \u00ab\u00a0LA MAISON DE L&rsquo;\u00c9NERGIE\u00a0\u00bb. Publi\u00e9 le 10\/03\/2025 Retrouvez toutes les actualit\u00e9s des animations de la Maison de l&rsquo;\u00c9nergie sur notre Page Facebook : https:\/\/www.facebook.com\/profile.php?id=61559126519414 \u00a0 N&rsquo;h\u00e9sitez pas \u00e0 suivre la Page ! \u00a0 Destin\u00e9e au public scolaire et surtout aux professionnels [&hellip;]<\/p>\n","protected":false},"author":1,"featured_media":0,"parent":0,"menu_order":0,"comment_status":"closed","ping_status":"closed","template":"","meta":{"footnotes":""},"class_list":["post-6724","page","type-page","status-publish","hentry"],"_links":{"self":[{"href":"https:\/\/maisondelenergie.sehv.fr\/index.php\/wp-json\/wp\/v2\/pages\/6724","targetHints":{"allow":["GET"]}}],"collection":[{"href":"https:\/\/maisondelenergie.sehv.fr\/index.php\/wp-json\/wp\/v2\/pages"}],"about":[{"href":"https:\/\/maisondelenergie.sehv.fr\/index.php\/wp-json\/wp\/v2\/types\/page"}],"author":[{"embeddable":true,"href":"https:\/\/maisondelenergie.sehv.fr\/index.php\/wp-json\/wp\/v2\/users\/1"}],"replies":[{"embeddable":true,"href":"https:\/\/maisondelenergie.sehv.fr\/index.php\/wp-json\/wp\/v2\/comments?post=6724"}],"version-history":[{"count":25,"href":"https:\/\/maisondelenergie.sehv.fr\/index.php\/wp-json\/wp\/v2\/pages\/6724\/revisions"}],"predecessor-version":[{"id":6761,"href":"https:\/\/maisondelenergie.sehv.fr\/index.php\/wp-json\/wp\/v2\/pages\/6724\/revisions\/6761"}],"wp:attachment":[{"href":"https:\/\/maisondelenergie.sehv.fr\/index.php\/wp-json\/wp\/v2\/media?parent=6724"}],"curies":[{"name":"wp","href":"https:\/\/api.w.org\/{rel}","templated":true}]}}