{"id":6690,"date":"2025-01-14T16:22:46","date_gmt":"2025-01-14T15:22:46","guid":{"rendered":"https:\/\/maisondelenergie.sehv.fr\/?page_id=6690"},"modified":"2025-03-11T15:17:48","modified_gmt":"2025-03-11T14:17:48","slug":"actualite-la-maison-de-lenergie-produit-de-lelectricite-renouvelable","status":"publish","type":"page","link":"https:\/\/maisondelenergie.sehv.fr\/index.php\/actualite-la-maison-de-lenergie-produit-de-lelectricite-renouvelable\/","title":{"rendered":"Actualit\u00e9 &#8211; LA MAISON DE L&rsquo;\u00c9NERGIE produit de l&rsquo;\u00e9lectricit\u00e9 renouvelable"},"content":{"rendered":"\t\t<div data-elementor-type=\"wp-page\" data-elementor-id=\"6690\" class=\"elementor elementor-6690\">\n\t\t\t\t<div class=\"elementor-element elementor-element-ee13279 e-flex e-con-boxed e-con e-parent\" data-id=\"ee13279\" data-element_type=\"container\" data-e-type=\"container\">\n\t\t\t\t\t<div class=\"e-con-inner\">\n\t\t\t\t<div class=\"elementor-element elementor-element-b56e654 elementor-widget-divider--view-line elementor-widget elementor-widget-divider\" data-id=\"b56e654\" data-element_type=\"widget\" data-e-type=\"widget\" data-widget_type=\"divider.default\">\n\t\t\t\t<div class=\"elementor-widget-container\">\n\t\t\t\t\t\t\t<div class=\"elementor-divider\">\n\t\t\t<span class=\"elementor-divider-separator\">\n\t\t\t\t\t\t<\/span>\n\t\t<\/div>\n\t\t\t\t\t\t<\/div>\n\t\t\t\t<\/div>\n\t\t\t\t\t<\/div>\n\t\t\t\t<\/div>\n\t\t<div class=\"elementor-element elementor-element-54997de e-flex e-con-boxed e-con e-parent\" data-id=\"54997de\" data-element_type=\"container\" data-e-type=\"container\">\n\t\t\t\t\t<div class=\"e-con-inner\">\n\t\t\t\t<div class=\"elementor-element elementor-element-1843d1a elementor-widget elementor-widget-heading\" data-id=\"1843d1a\" data-element_type=\"widget\" data-e-type=\"widget\" data-widget_type=\"heading.default\">\n\t\t\t\t<div class=\"elementor-widget-container\">\n\t\t\t\t\t<div class=\"elementor-heading-title elementor-size-default\">LA MAISON DE L'\u00c9NERGIE produit de l'\u00e9lectricit\u00e9 renouvelable<\/div>\t\t\t\t<\/div>\n\t\t\t\t<\/div>\n\t\t\t\t<div class=\"elementor-element elementor-element-005e00d elementor-widget elementor-widget-text-editor\" data-id=\"005e00d\" data-element_type=\"widget\" data-e-type=\"widget\" data-widget_type=\"text-editor.default\">\n\t\t\t\t<div class=\"elementor-widget-container\">\n\t\t\t\t\t\t\t\t\t<h5>Les panneaux solaires photovolta\u00efques install\u00e9s sur le toit de La Maison de l&rsquo;\u00c9nergie sont en fonctionnement.<\/h5><p><span style=\"color: #faa21b;\">Publi\u00e9 le 21\/12\/2024<\/span><\/p>\t\t\t\t\t\t\t\t<\/div>\n\t\t\t\t<\/div>\n\t\t\t\t\t<\/div>\n\t\t\t\t<\/div>\n\t\t<div class=\"elementor-element elementor-element-75ec5e9 e-flex e-con-boxed e-con e-parent\" data-id=\"75ec5e9\" data-element_type=\"container\" data-e-type=\"container\">\n\t\t\t\t\t<div class=\"e-con-inner\">\n\t\t<div class=\"elementor-element elementor-element-ec0e56d e-con-full e-flex e-con e-child\" data-id=\"ec0e56d\" data-element_type=\"container\" data-e-type=\"container\">\n\t\t\t\t<div class=\"elementor-element elementor-element-13c05e8 elementor-widget elementor-widget-text-editor\" data-id=\"13c05e8\" data-element_type=\"widget\" data-e-type=\"widget\" data-widget_type=\"text-editor.default\">\n\t\t\t\t<div class=\"elementor-widget-container\">\n\t\t\t\t\t\t\t\t\t<p style=\"text-align: center;\">Toiture Sud de LA MAISON DE L&rsquo;\u00c9NERGIE<\/p>\t\t\t\t\t\t\t\t<\/div>\n\t\t\t\t<\/div>\n\t\t\t\t<div class=\"elementor-element elementor-element-2ee418c elementor-widget elementor-widget-image\" data-id=\"2ee418c\" data-element_type=\"widget\" data-e-type=\"widget\" data-widget_type=\"image.default\">\n\t\t\t\t<div class=\"elementor-widget-container\">\n\t\t\t\t\t\t\t\t\t\t\t\t\t\t\t<img fetchpriority=\"high\" decoding=\"async\" width=\"400\" height=\"320\" src=\"https:\/\/maisondelenergie.sehv.fr\/wp-content\/uploads\/2025\/01\/PV-ToitureMDE-1.jpg\" class=\"attachment-large size-large wp-image-6702\" alt=\"\" srcset=\"https:\/\/maisondelenergie.sehv.fr\/wp-content\/uploads\/2025\/01\/PV-ToitureMDE-1.jpg 400w, https:\/\/maisondelenergie.sehv.fr\/wp-content\/uploads\/2025\/01\/PV-ToitureMDE-1-300x240.jpg 300w\" sizes=\"(max-width: 400px) 100vw, 400px\" \/>\t\t\t\t\t\t\t\t\t\t\t\t\t\t\t<\/div>\n\t\t\t\t<\/div>\n\t\t\t\t<\/div>\n\t\t<div class=\"elementor-element elementor-element-71963ee e-con-full e-flex e-con e-child\" data-id=\"71963ee\" data-element_type=\"container\" data-e-type=\"container\">\n\t\t\t\t<div class=\"elementor-element elementor-element-eb45431 elementor-widget elementor-widget-image\" data-id=\"eb45431\" data-element_type=\"widget\" data-e-type=\"widget\" data-widget_type=\"image.default\">\n\t\t\t\t<div class=\"elementor-widget-container\">\n\t\t\t\t\t\t\t\t\t\t\t\t\t\t\t<img decoding=\"async\" width=\"400\" height=\"320\" src=\"https:\/\/maisondelenergie.sehv.fr\/wp-content\/uploads\/2025\/01\/PV-ToitureMDE-2.jpg\" class=\"attachment-large size-large wp-image-6686\" alt=\"\" srcset=\"https:\/\/maisondelenergie.sehv.fr\/wp-content\/uploads\/2025\/01\/PV-ToitureMDE-2.jpg 400w, https:\/\/maisondelenergie.sehv.fr\/wp-content\/uploads\/2025\/01\/PV-ToitureMDE-2-300x240.jpg 300w\" sizes=\"(max-width: 400px) 100vw, 400px\" \/>\t\t\t\t\t\t\t\t\t\t\t\t\t\t\t<\/div>\n\t\t\t\t<\/div>\n\t\t\t\t<\/div>\n\t\t<div class=\"elementor-element elementor-element-e426eed e-con-full e-flex e-con e-child\" data-id=\"e426eed\" data-element_type=\"container\" data-e-type=\"container\">\n\t\t\t\t<div class=\"elementor-element elementor-element-b670863 elementor-widget elementor-widget-text-editor\" data-id=\"b670863\" data-element_type=\"widget\" data-e-type=\"widget\" data-widget_type=\"text-editor.default\">\n\t\t\t\t<div class=\"elementor-widget-container\">\n\t\t\t\t\t\t\t\t\t<p style=\"text-align: center;\">Toiture Nord de LA MAISON DE L&rsquo;\u00c9NERGIE<\/p>\t\t\t\t\t\t\t\t<\/div>\n\t\t\t\t<\/div>\n\t\t\t\t<div class=\"elementor-element elementor-element-6d666dd elementor-widget elementor-widget-image\" data-id=\"6d666dd\" data-element_type=\"widget\" data-e-type=\"widget\" data-widget_type=\"image.default\">\n\t\t\t\t<div class=\"elementor-widget-container\">\n\t\t\t\t\t\t\t\t\t\t\t\t\t\t\t<img decoding=\"async\" width=\"400\" height=\"320\" src=\"https:\/\/maisondelenergie.sehv.fr\/wp-content\/uploads\/2025\/01\/PV-ToitureMDE-3.jpg\" class=\"attachment-large size-large wp-image-6691\" alt=\"\" srcset=\"https:\/\/maisondelenergie.sehv.fr\/wp-content\/uploads\/2025\/01\/PV-ToitureMDE-3.jpg 400w, https:\/\/maisondelenergie.sehv.fr\/wp-content\/uploads\/2025\/01\/PV-ToitureMDE-3-300x240.jpg 300w\" sizes=\"(max-width: 400px) 100vw, 400px\" \/>\t\t\t\t\t\t\t\t\t\t\t\t\t\t\t<\/div>\n\t\t\t\t<\/div>\n\t\t\t\t<\/div>\n\t\t<div class=\"elementor-element elementor-element-770c951 e-con-full e-flex e-con e-child\" data-id=\"770c951\" data-element_type=\"container\" data-e-type=\"container\">\n\t\t\t\t<div class=\"elementor-element elementor-element-16ba1a3 elementor-widget elementor-widget-image\" data-id=\"16ba1a3\" data-element_type=\"widget\" data-e-type=\"widget\" data-widget_type=\"image.default\">\n\t\t\t\t<div class=\"elementor-widget-container\">\n\t\t\t\t\t\t\t\t\t\t\t\t\t\t\t<img loading=\"lazy\" decoding=\"async\" width=\"400\" height=\"320\" src=\"https:\/\/maisondelenergie.sehv.fr\/wp-content\/uploads\/2025\/01\/PV-ToitureMDE-4.jpg\" class=\"attachment-large size-large wp-image-6692\" alt=\"\" srcset=\"https:\/\/maisondelenergie.sehv.fr\/wp-content\/uploads\/2025\/01\/PV-ToitureMDE-4.jpg 400w, https:\/\/maisondelenergie.sehv.fr\/wp-content\/uploads\/2025\/01\/PV-ToitureMDE-4-300x240.jpg 300w\" sizes=\"(max-width: 400px) 100vw, 400px\" \/>\t\t\t\t\t\t\t\t\t\t\t\t\t\t\t<\/div>\n\t\t\t\t<\/div>\n\t\t\t\t<\/div>\n\t\t\t\t\t<\/div>\n\t\t\t\t<\/div>\n\t\t<div class=\"elementor-element elementor-element-84ad750 e-flex e-con-boxed e-con e-parent\" data-id=\"84ad750\" data-element_type=\"container\" data-e-type=\"container\">\n\t\t\t\t\t<div class=\"e-con-inner\">\n\t\t\t\t<div class=\"elementor-element elementor-element-d3402f8 elementor-widget elementor-widget-text-editor\" data-id=\"d3402f8\" data-element_type=\"widget\" data-e-type=\"widget\" data-widget_type=\"text-editor.default\">\n\t\t\t\t<div class=\"elementor-widget-container\">\n\t\t\t\t\t\t\t\t\t<p>L\u2019objectif de LA MAISON DE L\u2019\u00c9NERGIE \u00e9tant de cr\u00e9er un \u00e9quipement de sensibilisation aux enjeux \u00e9nerg\u00e9tiques et climatiques, le b\u00e2timent lui-m\u00eame participe au projet et sert de support p\u00e9dagogique. D\u2019o\u00f9 l\u2019attention particuli\u00e8re port\u00e9e aux impacts environnementaux de la structure, lors de sa construction, et pour son fonctionnement.<\/p><p>\u00a0<\/p><p>C\u2019est dans ce cadre que le b\u00e2timent a \u00e9t\u00e9 \u00e9quip\u00e9 de 84 modules solaires\u00a0photovolta\u00efques en autoconsommation\u00a0<span style=\"font-family: var( --e-global-typography-d1e92d8-font-family ), arial; font-size: var( --e-global-typography-d1e92d8-font-size ); font-weight: var( --e-global-typography-d1e92d8-font-weight ); letter-spacing: var( --e-global-typography-d1e92d8-letter-spacing ); word-spacing: var( --e-global-typography-d1e92d8-word-spacing ); text-align: var(--text-align);\">\u00a0<\/span><span style=\"font-family: var( --e-global-typography-d1e92d8-font-family ), arial; font-size: var( --e-global-typography-d1e92d8-font-size ); font-weight: var( --e-global-typography-d1e92d8-font-weight ); letter-spacing: var( --e-global-typography-d1e92d8-letter-spacing ); word-spacing: var( --e-global-typography-d1e92d8-word-spacing ); text-align: var(--text-align);\">d\u2019une puissance cr\u00eate de 35,7 kW<\/span><span style=\"font-family: var( --e-global-typography-d1e92d8-font-family ), arial; font-size: var( --e-global-typography-d1e92d8-font-size ); font-weight: var( --e-global-typography-d1e92d8-font-weight ); letter-spacing: var( --e-global-typography-d1e92d8-letter-spacing ); word-spacing: var( --e-global-typography-d1e92d8-word-spacing ); text-align: var(--text-align);\">.\u00a0<\/span><span style=\"font-family: var( --e-global-typography-d1e92d8-font-family ), arial; font-size: var( --e-global-typography-d1e92d8-font-size ); font-weight: var( --e-global-typography-d1e92d8-font-weight ); letter-spacing: var( --e-global-typography-d1e92d8-letter-spacing ); word-spacing: var( --e-global-typography-d1e92d8-word-spacing ); text-align: var(--text-align);\">44 modules recouvrent le pan Sud de la toiture<\/span><span style=\"font-family: var( --e-global-typography-d1e92d8-font-family ), arial; font-size: var( --e-global-typography-d1e92d8-font-size ); font-weight: var( --e-global-typography-d1e92d8-font-weight ); letter-spacing: var( --e-global-typography-d1e92d8-letter-spacing ); word-spacing: var( --e-global-typography-d1e92d8-word-spacing ); text-align: var(--text-align);\">, et 40\u00a0 sont install\u00e9s sur une partie de la toiture Nord.<\/span><\/p><p>\u00a0<\/p><p>Cette petite centrale photovolta\u00efque\u00a0<span style=\"font-family: var( --e-global-typography-d1e92d8-font-family ), arial; font-size: var( --e-global-typography-d1e92d8-font-size ); font-weight: var( --e-global-typography-d1e92d8-font-weight ); letter-spacing: var( --e-global-typography-d1e92d8-letter-spacing ); word-spacing: var( --e-global-typography-d1e92d8-word-spacing ); text-align: var(--text-align);\">d&rsquo;environ 168 m<\/span><span style=\"font-family: var( --e-global-typography-d1e92d8-font-family ), arial; font-weight: var( --e-global-typography-d1e92d8-font-weight ); letter-spacing: var( --e-global-typography-d1e92d8-letter-spacing ); word-spacing: var( --e-global-typography-d1e92d8-word-spacing ); text-align: var(--text-align); font-size: 12px; line-height: 0; position: relative; vertical-align: baseline; top: -0.5em;\">2\u00a0<\/span><span style=\"font-family: var( --e-global-typography-d1e92d8-font-family ), arial; font-size: var( --e-global-typography-d1e92d8-font-size ); font-weight: var( --e-global-typography-d1e92d8-font-weight ); letter-spacing: var( --e-global-typography-d1e92d8-letter-spacing ); word-spacing: var( --e-global-typography-d1e92d8-word-spacing ); text-align: var(--text-align);\">devrait produire environ 42 500 kWh par an, soit plus de 75% des besoins en \u00e9lectricit\u00e9 de la Maison de l\u2019\u00e9nergie et du si\u00e8ge du SEHV (hors chauffage et mobilit\u00e9).<\/span><\/p><p>\u00a0<\/p><p>En octobre 2024, le Comit\u00e9 syndical a d\u00e9lib\u00e9r\u00e9 pour approuver la convention avec la SEML \u00c9lina pour la mise \u00e0 disposition d\u2019une centrale photovolta\u00efque aux fins d\u2019autoconsommation individuelle sur le site de la Maison de l\u2019\u00e9nergie, son exploitation technique et la maintenance de cette installation.\u00a0Cette convention est conclue pour une dur\u00e9e de vingt ans \u00e0 compter de la mise en service des panneaux.<\/p>\t\t\t\t\t\t\t\t<\/div>\n\t\t\t\t<\/div>\n\t\t\t\t\t<\/div>\n\t\t\t\t<\/div>\n\t\t<div class=\"elementor-element elementor-element-a163ef3 e-flex e-con-boxed e-con e-parent\" data-id=\"a163ef3\" data-element_type=\"container\" data-e-type=\"container\">\n\t\t\t\t\t<div class=\"e-con-inner\">\n\t\t\t\t<div class=\"elementor-element elementor-element-7660b13 elementor-widget elementor-widget-spacer\" data-id=\"7660b13\" data-element_type=\"widget\" data-e-type=\"widget\" data-widget_type=\"spacer.default\">\n\t\t\t\t<div class=\"elementor-widget-container\">\n\t\t\t\t\t\t\t<div class=\"elementor-spacer\">\n\t\t\t<div class=\"elementor-spacer-inner\"><\/div>\n\t\t<\/div>\n\t\t\t\t\t\t<\/div>\n\t\t\t\t<\/div>\n\t\t\t\t\t<\/div>\n\t\t\t\t<\/div>\n\t\t<div class=\"elementor-element elementor-element-dac880a e-con-full e-flex e-con e-parent\" data-id=\"dac880a\" data-element_type=\"container\" data-e-type=\"container\" data-settings=\"{&quot;background_background&quot;:&quot;classic&quot;}\">\n\t\t\t\t<div class=\"elementor-element elementor-element-5f8101c3 elementor-widget elementor-widget-spacer\" data-id=\"5f8101c3\" data-element_type=\"widget\" data-e-type=\"widget\" data-widget_type=\"spacer.default\">\n\t\t\t\t<div class=\"elementor-widget-container\">\n\t\t\t\t\t\t\t<div class=\"elementor-spacer\">\n\t\t\t<div class=\"elementor-spacer-inner\"><\/div>\n\t\t<\/div>\n\t\t\t\t\t\t<\/div>\n\t\t\t\t<\/div>\n\t\t<div class=\"elementor-element elementor-element-1c8cba6c e-con-full e-flex e-con e-child\" data-id=\"1c8cba6c\" data-element_type=\"container\" data-e-type=\"container\">\n\t\t\t\t<div class=\"elementor-element elementor-element-2b028829 elementor-widget elementor-widget-heading\" data-id=\"2b028829\" data-element_type=\"widget\" data-e-type=\"widget\" data-widget_type=\"heading.default\">\n\t\t\t\t<div class=\"elementor-widget-container\">\n\t\t\t\t\t<div class=\"elementor-heading-title elementor-size-default\">LA MAISON DE L'\u00c9NERGIE : UN B\u00c2TIMENT DURABLE<\/div>\t\t\t\t<\/div>\n\t\t\t\t<\/div>\n\t\t\t\t<\/div>\n\t\t\t\t<div class=\"elementor-element elementor-element-7c5d1702 elementor-invisible elementor-widget elementor-widget-button\" data-id=\"7c5d1702\" data-element_type=\"widget\" data-e-type=\"widget\" data-settings=\"{&quot;_animation&quot;:&quot;fadeInDown&quot;}\" data-widget_type=\"button.default\">\n\t\t\t\t<div class=\"elementor-widget-container\">\n\t\t\t\t\t\t\t\t\t<div class=\"elementor-button-wrapper\">\n\t\t\t\t\t<a class=\"elementor-button elementor-button-link elementor-size-sm elementor-animation-sink\" href=\"https:\/\/maisondelenergie.sehv.fr\/index.php\/batiment-la-maison-de-lenergie\/\" target=\"_blank\">\n\t\t\t\t\t\t<span class=\"elementor-button-content-wrapper\">\n\t\t\t\t\t\t<span class=\"elementor-button-icon\">\n\t\t\t\t<svg aria-hidden=\"true\" class=\"e-font-icon-svg e-fas-house-user\" viewBox=\"0 0 576 512\" xmlns=\"http:\/\/www.w3.org\/2000\/svg\"><path d=\"M570.69,236.27,512,184.44V48a16,16,0,0,0-16-16H432a16,16,0,0,0-16,16V99.67L314.78,10.3C308.5,4.61,296.53,0,288,0s-20.46,4.61-26.74,10.3l-256,226A18.27,18.27,0,0,0,0,248.2a18.64,18.64,0,0,0,4.09,10.71L25.5,282.7a21.14,21.14,0,0,0,12,5.3,21.67,21.67,0,0,0,10.69-4.11l15.9-14V480a32,32,0,0,0,32,32H480a32,32,0,0,0,32-32V269.88l15.91,14A21.94,21.94,0,0,0,538.63,288a20.89,20.89,0,0,0,11.87-5.31l21.41-23.81A21.64,21.64,0,0,0,576,248.19,21,21,0,0,0,570.69,236.27ZM288,176a64,64,0,1,1-64,64A64,64,0,0,1,288,176ZM400,448H176a16,16,0,0,1-16-16,96,96,0,0,1,96-96h64a96,96,0,0,1,96,96A16,16,0,0,1,400,448Z\"><\/path><\/svg>\t\t\t<\/span>\n\t\t\t\t\t\t\t\t\t<span class=\"elementor-button-text\">Plus d'info sur le b\u00e2timent<\/span>\n\t\t\t\t\t<\/span>\n\t\t\t\t\t<\/a>\n\t\t\t\t<\/div>\n\t\t\t\t\t\t\t\t<\/div>\n\t\t\t\t<\/div>\n\t\t\t\t<div class=\"elementor-element elementor-element-15ebb3c9 elementor-widget elementor-widget-spacer\" data-id=\"15ebb3c9\" data-element_type=\"widget\" data-e-type=\"widget\" data-widget_type=\"spacer.default\">\n\t\t\t\t<div class=\"elementor-widget-container\">\n\t\t\t\t\t\t\t<div class=\"elementor-spacer\">\n\t\t\t<div class=\"elementor-spacer-inner\"><\/div>\n\t\t<\/div>\n\t\t\t\t\t\t<\/div>\n\t\t\t\t<\/div>\n\t\t\t\t<\/div>\n\t\t<div class=\"elementor-element elementor-element-066ab9c e-flex e-con-boxed e-con e-parent\" data-id=\"066ab9c\" data-element_type=\"container\" data-e-type=\"container\">\n\t\t\t\t\t<div class=\"e-con-inner\">\n\t\t\t\t<div class=\"elementor-element elementor-element-806299a elementor-widget elementor-widget-spacer\" data-id=\"806299a\" data-element_type=\"widget\" data-e-type=\"widget\" data-widget_type=\"spacer.default\">\n\t\t\t\t<div class=\"elementor-widget-container\">\n\t\t\t\t\t\t\t<div class=\"elementor-spacer\">\n\t\t\t<div class=\"elementor-spacer-inner\"><\/div>\n\t\t<\/div>\n\t\t\t\t\t\t<\/div>\n\t\t\t\t<\/div>\n\t\t\t\t\t<\/div>\n\t\t\t\t<\/div>\n\t\t\t\t<\/div>\n\t\t","protected":false},"excerpt":{"rendered":"<p>LA MAISON DE L&rsquo;\u00c9NERGIE produit de l&rsquo;\u00e9lectricit\u00e9 renouvelable Les panneaux solaires photovolta\u00efques install\u00e9s sur le toit de La Maison de l&rsquo;\u00c9nergie sont en fonctionnement. Publi\u00e9 le 21\/12\/2024 Toiture Sud de LA MAISON DE L&rsquo;\u00c9NERGIE Toiture Nord de LA MAISON DE L&rsquo;\u00c9NERGIE L\u2019objectif de LA MAISON DE L\u2019\u00c9NERGIE \u00e9tant de cr\u00e9er un \u00e9quipement de sensibilisation aux [&hellip;]<\/p>\n","protected":false},"author":1,"featured_media":0,"parent":0,"menu_order":0,"comment_status":"closed","ping_status":"closed","template":"","meta":{"footnotes":""},"class_list":["post-6690","page","type-page","status-publish","hentry"],"_links":{"self":[{"href":"https:\/\/maisondelenergie.sehv.fr\/index.php\/wp-json\/wp\/v2\/pages\/6690","targetHints":{"allow":["GET"]}}],"collection":[{"href":"https:\/\/maisondelenergie.sehv.fr\/index.php\/wp-json\/wp\/v2\/pages"}],"about":[{"href":"https:\/\/maisondelenergie.sehv.fr\/index.php\/wp-json\/wp\/v2\/types\/page"}],"author":[{"embeddable":true,"href":"https:\/\/maisondelenergie.sehv.fr\/index.php\/wp-json\/wp\/v2\/users\/1"}],"replies":[{"embeddable":true,"href":"https:\/\/maisondelenergie.sehv.fr\/index.php\/wp-json\/wp\/v2\/comments?post=6690"}],"version-history":[{"count":22,"href":"https:\/\/maisondelenergie.sehv.fr\/index.php\/wp-json\/wp\/v2\/pages\/6690\/revisions"}],"predecessor-version":[{"id":6777,"href":"https:\/\/maisondelenergie.sehv.fr\/index.php\/wp-json\/wp\/v2\/pages\/6690\/revisions\/6777"}],"wp:attachment":[{"href":"https:\/\/maisondelenergie.sehv.fr\/index.php\/wp-json\/wp\/v2\/media?parent=6690"}],"curies":[{"name":"wp","href":"https:\/\/api.w.org\/{rel}","templated":true}]}}