{"id":462,"date":"2024-02-22T10:33:52","date_gmt":"2024-02-22T09:33:52","guid":{"rendered":"http:\/\/maisondelenergie.sehv.fr\/?page_id=462"},"modified":"2025-12-09T14:23:11","modified_gmt":"2025-12-09T13:23:11","slug":"expositions-et-concours","status":"publish","type":"page","link":"https:\/\/maisondelenergie.sehv.fr\/index.php\/expositions-et-concours\/","title":{"rendered":"Expositions et concours"},"content":{"rendered":"\t\t<div data-elementor-type=\"wp-page\" data-elementor-id=\"462\" class=\"elementor elementor-462\">\n\t\t\t\t<div class=\"elementor-element elementor-element-7afad3c1 e-flex e-con-boxed e-con e-parent\" data-id=\"7afad3c1\" data-element_type=\"container\" data-e-type=\"container\">\n\t\t\t\t\t<div class=\"e-con-inner\">\n\t\t\t\t<div class=\"elementor-element elementor-element-3c2801dd elementor-widget elementor-widget-heading\" data-id=\"3c2801dd\" data-element_type=\"widget\" data-e-type=\"widget\" data-widget_type=\"heading.default\">\n\t\t\t\t<div class=\"elementor-widget-container\">\n\t\t\t\t\t<div class=\"elementor-heading-title elementor-size-default\"><h1>Expos et concours<\/h1><\/div>\t\t\t\t<\/div>\n\t\t\t\t<\/div>\n\t\t\t\t\t<\/div>\n\t\t\t\t<\/div>\n\t\t<div class=\"elementor-element elementor-element-4cde2b21 e-flex e-con-boxed e-con e-parent\" data-id=\"4cde2b21\" data-element_type=\"container\" data-e-type=\"container\">\n\t\t\t\t\t<div class=\"e-con-inner\">\n\t\t<div class=\"elementor-element elementor-element-5e6e997e e-con-full e-flex e-con e-child\" data-id=\"5e6e997e\" data-element_type=\"container\" data-e-type=\"container\">\n\t\t\t\t<div class=\"elementor-element elementor-element-3d1b5d9a elementor-widget elementor-widget-image\" data-id=\"3d1b5d9a\" data-element_type=\"widget\" data-e-type=\"widget\" data-widget_type=\"image.default\">\n\t\t\t\t<div class=\"elementor-widget-container\">\n\t\t\t\t\t\t\t\t\t\t\t\t\t\t\t<img fetchpriority=\"high\" decoding=\"async\" width=\"800\" height=\"640\" src=\"https:\/\/maisondelenergie.sehv.fr\/wp-content\/uploads\/2024\/07\/BALANCE-ExpoEnergieDemain-800x1000-1.png\" class=\"attachment-large size-large wp-image-5347\" alt=\"\" srcset=\"https:\/\/maisondelenergie.sehv.fr\/wp-content\/uploads\/2024\/07\/BALANCE-ExpoEnergieDemain-800x1000-1.png 1000w, https:\/\/maisondelenergie.sehv.fr\/wp-content\/uploads\/2024\/07\/BALANCE-ExpoEnergieDemain-800x1000-1-300x240.png 300w, https:\/\/maisondelenergie.sehv.fr\/wp-content\/uploads\/2024\/07\/BALANCE-ExpoEnergieDemain-800x1000-1-768x614.png 768w\" sizes=\"(max-width: 800px) 100vw, 800px\" \/>\t\t\t\t\t\t\t\t\t\t\t\t\t\t\t<\/div>\n\t\t\t\t<\/div>\n\t\t\t\t<div class=\"elementor-element elementor-element-60f4c7c7 elementor-widget elementor-widget-heading\" data-id=\"60f4c7c7\" data-element_type=\"widget\" data-e-type=\"widget\" data-widget_type=\"heading.default\">\n\t\t\t\t<div class=\"elementor-widget-container\">\n\t\t\t\t\t<div class=\"elementor-heading-title elementor-size-default\">Expo permanente : \u00ab&nbsp;L'\u00e9nergie demain&nbsp;\u00bb<\/div>\t\t\t\t<\/div>\n\t\t\t\t<\/div>\n\t\t\t\t<div class=\"elementor-element elementor-element-87ef099 elementor-widget elementor-widget-text-editor\" data-id=\"87ef099\" data-element_type=\"widget\" data-e-type=\"widget\" data-widget_type=\"text-editor.default\">\n\t\t\t\t<div class=\"elementor-widget-container\">\n\t\t\t\t\t\t\t\t\t<p style=\"text-align: left;\"><span style=\"font-family: var( --e-global-typography-d1e92d8-font-family ), Sans-serif; font-size: var( --e-global-typography-d1e92d8-font-size ); font-style: var( --e-global-typography-text-font-style ); font-weight: var( --e-global-typography-d1e92d8-font-weight ); letter-spacing: var( --e-global-typography-d1e92d8-letter-spacing ); text-align: justify; text-transform: var( --e-global-typography-text-text-transform ); word-spacing: var( --e-global-typography-d1e92d8-word-spacing );\">Dans cette exposition, faisons le point sur notre consommation \u00e9nerg\u00e9tique et imaginons comment\u00a0<\/span><span style=\"font-family: var( --e-global-typography-d1e92d8-font-family ), Sans-serif; font-size: var( --e-global-typography-d1e92d8-font-size ); font-style: var( --e-global-typography-text-font-style ); font-weight: var( --e-global-typography-d1e92d8-font-weight ); letter-spacing: var( --e-global-typography-d1e92d8-letter-spacing ); text-align: justify; text-transform: var( --e-global-typography-text-text-transform ); word-spacing: var( --e-global-typography-d1e92d8-word-spacing ); color: #faa21b;\"><b>consommer, habiter et bouger demain<\/b><\/span><span style=\"font-family: var( --e-global-typography-d1e92d8-font-family ), Sans-serif; font-size: var( --e-global-typography-d1e92d8-font-size ); font-style: var( --e-global-typography-text-font-style ); font-weight: var( --e-global-typography-d1e92d8-font-weight ); letter-spacing: var( --e-global-typography-d1e92d8-letter-spacing ); text-align: justify; text-transform: var( --e-global-typography-text-text-transform ); word-spacing: var( --e-global-typography-d1e92d8-word-spacing );\"> pour pr\u00e9server les ressources \u00e9nerg\u00e9tiques et notre plan\u00e8te !\u00a0<\/span><\/p>\t\t\t\t\t\t\t\t<\/div>\n\t\t\t\t<\/div>\n\t\t\t\t<div class=\"elementor-element elementor-element-7d70a163 elementor-align-right elementor-invisible elementor-widget elementor-widget-button\" data-id=\"7d70a163\" data-element_type=\"widget\" data-e-type=\"widget\" data-settings=\"{&quot;_animation&quot;:&quot;fadeInDown&quot;}\" data-widget_type=\"button.default\">\n\t\t\t\t<div class=\"elementor-widget-container\">\n\t\t\t\t\t\t\t\t\t<div class=\"elementor-button-wrapper\">\n\t\t\t\t\t<a class=\"elementor-button elementor-button-link elementor-size-sm elementor-animation-sink\" href=\"http:\/\/maisondelenergie.sehv.fr\/index.php\/exposition-permanente\/\">\n\t\t\t\t\t\t<span class=\"elementor-button-content-wrapper\">\n\t\t\t\t\t\t<span class=\"elementor-button-icon\">\n\t\t\t\t<svg aria-hidden=\"true\" class=\"e-font-icon-svg e-fas-balance-scale-left\" viewBox=\"0 0 640 512\" xmlns=\"http:\/\/www.w3.org\/2000\/svg\"><path d=\"M528 448H352V153.25c20.42-8.94 36.1-26.22 43.38-47.47l132-44.26c8.38-2.81 12.89-11.88 10.08-20.26l-10.17-30.34C524.48 2.54 515.41-1.97 507.03.84L389.11 40.37C375.3 16.36 349.69 0 320 0c-44.18 0-80 35.82-80 80 0 3.43.59 6.71 1.01 10.03l-128.39 43.05c-8.38 2.81-12.89 11.88-10.08 20.26l10.17 30.34c2.81 8.38 11.88 12.89 20.26 10.08l142.05-47.63c4.07 2.77 8.43 5.12 12.99 7.12V496c0 8.84 7.16 16 16 16h224c8.84 0 16-7.16 16-16v-32c-.01-8.84-7.17-16-16.01-16zm111.98-144c0-16.18 1.34-8.73-85.05-181.51-17.65-35.29-68.19-35.36-85.87 0-87.12 174.26-85.04 165.84-85.04 181.51H384c0 44.18 57.31 80 128 80s128-35.82 128-80h-.02zM440 288l72-144 72 144H440zm-269.07-37.51c-17.65-35.29-68.19-35.36-85.87 0C-2.06 424.75.02 416.33.02 432H0c0 44.18 57.31 80 128 80s128-35.82 128-80h-.02c0-16.18 1.34-8.73-85.05-181.51zM56 416l72-144 72 144H56z\"><\/path><\/svg>\t\t\t<\/span>\n\t\t\t\t\t\t\t\t\t<span class=\"elementor-button-text\">Voir plus<\/span>\n\t\t\t\t\t<\/span>\n\t\t\t\t\t<\/a>\n\t\t\t\t<\/div>\n\t\t\t\t\t\t\t\t<\/div>\n\t\t\t\t<\/div>\n\t\t\t\t<\/div>\n\t\t<div class=\"elementor-element elementor-element-5dc1447b e-con-full e-flex e-con e-child\" data-id=\"5dc1447b\" data-element_type=\"container\" data-e-type=\"container\">\n\t\t\t\t<div class=\"elementor-element elementor-element-2736ed75 elementor-widget elementor-widget-image\" data-id=\"2736ed75\" data-element_type=\"widget\" data-e-type=\"widget\" data-widget_type=\"image.default\">\n\t\t\t\t<div class=\"elementor-widget-container\">\n\t\t\t\t\t\t\t\t\t\t\t\t\t\t\t<img decoding=\"async\" width=\"500\" height=\"400\" src=\"https:\/\/maisondelenergie.sehv.fr\/wp-content\/uploads\/2025\/06\/Affiche-expo-formatMDE-light.png\" class=\"attachment-large size-large wp-image-6861\" alt=\"\" srcset=\"https:\/\/maisondelenergie.sehv.fr\/wp-content\/uploads\/2025\/06\/Affiche-expo-formatMDE-light.png 500w, https:\/\/maisondelenergie.sehv.fr\/wp-content\/uploads\/2025\/06\/Affiche-expo-formatMDE-light-300x240.png 300w\" sizes=\"(max-width: 500px) 100vw, 500px\" \/>\t\t\t\t\t\t\t\t\t\t\t\t\t\t\t<\/div>\n\t\t\t\t<\/div>\n\t\t\t\t<div class=\"elementor-element elementor-element-3b9b51f6 elementor-widget elementor-widget-heading\" data-id=\"3b9b51f6\" data-element_type=\"widget\" data-e-type=\"widget\" data-widget_type=\"heading.default\">\n\t\t\t\t<div class=\"elementor-widget-container\">\n\t\t\t\t\t<div class=\"elementor-heading-title elementor-size-default\">L'expo du moment \"Quand l'art'alerte\"<\/div>\t\t\t\t<\/div>\n\t\t\t\t<\/div>\n\t\t\t\t<div class=\"elementor-element elementor-element-7161f77e elementor-widget elementor-widget-text-editor\" data-id=\"7161f77e\" data-element_type=\"widget\" data-e-type=\"widget\" data-widget_type=\"text-editor.default\">\n\t\t\t\t<div class=\"elementor-widget-container\">\n\t\t\t\t\t\t\t\t\t<p style=\"text-align: left;\">Une exposition originale m\u00ealant dessins de presse, humour et r\u00e9flexion environnementale pour comprendre le changement climatique.<\/p><p style=\"text-align: left;\"><span style=\"color: #faa21b;\"><b>#Climat #Humour #Art<\/b><\/span><\/p>\t\t\t\t\t\t\t\t<\/div>\n\t\t\t\t<\/div>\n\t\t\t\t<div class=\"elementor-element elementor-element-72a76da7 elementor-align-right elementor-invisible elementor-widget elementor-widget-button\" data-id=\"72a76da7\" data-element_type=\"widget\" data-e-type=\"widget\" data-settings=\"{&quot;_animation&quot;:&quot;fadeInDown&quot;}\" data-widget_type=\"button.default\">\n\t\t\t\t<div class=\"elementor-widget-container\">\n\t\t\t\t\t\t\t\t\t<div class=\"elementor-button-wrapper\">\n\t\t\t\t\t<a class=\"elementor-button elementor-button-link elementor-size-sm elementor-animation-sink\" href=\"http:\/\/maisondelenergie.sehv.fr\/index.php\/exposition-temporaire\/\">\n\t\t\t\t\t\t<span class=\"elementor-button-content-wrapper\">\n\t\t\t\t\t\t<span class=\"elementor-button-icon\">\n\t\t\t\t<svg aria-hidden=\"true\" class=\"e-font-icon-svg e-fas-house-damage\" viewBox=\"0 0 576 512\" xmlns=\"http:\/\/www.w3.org\/2000\/svg\"><path d=\"M288 114.96L69.47 307.71c-1.62 1.46-3.69 2.14-5.47 3.35V496c0 8.84 7.16 16 16 16h149.23L192 439.19l104.11-64-60.16-119.22L384 392.75l-104.11 64L319.81 512H496c8.84 0 16-7.16 16-16V311.1c-1.7-1.16-3.72-1.82-5.26-3.2L288 114.96zm282.69 121.32L512 184.45V48c0-8.84-7.16-16-16-16h-64c-8.84 0-16 7.16-16 16v51.69L314.75 10.31C307.12 3.45 297.56.01 288 0s-19.1 3.41-26.7 10.27L5.31 236.28c-6.57 5.91-7.12 16.02-1.21 22.6l21.4 23.82c5.9 6.57 16.02 7.12 22.6 1.21L277.42 81.63c6.05-5.33 15.12-5.33 21.17 0L527.91 283.9c6.57 5.9 16.69 5.36 22.6-1.21l21.4-23.82c5.9-6.57 5.36-16.69-1.22-22.59z\"><\/path><\/svg>\t\t\t<\/span>\n\t\t\t\t\t\t\t\t\t<span class=\"elementor-button-text\">Voir plus<\/span>\n\t\t\t\t\t<\/span>\n\t\t\t\t\t<\/a>\n\t\t\t\t<\/div>\n\t\t\t\t\t\t\t\t<\/div>\n\t\t\t\t<\/div>\n\t\t\t\t<\/div>\n\t\t<div class=\"elementor-element elementor-element-516f30c6 e-con-full e-flex e-con e-child\" data-id=\"516f30c6\" data-element_type=\"container\" data-e-type=\"container\">\n\t\t\t\t<div class=\"elementor-element elementor-element-11eb09ee elementor-widget elementor-widget-image\" data-id=\"11eb09ee\" data-element_type=\"widget\" data-e-type=\"widget\" data-widget_type=\"image.default\">\n\t\t\t\t<div class=\"elementor-widget-container\">\n\t\t\t\t\t\t\t\t\t\t\t\t\t\t\t<img decoding=\"async\" width=\"800\" height=\"640\" src=\"https:\/\/maisondelenergie.sehv.fr\/wp-content\/uploads\/2024\/07\/AteliersScientifiques2.jpg\" class=\"attachment-large size-large wp-image-5353\" alt=\"\" srcset=\"https:\/\/maisondelenergie.sehv.fr\/wp-content\/uploads\/2024\/07\/AteliersScientifiques2.jpg 1000w, https:\/\/maisondelenergie.sehv.fr\/wp-content\/uploads\/2024\/07\/AteliersScientifiques2-300x240.jpg 300w, https:\/\/maisondelenergie.sehv.fr\/wp-content\/uploads\/2024\/07\/AteliersScientifiques2-768x614.jpg 768w\" sizes=\"(max-width: 800px) 100vw, 800px\" \/>\t\t\t\t\t\t\t\t\t\t\t\t\t\t\t<\/div>\n\t\t\t\t<\/div>\n\t\t\t\t<div class=\"elementor-element elementor-element-4256a749 elementor-widget elementor-widget-heading\" data-id=\"4256a749\" data-element_type=\"widget\" data-e-type=\"widget\" data-widget_type=\"heading.default\">\n\t\t\t\t<div class=\"elementor-widget-container\">\n\t\t\t\t\t<div class=\"elementor-heading-title elementor-size-default\">Les ateliers scientifiques<\/div>\t\t\t\t<\/div>\n\t\t\t\t<\/div>\n\t\t\t\t<div class=\"elementor-element elementor-element-739f9ed elementor-widget elementor-widget-text-editor\" data-id=\"739f9ed\" data-element_type=\"widget\" data-e-type=\"widget\" data-widget_type=\"text-editor.default\">\n\t\t\t\t<div class=\"elementor-widget-container\">\n\t\t\t\t\t\t\t\t\t<p style=\"text-align: left;\">Les ateliers scientifiques sont une forme d&rsquo;enseignement ludique permettant aux \u00e9l\u00e8ves <span style=\"color: #faa21b;\"><b>d&rsquo;apprendre par le jeu et l&rsquo;exp\u00e9rimentation<\/b><\/span>.\u00a0<\/p>\t\t\t\t\t\t\t\t<\/div>\n\t\t\t\t<\/div>\n\t\t\t\t<div class=\"elementor-element elementor-element-644ef469 elementor-align-right elementor-invisible elementor-widget elementor-widget-button\" data-id=\"644ef469\" data-element_type=\"widget\" data-e-type=\"widget\" data-settings=\"{&quot;_animation&quot;:&quot;fadeInDown&quot;}\" data-widget_type=\"button.default\">\n\t\t\t\t<div class=\"elementor-widget-container\">\n\t\t\t\t\t\t\t\t\t<div class=\"elementor-button-wrapper\">\n\t\t\t\t\t<a class=\"elementor-button elementor-button-link elementor-size-sm elementor-animation-sink\" href=\"http:\/\/maisondelenergie.sehv.fr\/index.php\/atelier-pedagogique\/\">\n\t\t\t\t\t\t<span class=\"elementor-button-content-wrapper\">\n\t\t\t\t\t\t<span class=\"elementor-button-icon\">\n\t\t\t\t<svg aria-hidden=\"true\" class=\"e-font-icon-svg e-fas-flask\" viewBox=\"0 0 448 512\" xmlns=\"http:\/\/www.w3.org\/2000\/svg\"><path d=\"M437.2 403.5L320 215V64h8c13.3 0 24-10.7 24-24V24c0-13.3-10.7-24-24-24H120c-13.3 0-24 10.7-24 24v16c0 13.3 10.7 24 24 24h8v151L10.8 403.5C-18.5 450.6 15.3 512 70.9 512h306.2c55.7 0 89.4-61.5 60.1-108.5zM137.9 320l48.2-77.6c3.7-5.2 5.8-11.6 5.8-18.4V64h64v160c0 6.9 2.2 13.2 5.8 18.4l48.2 77.6h-172z\"><\/path><\/svg>\t\t\t<\/span>\n\t\t\t\t\t\t\t\t\t<span class=\"elementor-button-text\">Voir plus<\/span>\n\t\t\t\t\t<\/span>\n\t\t\t\t\t<\/a>\n\t\t\t\t<\/div>\n\t\t\t\t\t\t\t\t<\/div>\n\t\t\t\t<\/div>\n\t\t\t\t<\/div>\n\t\t<div class=\"elementor-element elementor-element-2459d40c e-con-full e-flex e-con e-child\" data-id=\"2459d40c\" data-element_type=\"container\" data-e-type=\"container\">\n\t\t\t\t<div class=\"elementor-element elementor-element-24dabe2a elementor-widget elementor-widget-image\" data-id=\"24dabe2a\" data-element_type=\"widget\" data-e-type=\"widget\" data-widget_type=\"image.default\">\n\t\t\t\t<div class=\"elementor-widget-container\">\n\t\t\t\t\t\t\t\t\t\t\t\t\t\t\t<img loading=\"lazy\" decoding=\"async\" width=\"800\" height=\"640\" src=\"https:\/\/maisondelenergie.sehv.fr\/wp-content\/uploads\/2025\/07\/ConcoursDessin-formatMDE-1024x819.jpg\" class=\"attachment-large size-large wp-image-6975\" alt=\"\" srcset=\"https:\/\/maisondelenergie.sehv.fr\/wp-content\/uploads\/2025\/07\/ConcoursDessin-formatMDE-1024x819.jpg 1024w, https:\/\/maisondelenergie.sehv.fr\/wp-content\/uploads\/2025\/07\/ConcoursDessin-formatMDE-300x240.jpg 300w, https:\/\/maisondelenergie.sehv.fr\/wp-content\/uploads\/2025\/07\/ConcoursDessin-formatMDE-768x614.jpg 768w, https:\/\/maisondelenergie.sehv.fr\/wp-content\/uploads\/2025\/07\/ConcoursDessin-formatMDE-1536x1229.jpg 1536w, https:\/\/maisondelenergie.sehv.fr\/wp-content\/uploads\/2025\/07\/ConcoursDessin-formatMDE-2048x1638.jpg 2048w\" sizes=\"(max-width: 800px) 100vw, 800px\" \/>\t\t\t\t\t\t\t\t\t\t\t\t\t\t\t<\/div>\n\t\t\t\t<\/div>\n\t\t\t\t<div class=\"elementor-element elementor-element-2bcccd55 elementor-widget elementor-widget-heading\" data-id=\"2bcccd55\" data-element_type=\"widget\" data-e-type=\"widget\" data-widget_type=\"heading.default\">\n\t\t\t\t<div class=\"elementor-widget-container\">\n\t\t\t\t\t<div class=\"elementor-heading-title elementor-size-default\">Concours de dessin<\/div>\t\t\t\t<\/div>\n\t\t\t\t<\/div>\n\t\t\t\t<div class=\"elementor-element elementor-element-4b3e35d5 elementor-widget elementor-widget-text-editor\" data-id=\"4b3e35d5\" data-element_type=\"widget\" data-e-type=\"widget\" data-widget_type=\"text-editor.default\">\n\t\t\t\t<div class=\"elementor-widget-container\">\n\t\t\t\t\t\t\t\t\t<p style=\"text-align: left;\"><span style=\"letter-spacing: 0px;\">A destination des \u00e9l\u00e8ves des du cycle 3 (CM1, CM2, 6\u00e8me), et du cycle 4 (5\u00e8me, 4\u00e8me et 3\u00e8me).<\/span><\/p><p style=\"text-align: left;\"><span style=\"letter-spacing: 0px;\">Sur le th\u00e8me \u00ab Dessine-moi le climat de demain \u00bb<\/span><\/p><p style=\"text-align: left;\"><span style=\"color: #faa21b;\"><strong><span style=\"letter-spacing: 0px;\">Date limite : 17 avril 2026.<\/span><\/strong><\/span><\/p>\t\t\t\t\t\t\t\t<\/div>\n\t\t\t\t<\/div>\n\t\t\t\t<div class=\"elementor-element elementor-element-43198e70 elementor-align-right elementor-invisible elementor-widget elementor-widget-button\" data-id=\"43198e70\" data-element_type=\"widget\" data-e-type=\"widget\" data-settings=\"{&quot;_animation&quot;:&quot;fadeInDown&quot;}\" data-widget_type=\"button.default\">\n\t\t\t\t<div class=\"elementor-widget-container\">\n\t\t\t\t\t\t\t\t\t<div class=\"elementor-button-wrapper\">\n\t\t\t\t\t<a class=\"elementor-button elementor-button-link elementor-size-sm elementor-animation-sink\" href=\"https:\/\/maisondelenergie.sehv.fr\/index.php\/concours-la-maison-de-lenegie\/\">\n\t\t\t\t\t\t<span class=\"elementor-button-content-wrapper\">\n\t\t\t\t\t\t<span class=\"elementor-button-icon\">\n\t\t\t\t<svg aria-hidden=\"true\" class=\"e-font-icon-svg e-fas-child\" viewBox=\"0 0 384 512\" xmlns=\"http:\/\/www.w3.org\/2000\/svg\"><path d=\"M120 72c0-39.765 32.235-72 72-72s72 32.235 72 72c0 39.764-32.235 72-72 72s-72-32.236-72-72zm254.627 1.373c-12.496-12.497-32.758-12.497-45.254 0L242.745 160H141.254L54.627 73.373c-12.496-12.497-32.758-12.497-45.254 0-12.497 12.497-12.497 32.758 0 45.255L104 213.254V480c0 17.673 14.327 32 32 32h16c17.673 0 32-14.327 32-32V368h16v112c0 17.673 14.327 32 32 32h16c17.673 0 32-14.327 32-32V213.254l94.627-94.627c12.497-12.497 12.497-32.757 0-45.254z\"><\/path><\/svg>\t\t\t<\/span>\n\t\t\t\t\t\t\t\t\t<span class=\"elementor-button-text\">Voir plus<\/span>\n\t\t\t\t\t<\/span>\n\t\t\t\t\t<\/a>\n\t\t\t\t<\/div>\n\t\t\t\t\t\t\t\t<\/div>\n\t\t\t\t<\/div>\n\t\t\t\t<\/div>\n\t\t\t\t\t<\/div>\n\t\t\t\t<\/div>\n\t\t<div class=\"elementor-element elementor-element-d4b8481 e-flex e-con-boxed e-con e-parent\" data-id=\"d4b8481\" data-element_type=\"container\" data-e-type=\"container\">\n\t\t\t\t\t<div class=\"e-con-inner\">\n\t\t\t\t<div class=\"elementor-element elementor-element-e8c65db elementor-widget elementor-widget-spacer\" data-id=\"e8c65db\" data-element_type=\"widget\" data-e-type=\"widget\" data-widget_type=\"spacer.default\">\n\t\t\t\t<div class=\"elementor-widget-container\">\n\t\t\t\t\t\t\t<div class=\"elementor-spacer\">\n\t\t\t<div class=\"elementor-spacer-inner\"><\/div>\n\t\t<\/div>\n\t\t\t\t\t\t<\/div>\n\t\t\t\t<\/div>\n\t\t\t\t\t<\/div>\n\t\t\t\t<\/div>\n\t\t\t\t<\/div>\n\t\t","protected":false},"excerpt":{"rendered":"<p>Expos et concours Expo permanente : \u00ab&nbsp;L&rsquo;\u00e9nergie demain&nbsp;\u00bb Dans cette exposition, faisons le point sur notre consommation \u00e9nerg\u00e9tique et imaginons comment\u00a0consommer, habiter et bouger demain pour pr\u00e9server les ressources \u00e9nerg\u00e9tiques et notre plan\u00e8te !\u00a0 Voir plus L&rsquo;expo du moment \u00ab\u00a0Quand l&rsquo;art&rsquo;alerte\u00a0\u00bb Une exposition originale m\u00ealant dessins de presse, humour et r\u00e9flexion environnementale pour comprendre le [&hellip;]<\/p>\n","protected":false},"author":1,"featured_media":0,"parent":0,"menu_order":0,"comment_status":"closed","ping_status":"closed","template":"","meta":{"footnotes":""},"class_list":["post-462","page","type-page","status-publish","hentry"],"_links":{"self":[{"href":"https:\/\/maisondelenergie.sehv.fr\/index.php\/wp-json\/wp\/v2\/pages\/462","targetHints":{"allow":["GET"]}}],"collection":[{"href":"https:\/\/maisondelenergie.sehv.fr\/index.php\/wp-json\/wp\/v2\/pages"}],"about":[{"href":"https:\/\/maisondelenergie.sehv.fr\/index.php\/wp-json\/wp\/v2\/types\/page"}],"author":[{"embeddable":true,"href":"https:\/\/maisondelenergie.sehv.fr\/index.php\/wp-json\/wp\/v2\/users\/1"}],"replies":[{"embeddable":true,"href":"https:\/\/maisondelenergie.sehv.fr\/index.php\/wp-json\/wp\/v2\/comments?post=462"}],"version-history":[{"count":88,"href":"https:\/\/maisondelenergie.sehv.fr\/index.php\/wp-json\/wp\/v2\/pages\/462\/revisions"}],"predecessor-version":[{"id":7192,"href":"https:\/\/maisondelenergie.sehv.fr\/index.php\/wp-json\/wp\/v2\/pages\/462\/revisions\/7192"}],"wp:attachment":[{"href":"https:\/\/maisondelenergie.sehv.fr\/index.php\/wp-json\/wp\/v2\/media?parent=462"}],"curies":[{"name":"wp","href":"https:\/\/api.w.org\/{rel}","templated":true}]}}