{"id":330,"date":"2023-08-04T16:01:32","date_gmt":"2023-08-04T14:01:32","guid":{"rendered":"http:\/\/maisondelenergie.sehv.fr\/?page_id=330"},"modified":"2024-08-29T14:02:19","modified_gmt":"2024-08-29T12:02:19","slug":"batiment-la-maison-de-lenergie","status":"publish","type":"page","link":"https:\/\/maisondelenergie.sehv.fr\/index.php\/batiment-la-maison-de-lenergie\/","title":{"rendered":"Un chantier coh\u00e9rent avec le projet p\u00e9dagogique"},"content":{"rendered":"\t\t<div data-elementor-type=\"wp-page\" data-elementor-id=\"330\" class=\"elementor elementor-330\">\n\t\t\t\t<div class=\"elementor-element elementor-element-f4ac028 e-flex e-con-boxed e-con e-parent\" data-id=\"f4ac028\" data-element_type=\"container\" data-e-type=\"container\">\n\t\t\t\t\t<div class=\"e-con-inner\">\n\t\t\t\t<div class=\"elementor-element elementor-element-45be91a elementor-widget elementor-widget-heading\" data-id=\"45be91a\" data-element_type=\"widget\" data-e-type=\"widget\" data-widget_type=\"heading.default\">\n\t\t\t\t<div class=\"elementor-widget-container\">\n\t\t\t\t\t<div class=\"elementor-heading-title elementor-size-default\"><h1>Un b\u00e2timent durable<\/h1><\/div>\t\t\t\t<\/div>\n\t\t\t\t<\/div>\n\t\t\t\t\t<\/div>\n\t\t\t\t<\/div>\n\t\t<div class=\"elementor-element elementor-element-4d8df76 e-flex e-con-boxed elementor-invisible e-con e-parent\" data-id=\"4d8df76\" data-element_type=\"container\" data-e-type=\"container\" data-settings=\"{&quot;animation&quot;:&quot;fadeInLeft&quot;}\">\n\t\t\t\t\t<div class=\"e-con-inner\">\n\t\t\t\t<div class=\"elementor-element elementor-element-72b6855 elementor-widget elementor-widget-text-editor\" data-id=\"72b6855\" data-element_type=\"widget\" data-e-type=\"widget\" data-widget_type=\"text-editor.default\">\n\t\t\t\t<div class=\"elementor-widget-container\">\n\t\t\t\t\t\t\t\t\t<p>L&rsquo;objectif \u00e9tant de cr\u00e9er un \u00e9quipement de sensibilisation aux enjeux \u00e9nerg\u00e9tiques et climatiques, le b\u00e2timent lui-m\u00eame participe au projet et sert de support p\u00e9dagogique. Plusieurs fen\u00eatres de v\u00e9rit\u00e9 permettent de d\u00e9couvrir la structure du b\u00e2timent et son mode de fonctionnement.<\/p><p>Suivant cette logique, la mise en \u0153uvre d&rsquo;une d\u00e9marche exp\u00e9rimentale E+ \/ C- (B\u00e2timent \u00e0 \u00c9nergie Positive et R\u00e9duction Carbone) constitue un fondement essentiel de l&rsquo;op\u00e9ration.<\/p><p><span style=\"color: #ff9900;\"><a style=\"color: #ff9900;\" href=\"http:\/\/www.sehv.fr\/pageactualite.php?actu=20210325MaisonDelEnergieOdeys\" target=\"_blank\" rel=\"noopener\">Cliquez ici pour retrouver la pr\u00e9sentation du projet initial avec Odeys et des sp\u00e9cialistes de l&rsquo;\u00e9coconstruction<\/a><\/span><\/p>\t\t\t\t\t\t\t\t<\/div>\n\t\t\t\t<\/div>\n\t\t\t\t\t<\/div>\n\t\t\t\t<\/div>\n\t\t<div class=\"elementor-element elementor-element-2f60664c e-flex e-con-boxed e-con e-parent\" data-id=\"2f60664c\" data-element_type=\"container\" data-e-type=\"container\">\n\t\t\t\t\t<div class=\"e-con-inner\">\n\t\t\t\t<div class=\"elementor-element elementor-element-34bdca21 elementor-widget-divider--separator-type-pattern elementor-widget-divider--no-spacing elementor-widget-divider--view-line elementor-widget elementor-widget-divider\" data-id=\"34bdca21\" data-element_type=\"widget\" data-e-type=\"widget\" data-widget_type=\"divider.default\">\n\t\t\t\t<div class=\"elementor-widget-container\">\n\t\t\t\t\t\t\t<div class=\"elementor-divider\" style=\"--divider-pattern-url: url(&quot;data:image\/svg+xml,%3Csvg xmlns=&#039;http:\/\/www.w3.org\/2000\/svg&#039; preserveAspectRatio=&#039;xMidYMid meet&#039; overflow=&#039;visible&#039; height=&#039;100%&#039; viewBox=&#039;0 0 120 26&#039; fill=&#039;black&#039; stroke=&#039;none&#039;%3E%3Cpath d=&#039;M11.9,15.9L11.9,15.9L0,16c-0.2-3.7,1.5-5.7,4.9-6C10,9.6,12.4,14.2,11.9,15.9zM26.9,15.9L26.9,15.9L15,16c0.5-3.7,2.5-5.7,5.9-6C26,9.6,27.4,14.2,26.9,15.9z M37.1,10c3.4,0.3,5.1,2.3,4.9,6H30.1C29.5,14.4,31.9,9.6,37.1,10z M57,15.9L57,15.9L45,16c0-3.4,1.6-5.4,4.9-5.9C54.8,9.3,57.4,14.2,57,15.9z M71.9,15.9L71.9,15.9L60,16c-0.2-3.7,1.5-5.7,4.9-6C70,9.6,72.4,14.2,71.9,15.9z M82.2,10c3.4,0.3,5,2.3,4.8,6H75.3C74,13,77.1,9.6,82.2,10zM101.9,15.9L101.9,15.9L90,16c-0.2-3.7,1.5-5.7,4.9-6C100,9.6,102.4,14.2,101.9,15.9z M112.1,10.1c2.7,0.5,4.3,2.5,4.9,5.9h-11.9l0,0C104.5,14.4,108,9.3,112.1,10.1z&#039;\/%3E%3C\/svg%3E&quot;);\">\n\t\t\t<span class=\"elementor-divider-separator\">\n\t\t\t\t\t\t<\/span>\n\t\t<\/div>\n\t\t\t\t\t\t<\/div>\n\t\t\t\t<\/div>\n\t\t\t\t\t<\/div>\n\t\t\t\t<\/div>\n\t\t<div class=\"elementor-element elementor-element-754ca82 e-flex e-con-boxed e-con e-parent\" data-id=\"754ca82\" data-element_type=\"container\" data-e-type=\"container\">\n\t\t\t\t\t<div class=\"e-con-inner\">\n\t\t<div class=\"elementor-element elementor-element-43e157a e-con-full e-flex e-con e-child\" data-id=\"43e157a\" data-element_type=\"container\" data-e-type=\"container\">\n\t\t\t\t<div class=\"elementor-element elementor-element-746f35e elementor-widget elementor-widget-heading\" data-id=\"746f35e\" data-element_type=\"widget\" data-e-type=\"widget\" data-widget_type=\"heading.default\">\n\t\t\t\t<div class=\"elementor-widget-container\">\n\t\t\t\t\t<div class=\"elementor-heading-title elementor-size-default\">R\u00e9emploi <br><\/div>\t\t\t\t<\/div>\n\t\t\t\t<\/div>\n\t\t\t\t<div class=\"elementor-element elementor-element-7e4f47d elementor-widget elementor-widget-text-editor\" data-id=\"7e4f47d\" data-element_type=\"widget\" data-e-type=\"widget\" data-widget_type=\"text-editor.default\">\n\t\t\t\t<div class=\"elementor-widget-container\">\n\t\t\t\t\t\t\t\t\t<p style=\"text-align: left;\">La meilleure \u00e9conomie d&rsquo;\u00e9nergie, c&rsquo;est l&rsquo;\u00e9nergie que l&rsquo;on n&rsquo;utilise pas. Le SEHV a donc demand\u00e9 au ma\u00eetre d&rsquo;\u0153uvre de r\u00e9cup\u00e9rer le maximum du hangar pr\u00e9existant, et d&rsquo;utiliser d\u00e8s que possible des mat\u00e9riaux recycl\u00e9s.<\/p>\t\t\t\t\t\t\t\t<\/div>\n\t\t\t\t<\/div>\n\t\t\t\t<div class=\"elementor-element elementor-element-d5d34b1 e-transform elementor-widget elementor-widget-image\" data-id=\"d5d34b1\" data-element_type=\"widget\" data-e-type=\"widget\" data-settings=\"{&quot;_transform_scale_effect_hover&quot;:{&quot;unit&quot;:&quot;px&quot;,&quot;size&quot;:1.1,&quot;sizes&quot;:[]},&quot;_transform_scale_effect_hover_tablet&quot;:{&quot;unit&quot;:&quot;px&quot;,&quot;size&quot;:&quot;&quot;,&quot;sizes&quot;:[]},&quot;_transform_scale_effect_hover_mobile&quot;:{&quot;unit&quot;:&quot;px&quot;,&quot;size&quot;:&quot;&quot;,&quot;sizes&quot;:[]}}\" data-widget_type=\"image.default\">\n\t\t\t\t<div class=\"elementor-widget-container\">\n\t\t\t\t\t\t\t\t\t\t\t\t\t\t\t<img fetchpriority=\"high\" decoding=\"async\" width=\"800\" height=\"608\" src=\"https:\/\/maisondelenergie.sehv.fr\/wp-content\/uploads\/2024\/02\/Capture-decran-2024-02-23-a-15.04.15-1024x778.png\" class=\"attachment-large size-large wp-image-646\" alt=\"\" srcset=\"https:\/\/maisondelenergie.sehv.fr\/wp-content\/uploads\/2024\/02\/Capture-decran-2024-02-23-a-15.04.15-1024x778.png 1024w, https:\/\/maisondelenergie.sehv.fr\/wp-content\/uploads\/2024\/02\/Capture-decran-2024-02-23-a-15.04.15-300x228.png 300w, https:\/\/maisondelenergie.sehv.fr\/wp-content\/uploads\/2024\/02\/Capture-decran-2024-02-23-a-15.04.15.png 1050w\" sizes=\"(max-width: 800px) 100vw, 800px\" \/>\t\t\t\t\t\t\t\t\t\t\t\t\t\t\t<\/div>\n\t\t\t\t<\/div>\n\t\t\t\t<div class=\"elementor-element elementor-element-ec52fd2 elementor-widget elementor-widget-spacer\" data-id=\"ec52fd2\" data-element_type=\"widget\" data-e-type=\"widget\" data-widget_type=\"spacer.default\">\n\t\t\t\t<div class=\"elementor-widget-container\">\n\t\t\t\t\t\t\t<div class=\"elementor-spacer\">\n\t\t\t<div class=\"elementor-spacer-inner\"><\/div>\n\t\t<\/div>\n\t\t\t\t\t\t<\/div>\n\t\t\t\t<\/div>\n\t\t\t\t<\/div>\n\t\t<div class=\"elementor-element elementor-element-a03b312 e-con-full e-flex e-con e-child\" data-id=\"a03b312\" data-element_type=\"container\" data-e-type=\"container\">\n\t\t\t\t<div class=\"elementor-element elementor-element-51c0b29 elementor-widget elementor-widget-heading\" data-id=\"51c0b29\" data-element_type=\"widget\" data-e-type=\"widget\" data-widget_type=\"heading.default\">\n\t\t\t\t<div class=\"elementor-widget-container\">\n\t\t\t\t\t<div class=\"elementor-heading-title elementor-size-default\">Mat\u00e9riaux biosourc\u00e9s <br>et circuits courts<\/div>\t\t\t\t<\/div>\n\t\t\t\t<\/div>\n\t\t\t\t<div class=\"elementor-element elementor-element-f43ec79 elementor-widget elementor-widget-text-editor\" data-id=\"f43ec79\" data-element_type=\"widget\" data-e-type=\"widget\" data-widget_type=\"text-editor.default\">\n\t\t\t\t<div class=\"elementor-widget-container\">\n\t\t\t\t\t\t\t\t\t<p>Le SEHV s&rsquo;est attach\u00e9 \u00e0 rechercher des mat\u00e9riaux biosourc\u00e9s et de proximit\u00e9 fin de limiter l&rsquo;impact carbone du b\u00e2timent :\u00a0<span style=\"letter-spacing: 0px; text-align: var(--text-align);\">structure bois, p<\/span><span style=\"letter-spacing: 0px; text-align: var(--text-align);\">aille, b<\/span><span style=\"letter-spacing: 0px; text-align: var(--text-align);\">riques de terre crue, e<\/span><span style=\"letter-spacing: 0px; text-align: var(--text-align);\">nduit en terre de S\u00e9reilhac&#8230;<\/span><\/p><p>A noter, une innovation : LA MAISON DE L&rsquo;\u00c9NERGIE est le premier b\u00e2timent public de la Haute-Vienne \u00e0 isoler une partie de sa structure avec de l&rsquo;isolation en paille hach\u00e9e projet\u00e9e.<\/p>\t\t\t\t\t\t\t\t<\/div>\n\t\t\t\t<\/div>\n\t\t\t\t<div class=\"elementor-element elementor-element-700fd06 e-transform elementor-widget elementor-widget-image\" data-id=\"700fd06\" data-element_type=\"widget\" data-e-type=\"widget\" data-settings=\"{&quot;_transform_scale_effect_hover&quot;:{&quot;unit&quot;:&quot;px&quot;,&quot;size&quot;:1.1,&quot;sizes&quot;:[]},&quot;_transform_scale_effect_hover_tablet&quot;:{&quot;unit&quot;:&quot;px&quot;,&quot;size&quot;:&quot;&quot;,&quot;sizes&quot;:[]},&quot;_transform_scale_effect_hover_mobile&quot;:{&quot;unit&quot;:&quot;px&quot;,&quot;size&quot;:&quot;&quot;,&quot;sizes&quot;:[]}}\" data-widget_type=\"image.default\">\n\t\t\t\t<div class=\"elementor-widget-container\">\n\t\t\t\t\t\t\t\t\t\t\t\t\t\t\t<img decoding=\"async\" width=\"800\" height=\"609\" src=\"https:\/\/maisondelenergie.sehv.fr\/wp-content\/uploads\/2024\/02\/Capture-decran-2024-02-22-a-15.58.36-1-1024x779.png\" class=\"attachment-large size-large wp-image-726\" alt=\"\" srcset=\"https:\/\/maisondelenergie.sehv.fr\/wp-content\/uploads\/2024\/02\/Capture-decran-2024-02-22-a-15.58.36-1-1024x779.png 1024w, https:\/\/maisondelenergie.sehv.fr\/wp-content\/uploads\/2024\/02\/Capture-decran-2024-02-22-a-15.58.36-1-300x228.png 300w, https:\/\/maisondelenergie.sehv.fr\/wp-content\/uploads\/2024\/02\/Capture-decran-2024-02-22-a-15.58.36-1.png 1046w\" sizes=\"(max-width: 800px) 100vw, 800px\" \/>\t\t\t\t\t\t\t\t\t\t\t\t\t\t\t<\/div>\n\t\t\t\t<\/div>\n\t\t\t\t<div class=\"elementor-element elementor-element-690ab8b elementor-widget elementor-widget-text-editor\" data-id=\"690ab8b\" data-element_type=\"widget\" data-e-type=\"widget\" data-widget_type=\"text-editor.default\">\n\t\t\t\t<div class=\"elementor-widget-container\">\n\t\t\t\t\t\t\t\t\t<p><span style=\"color: #ff9900;\"><a style=\"color: #ff9900;\" href=\"http:\/\/maisondelenergie.sehv.fr\/wp-content\/uploads\/2024\/03\/Livret_SEHV-2.pdf\" target=\"_blank\" rel=\"noopener\">T\u00e9l\u00e9charger le livret p\u00e9dagogique r\u00e9alis\u00e9 avec R\u00e9sonnance paille<\/a><\/span><\/p>\t\t\t\t\t\t\t\t<\/div>\n\t\t\t\t<\/div>\n\t\t\t\t<div class=\"elementor-element elementor-element-9947408 elementor-widget elementor-widget-spacer\" data-id=\"9947408\" data-element_type=\"widget\" data-e-type=\"widget\" data-widget_type=\"spacer.default\">\n\t\t\t\t<div class=\"elementor-widget-container\">\n\t\t\t\t\t\t\t<div class=\"elementor-spacer\">\n\t\t\t<div class=\"elementor-spacer-inner\"><\/div>\n\t\t<\/div>\n\t\t\t\t\t\t<\/div>\n\t\t\t\t<\/div>\n\t\t\t\t<\/div>\n\t\t<div class=\"elementor-element elementor-element-4c9b4b5 e-con-full e-flex e-con e-child\" data-id=\"4c9b4b5\" data-element_type=\"container\" data-e-type=\"container\">\n\t\t\t\t<div class=\"elementor-element elementor-element-7d929dd elementor-widget elementor-widget-heading\" data-id=\"7d929dd\" data-element_type=\"widget\" data-e-type=\"widget\" data-widget_type=\"heading.default\">\n\t\t\t\t<div class=\"elementor-widget-container\">\n\t\t\t\t\t<div class=\"elementor-heading-title elementor-size-default\">\u00c9nergies renouvelables <br><\/div>\t\t\t\t<\/div>\n\t\t\t\t<\/div>\n\t\t\t\t<div class=\"elementor-element elementor-element-34e28dd elementor-widget elementor-widget-text-editor\" data-id=\"34e28dd\" data-element_type=\"widget\" data-e-type=\"widget\" data-widget_type=\"text-editor.default\">\n\t\t\t\t<div class=\"elementor-widget-container\">\n\t\t\t\t\t\t\t\t\t<p style=\"text-align: left;\">Le b\u00e2timent est aliment\u00e9 par une chaudi\u00e8re \u00e0 granul\u00e9s de bois. Des panneaux photovolta\u00efques alimentent LA MAISON DE L&rsquo;\u00c9NERGIE en \u00e9lectricit\u00e9, essentiellement en autoconsommation.<\/p>\t\t\t\t\t\t\t\t<\/div>\n\t\t\t\t<\/div>\n\t\t\t\t<div class=\"elementor-element elementor-element-9d3d9f4 e-transform elementor-widget elementor-widget-image\" data-id=\"9d3d9f4\" data-element_type=\"widget\" data-e-type=\"widget\" data-settings=\"{&quot;_transform_scale_effect_hover&quot;:{&quot;unit&quot;:&quot;px&quot;,&quot;size&quot;:1.1,&quot;sizes&quot;:[]},&quot;_transform_scale_effect_hover_tablet&quot;:{&quot;unit&quot;:&quot;px&quot;,&quot;size&quot;:&quot;&quot;,&quot;sizes&quot;:[]},&quot;_transform_scale_effect_hover_mobile&quot;:{&quot;unit&quot;:&quot;px&quot;,&quot;size&quot;:&quot;&quot;,&quot;sizes&quot;:[]}}\" data-widget_type=\"image.default\">\n\t\t\t\t<div class=\"elementor-widget-container\">\n\t\t\t\t\t\t\t\t\t\t\t\t\t\t\t<img decoding=\"async\" width=\"800\" height=\"609\" src=\"https:\/\/maisondelenergie.sehv.fr\/wp-content\/uploads\/2024\/02\/Capture-decran-2024-02-23-a-15.04.29-1024x779.png\" class=\"attachment-large size-large wp-image-648\" alt=\"\" srcset=\"https:\/\/maisondelenergie.sehv.fr\/wp-content\/uploads\/2024\/02\/Capture-decran-2024-02-23-a-15.04.29-1024x779.png 1024w, https:\/\/maisondelenergie.sehv.fr\/wp-content\/uploads\/2024\/02\/Capture-decran-2024-02-23-a-15.04.29-300x228.png 300w, https:\/\/maisondelenergie.sehv.fr\/wp-content\/uploads\/2024\/02\/Capture-decran-2024-02-23-a-15.04.29.png 1052w\" sizes=\"(max-width: 800px) 100vw, 800px\" \/>\t\t\t\t\t\t\t\t\t\t\t\t\t\t\t<\/div>\n\t\t\t\t<\/div>\n\t\t\t\t<div class=\"elementor-element elementor-element-5e178a1 elementor-widget elementor-widget-spacer\" data-id=\"5e178a1\" data-element_type=\"widget\" data-e-type=\"widget\" data-widget_type=\"spacer.default\">\n\t\t\t\t<div class=\"elementor-widget-container\">\n\t\t\t\t\t\t\t<div class=\"elementor-spacer\">\n\t\t\t<div class=\"elementor-spacer-inner\"><\/div>\n\t\t<\/div>\n\t\t\t\t\t\t<\/div>\n\t\t\t\t<\/div>\n\t\t\t\t<\/div>\n\t\t\t\t\t<\/div>\n\t\t\t\t<\/div>\n\t\t<div class=\"elementor-element elementor-element-5db99778 e-con-full e-flex e-con e-parent\" data-id=\"5db99778\" data-element_type=\"container\" data-e-type=\"container\" data-settings=\"{&quot;background_background&quot;:&quot;classic&quot;}\">\n\t\t<div class=\"elementor-element elementor-element-c3b033a e-con-full e-flex e-con e-child\" data-id=\"c3b033a\" data-element_type=\"container\" data-e-type=\"container\">\n\t\t\t\t<div class=\"elementor-element elementor-element-1203ebcb elementor-widget elementor-widget-heading\" data-id=\"1203ebcb\" data-element_type=\"widget\" data-e-type=\"widget\" data-widget_type=\"heading.default\">\n\t\t\t\t<div class=\"elementor-widget-container\">\n\t\t\t\t\t<div class=\"elementor-heading-title elementor-size-default\">RETROUVEZ LES MOMENTS PHARES <br>\nDE LA CONSTRUCTION DU B\u00c2TIMENT<\/div>\t\t\t\t<\/div>\n\t\t\t\t<\/div>\n\t\t\t\t<\/div>\n\t\t\t\t<div class=\"elementor-element elementor-element-0f7442e elementor-widget__width-initial elementor-widget elementor-widget-image\" data-id=\"0f7442e\" data-element_type=\"widget\" data-e-type=\"widget\" data-widget_type=\"image.default\">\n\t\t\t\t<div class=\"elementor-widget-container\">\n\t\t\t\t\t\t\t\t\t\t\t\t\t\t\t\t<a href=\"https:\/\/www.youtube.com\/watch?v=uoEUwfRuGqI\">\n\t\t\t\t\t\t\t<img loading=\"lazy\" decoding=\"async\" width=\"510\" height=\"281\" src=\"https:\/\/maisondelenergie.sehv.fr\/wp-content\/uploads\/2024\/04\/Image1.png\" class=\"attachment-large size-large wp-image-3158\" alt=\"\" srcset=\"https:\/\/maisondelenergie.sehv.fr\/wp-content\/uploads\/2024\/04\/Image1.png 510w, https:\/\/maisondelenergie.sehv.fr\/wp-content\/uploads\/2024\/04\/Image1-300x165.png 300w\" sizes=\"(max-width: 510px) 100vw, 510px\" \/>\t\t\t\t\t\t\t\t<\/a>\n\t\t\t\t\t\t\t\t\t\t\t\t\t\t\t<\/div>\n\t\t\t\t<\/div>\n\t\t\t\t<div class=\"elementor-element elementor-element-32cc37d5 elementor-invisible elementor-widget elementor-widget-button\" data-id=\"32cc37d5\" data-element_type=\"widget\" data-e-type=\"widget\" data-settings=\"{&quot;_animation&quot;:&quot;fadeInDown&quot;}\" data-widget_type=\"button.default\">\n\t\t\t\t<div class=\"elementor-widget-container\">\n\t\t\t\t\t\t\t\t\t<div class=\"elementor-button-wrapper\">\n\t\t\t\t\t<a class=\"elementor-button elementor-button-link elementor-size-sm elementor-animation-sink\" href=\"https:\/\/www.youtube.com\/watch?v=uoEUwfRuGqI\" target=\"_blank\">\n\t\t\t\t\t\t<span class=\"elementor-button-content-wrapper\">\n\t\t\t\t\t\t<span class=\"elementor-button-icon\">\n\t\t\t\t<svg aria-hidden=\"true\" class=\"e-font-icon-svg e-fas-book-reader\" viewBox=\"0 0 512 512\" xmlns=\"http:\/\/www.w3.org\/2000\/svg\"><path d=\"M352 96c0-53.02-42.98-96-96-96s-96 42.98-96 96 42.98 96 96 96 96-42.98 96-96zM233.59 241.1c-59.33-36.32-155.43-46.3-203.79-49.05C13.55 191.13 0 203.51 0 219.14v222.8c0 14.33 11.59 26.28 26.49 27.05 43.66 2.29 131.99 10.68 193.04 41.43 9.37 4.72 20.48-1.71 20.48-11.87V252.56c-.01-4.67-2.32-8.95-6.42-11.46zm248.61-49.05c-48.35 2.74-144.46 12.73-203.78 49.05-4.1 2.51-6.41 6.96-6.41 11.63v245.79c0 10.19 11.14 16.63 20.54 11.9 61.04-30.72 149.32-39.11 192.97-41.4 14.9-.78 26.49-12.73 26.49-27.06V219.14c-.01-15.63-13.56-28.01-29.81-27.09z\"><\/path><\/svg>\t\t\t<\/span>\n\t\t\t\t\t\t\t\t\t<span class=\"elementor-button-text\">Voir la vid\u00e9o (3 minutes)<\/span>\n\t\t\t\t\t<\/span>\n\t\t\t\t\t<\/a>\n\t\t\t\t<\/div>\n\t\t\t\t\t\t\t\t<\/div>\n\t\t\t\t<\/div>\n\t\t\t\t<\/div>\n\t\t<div class=\"elementor-element elementor-element-d7360b7 e-flex e-con-boxed e-con e-parent\" data-id=\"d7360b7\" data-element_type=\"container\" data-e-type=\"container\">\n\t\t\t\t\t<div class=\"e-con-inner\">\n\t\t\t\t<div class=\"elementor-element elementor-element-88e72a4 elementor-widget-divider--view-line elementor-widget elementor-widget-divider\" data-id=\"88e72a4\" data-element_type=\"widget\" data-e-type=\"widget\" data-widget_type=\"divider.default\">\n\t\t\t\t<div class=\"elementor-widget-container\">\n\t\t\t\t\t\t\t<div class=\"elementor-divider\">\n\t\t\t<span class=\"elementor-divider-separator\">\n\t\t\t\t\t\t<\/span>\n\t\t<\/div>\n\t\t\t\t\t\t<\/div>\n\t\t\t\t<\/div>\n\t\t\t\t\t<\/div>\n\t\t\t\t<\/div>\n\t\t\t\t<\/div>\n\t\t","protected":false},"excerpt":{"rendered":"<p>Un b\u00e2timent durable L&rsquo;objectif \u00e9tant de cr\u00e9er un \u00e9quipement de sensibilisation aux enjeux \u00e9nerg\u00e9tiques et climatiques, le b\u00e2timent lui-m\u00eame participe au projet et sert de support p\u00e9dagogique. Plusieurs fen\u00eatres de v\u00e9rit\u00e9 permettent de d\u00e9couvrir la structure du b\u00e2timent et son mode de fonctionnement. Suivant cette logique, la mise en \u0153uvre d&rsquo;une d\u00e9marche exp\u00e9rimentale E+ \/ [&hellip;]<\/p>\n","protected":false},"author":1,"featured_media":556,"parent":0,"menu_order":0,"comment_status":"closed","ping_status":"closed","template":"","meta":{"footnotes":""},"class_list":["post-330","page","type-page","status-publish","has-post-thumbnail","hentry"],"_links":{"self":[{"href":"https:\/\/maisondelenergie.sehv.fr\/index.php\/wp-json\/wp\/v2\/pages\/330","targetHints":{"allow":["GET"]}}],"collection":[{"href":"https:\/\/maisondelenergie.sehv.fr\/index.php\/wp-json\/wp\/v2\/pages"}],"about":[{"href":"https:\/\/maisondelenergie.sehv.fr\/index.php\/wp-json\/wp\/v2\/types\/page"}],"author":[{"embeddable":true,"href":"https:\/\/maisondelenergie.sehv.fr\/index.php\/wp-json\/wp\/v2\/users\/1"}],"replies":[{"embeddable":true,"href":"https:\/\/maisondelenergie.sehv.fr\/index.php\/wp-json\/wp\/v2\/comments?post=330"}],"version-history":[{"count":208,"href":"https:\/\/maisondelenergie.sehv.fr\/index.php\/wp-json\/wp\/v2\/pages\/330\/revisions"}],"predecessor-version":[{"id":5933,"href":"https:\/\/maisondelenergie.sehv.fr\/index.php\/wp-json\/wp\/v2\/pages\/330\/revisions\/5933"}],"wp:featuredmedia":[{"embeddable":true,"href":"https:\/\/maisondelenergie.sehv.fr\/index.php\/wp-json\/wp\/v2\/media\/556"}],"wp:attachment":[{"href":"https:\/\/maisondelenergie.sehv.fr\/index.php\/wp-json\/wp\/v2\/media?parent=330"}],"curies":[{"name":"wp","href":"https:\/\/api.w.org\/{rel}","templated":true}]}}