{"id":282,"date":"2023-08-04T14:21:36","date_gmt":"2023-08-04T12:21:36","guid":{"rendered":"http:\/\/maisondelenergie.sehv.fr\/?page_id=282"},"modified":"2026-01-30T12:04:29","modified_gmt":"2026-01-30T11:04:29","slug":"concours-la-maison-de-lenegie","status":"publish","type":"page","link":"https:\/\/maisondelenergie.sehv.fr\/index.php\/concours-la-maison-de-lenegie\/","title":{"rendered":"Concours de dessin"},"content":{"rendered":"\t\t<div data-elementor-type=\"wp-page\" data-elementor-id=\"282\" class=\"elementor elementor-282\">\n\t\t\t\t<div class=\"elementor-element elementor-element-107ee6f2 e-flex e-con-boxed e-con e-parent\" data-id=\"107ee6f2\" data-element_type=\"container\" data-e-type=\"container\">\n\t\t\t\t\t<div class=\"e-con-inner\">\n\t\t<div class=\"elementor-element elementor-element-7b31532 e-con-full e-flex e-con e-child\" data-id=\"7b31532\" data-element_type=\"container\" data-e-type=\"container\">\n\t\t\t\t<div class=\"elementor-element elementor-element-2f89a747 elementor-widget elementor-widget-heading\" data-id=\"2f89a747\" data-element_type=\"widget\" data-e-type=\"widget\" data-widget_type=\"heading.default\">\n\t\t\t\t<div class=\"elementor-widget-container\">\n\t\t\t\t\t<div class=\"elementor-heading-title elementor-size-default\"><h1>Concours de dessin<\/h1><\/div>\t\t\t\t<\/div>\n\t\t\t\t<\/div>\n\t\t\t\t<\/div>\n\t\t\t\t\t<\/div>\n\t\t\t\t<\/div>\n\t\t<div class=\"elementor-element elementor-element-cd94f73 e-flex e-con-boxed e-con e-parent\" data-id=\"cd94f73\" data-element_type=\"container\" data-e-type=\"container\">\n\t\t\t\t\t<div class=\"e-con-inner\">\n\t\t<div class=\"elementor-element elementor-element-96623d6 e-con-full e-flex e-con e-child\" data-id=\"96623d6\" data-element_type=\"container\" data-e-type=\"container\">\n\t\t<div class=\"elementor-element elementor-element-9c9dc91 e-con-full e-flex e-con e-child\" data-id=\"9c9dc91\" data-element_type=\"container\" data-e-type=\"container\">\n\t\t\t\t<div class=\"elementor-element elementor-element-7050a3b elementor-widget elementor-widget-image\" data-id=\"7050a3b\" data-element_type=\"widget\" data-e-type=\"widget\" data-widget_type=\"image.default\">\n\t\t\t\t<div class=\"elementor-widget-container\">\n\t\t\t\t\t\t\t\t\t\t\t\t\t\t\t<img fetchpriority=\"high\" decoding=\"async\" width=\"768\" height=\"512\" src=\"https:\/\/maisondelenergie.sehv.fr\/wp-content\/uploads\/2025\/07\/AdobeStock_1113885410-768x512.jpeg\" class=\"attachment-medium_large size-medium_large wp-image-6958\" alt=\"\" srcset=\"https:\/\/maisondelenergie.sehv.fr\/wp-content\/uploads\/2025\/07\/AdobeStock_1113885410-768x512.jpeg 768w, https:\/\/maisondelenergie.sehv.fr\/wp-content\/uploads\/2025\/07\/AdobeStock_1113885410-300x200.jpeg 300w, https:\/\/maisondelenergie.sehv.fr\/wp-content\/uploads\/2025\/07\/AdobeStock_1113885410-1024x683.jpeg 1024w, https:\/\/maisondelenergie.sehv.fr\/wp-content\/uploads\/2025\/07\/AdobeStock_1113885410-1536x1024.jpeg 1536w, https:\/\/maisondelenergie.sehv.fr\/wp-content\/uploads\/2025\/07\/AdobeStock_1113885410-2048x1365.jpeg 2048w\" sizes=\"(max-width: 768px) 100vw, 768px\" \/>\t\t\t\t\t\t\t\t\t\t\t\t\t\t\t<\/div>\n\t\t\t\t<\/div>\n\t\t\t\t<\/div>\n\t\t\t\t<\/div>\n\t\t<div class=\"elementor-element elementor-element-fb07dd4 e-con-full e-flex e-con e-child\" data-id=\"fb07dd4\" data-element_type=\"container\" data-e-type=\"container\">\n\t\t<div class=\"elementor-element elementor-element-26f5535 e-con-full e-flex e-con e-child\" data-id=\"26f5535\" data-element_type=\"container\" data-e-type=\"container\">\n\t\t\t\t<div class=\"elementor-element elementor-element-375207c elementor-widget elementor-widget-heading\" data-id=\"375207c\" data-element_type=\"widget\" data-e-type=\"widget\" data-widget_type=\"heading.default\">\n\t\t\t\t<div class=\"elementor-widget-container\">\n\t\t\t\t\t<div class=\"elementor-heading-title elementor-size-default\"><h2>2025-2026 \u00ab&nbsp;Dessine-moi le climat de demain&nbsp;\u00bb <\/h2><\/div>\t\t\t\t<\/div>\n\t\t\t\t<\/div>\n\t\t\t\t<div class=\"elementor-element elementor-element-8568fd3 elementor-widget elementor-widget-text-editor\" data-id=\"8568fd3\" data-element_type=\"widget\" data-e-type=\"widget\" data-widget_type=\"text-editor.default\">\n\t\t\t\t<div class=\"elementor-widget-container\">\n\t\t\t\t\t\t\t\t\t<h3>Exprimez vos id\u00e9es, soyez cr\u00e9atifs et sensibilisez-vous aux enjeux climatiques \u00e0 travers l\u2019art !<\/h3>\t\t\t\t\t\t\t\t<\/div>\n\t\t\t\t<\/div>\n\t\t\t\t<div class=\"elementor-element elementor-element-72158d77 elementor-align-center elementor-invisible elementor-widget elementor-widget-button\" data-id=\"72158d77\" data-element_type=\"widget\" data-e-type=\"widget\" data-settings=\"{&quot;_animation&quot;:&quot;fadeInDown&quot;}\" data-widget_type=\"button.default\">\n\t\t\t\t<div class=\"elementor-widget-container\">\n\t\t\t\t\t\t\t\t\t<div class=\"elementor-button-wrapper\">\n\t\t\t\t\t<a class=\"elementor-button elementor-button-link elementor-size-sm elementor-animation-sink\" href=\"https:\/\/docs.google.com\/forms\/d\/e\/1FAIpQLScnfivZKPvQ-1DQHruY936HIDYhFaLN7b_Q9Ck6GqNBIy5l9g\/viewform?pli=1\">\n\t\t\t\t\t\t<span class=\"elementor-button-content-wrapper\">\n\t\t\t\t\t\t<span class=\"elementor-button-icon\">\n\t\t\t\t<svg aria-hidden=\"true\" class=\"e-font-icon-svg e-far-edit\" viewBox=\"0 0 576 512\" xmlns=\"http:\/\/www.w3.org\/2000\/svg\"><path d=\"M402.3 344.9l32-32c5-5 13.7-1.5 13.7 5.7V464c0 26.5-21.5 48-48 48H48c-26.5 0-48-21.5-48-48V112c0-26.5 21.5-48 48-48h273.5c7.1 0 10.7 8.6 5.7 13.7l-32 32c-1.5 1.5-3.5 2.3-5.7 2.3H48v352h352V350.5c0-2.1.8-4.1 2.3-5.6zm156.6-201.8L296.3 405.7l-90.4 10c-26.2 2.9-48.5-19.2-45.6-45.6l10-90.4L432.9 17.1c22.9-22.9 59.9-22.9 82.7 0l43.2 43.2c22.9 22.9 22.9 60 .1 82.8zM460.1 174L402 115.9 216.2 301.8l-7.3 65.3 65.3-7.3L460.1 174zm64.8-79.7l-43.2-43.2c-4.1-4.1-10.8-4.1-14.8 0L436 82l58.1 58.1 30.9-30.9c4-4.2 4-10.8-.1-14.9z\"><\/path><\/svg>\t\t\t<\/span>\n\t\t\t\t\t\t\t\t\t<span class=\"elementor-button-text\">S'inscrire<\/span>\n\t\t\t\t\t<\/span>\n\t\t\t\t\t<\/a>\n\t\t\t\t<\/div>\n\t\t\t\t\t\t\t\t<\/div>\n\t\t\t\t<\/div>\n\t\t\t\t<\/div>\n\t\t\t\t<\/div>\n\t\t\t\t\t<\/div>\n\t\t\t\t<\/div>\n\t\t<div class=\"elementor-element elementor-element-5a0cbd8 e-flex e-con-boxed e-con e-parent\" data-id=\"5a0cbd8\" data-element_type=\"container\" data-e-type=\"container\">\n\t\t\t\t\t<div class=\"e-con-inner\">\n\t\t<div class=\"elementor-element elementor-element-08b8d86 e-con-full e-transform e-flex e-con e-child\" data-id=\"08b8d86\" data-element_type=\"container\" data-e-type=\"container\" data-settings=\"{&quot;_transform_scale_effect_hover&quot;:{&quot;unit&quot;:&quot;px&quot;,&quot;size&quot;:1.1,&quot;sizes&quot;:[]},&quot;_transform_scale_effect_hover_tablet&quot;:{&quot;unit&quot;:&quot;px&quot;,&quot;size&quot;:&quot;&quot;,&quot;sizes&quot;:[]},&quot;_transform_scale_effect_hover_mobile&quot;:{&quot;unit&quot;:&quot;px&quot;,&quot;size&quot;:&quot;&quot;,&quot;sizes&quot;:[]}}\">\n\t\t\t\t<div class=\"elementor-element elementor-element-5eabd50 elementor-widget elementor-widget-heading\" data-id=\"5eabd50\" data-element_type=\"widget\" data-e-type=\"widget\" data-widget_type=\"heading.default\">\n\t\t\t\t<div class=\"elementor-widget-container\">\n\t\t\t\t\t<div class=\"elementor-heading-title elementor-size-default\">Quel objectif ?<\/div>\t\t\t\t<\/div>\n\t\t\t\t<\/div>\n\t\t\t\t<div class=\"elementor-element elementor-element-ca2adb5 elementor-widget elementor-widget-text-editor\" data-id=\"ca2adb5\" data-element_type=\"widget\" data-e-type=\"widget\" data-widget_type=\"text-editor.default\">\n\t\t\t\t<div class=\"elementor-widget-container\">\n\t\t\t\t\t\t\t\t\t<p style=\"text-align: left;\">L\u2019objectif de ce concours est de sensibiliser les \u00e9l\u00e8ves aux enjeux climatiques \u00e0 travers l\u2019expression artistique.<\/p><p style=\"text-align: left;\">\u00a0<\/p><p style=\"text-align: left;\">Sur le th\u00e8me <strong>\u00ab\u00a0Dessine-moi le climat de demain\u00a0\u00bb<\/strong>, les participants sont invit\u00e9s \u00e0 repr\u00e9senter leur vision du climat de demain pouvant inclure\u00a0:<\/p><ul><li style=\"text-align: left;\">les cons\u00e9quences du changement climatique,<\/li><li style=\"text-align: left;\">des solutions\/inventions pour pr\u00e9server la plan\u00e8te ou s&rsquo;adapter au changement climatique,<\/li><li style=\"text-align: left;\">une plan\u00e8te r\u00eav\u00e9e, r\u00e9par\u00e9e ou menac\u00e9e,<\/li><li style=\"text-align: left;\">la nature, les hommes et les saisons du futur&#8230;<\/li><\/ul><p style=\"text-align: left;\">\u00a0<\/p>\t\t\t\t\t\t\t\t<\/div>\n\t\t\t\t<\/div>\n\t\t\t\t<\/div>\n\t\t<div class=\"elementor-element elementor-element-ba1f53d e-con-full e-transform e-flex e-con e-child\" data-id=\"ba1f53d\" data-element_type=\"container\" data-e-type=\"container\" data-settings=\"{&quot;_transform_scale_effect_hover&quot;:{&quot;unit&quot;:&quot;px&quot;,&quot;size&quot;:1.1,&quot;sizes&quot;:[]},&quot;_transform_scale_effect_hover_tablet&quot;:{&quot;unit&quot;:&quot;px&quot;,&quot;size&quot;:&quot;&quot;,&quot;sizes&quot;:[]},&quot;_transform_scale_effect_hover_mobile&quot;:{&quot;unit&quot;:&quot;px&quot;,&quot;size&quot;:&quot;&quot;,&quot;sizes&quot;:[]}}\">\n\t\t\t\t<div class=\"elementor-element elementor-element-236162b elementor-widget elementor-widget-heading\" data-id=\"236162b\" data-element_type=\"widget\" data-e-type=\"widget\" data-widget_type=\"heading.default\">\n\t\t\t\t<div class=\"elementor-widget-container\">\n\t\t\t\t\t<h3 class=\"elementor-heading-title elementor-size-default\">Quelle production&nbsp;?<\/h3>\t\t\t\t<\/div>\n\t\t\t\t<\/div>\n\t\t\t\t<div class=\"elementor-element elementor-element-2ec74c1 elementor-widget elementor-widget-text-editor\" data-id=\"2ec74c1\" data-element_type=\"widget\" data-e-type=\"widget\" data-widget_type=\"text-editor.default\">\n\t\t\t\t<div class=\"elementor-widget-container\">\n\t\t\t\t\t\t\t\t\t<p style=\"text-align: left;\">Chaque classe s\u00e9lectionne parmi ses productions<strong>\u00a0maximum 2 dessins<\/strong> pour la participation au concours.<\/p><p class=\"MsoNormal\" style=\"text-align: left;\">Chaque production doit \u00eatre<\/p><ul><li class=\"MsoNormal\" style=\"text-align: left;\">un original fait \u00e0 la main (crayons, feutres, peinture etc.),<\/li><li class=\"MsoNormal\" style=\"text-align: left;\">en format A4 ou A3,<\/li><li class=\"MsoNormal\" style=\"text-align: left;\">accompagn\u00e9 du nom, pr\u00e9nom, \u00e2ge et classe de l\u2019\u00e9l\u00e8ve. Du nom de l\u2019\u00e9tablissement scolaire et de l\u2019enseignant,\u00a0<\/li><li class=\"MsoNormal\" style=\"text-align: left;\">accompagn\u00e9 d\u2019un titre et d\u2019un court texte explicatif (3-5 lignes) d\u00e9crivant l\u2019id\u00e9e derri\u00e8re le dessin.<\/li><\/ul>\t\t\t\t\t\t\t\t<\/div>\n\t\t\t\t<\/div>\n\t\t\t\t<\/div>\n\t\t<div class=\"elementor-element elementor-element-f57b1a8 e-con-full e-transform e-flex e-con e-child\" data-id=\"f57b1a8\" data-element_type=\"container\" data-e-type=\"container\" data-settings=\"{&quot;_transform_scale_effect_hover&quot;:{&quot;unit&quot;:&quot;px&quot;,&quot;size&quot;:1.1,&quot;sizes&quot;:[]},&quot;_transform_scale_effect_hover_tablet&quot;:{&quot;unit&quot;:&quot;px&quot;,&quot;size&quot;:&quot;&quot;,&quot;sizes&quot;:[]},&quot;_transform_scale_effect_hover_mobile&quot;:{&quot;unit&quot;:&quot;px&quot;,&quot;size&quot;:&quot;&quot;,&quot;sizes&quot;:[]}}\">\n\t\t\t\t<div class=\"elementor-element elementor-element-3fd7cd3 elementor-widget elementor-widget-heading\" data-id=\"3fd7cd3\" data-element_type=\"widget\" data-e-type=\"widget\" data-widget_type=\"heading.default\">\n\t\t\t\t<div class=\"elementor-widget-container\">\n\t\t\t\t\t<h3 class=\"elementor-heading-title elementor-size-default\">Pour qui ?<\/h3>\t\t\t\t<\/div>\n\t\t\t\t<\/div>\n\t\t\t\t<div class=\"elementor-element elementor-element-f3f30b3 elementor-widget elementor-widget-text-editor\" data-id=\"f3f30b3\" data-element_type=\"widget\" data-e-type=\"widget\" data-widget_type=\"text-editor.default\">\n\t\t\t\t<div class=\"elementor-widget-container\">\n\t\t\t\t\t\t\t\t\t<p style=\"text-align: left;\">Le concours est ouvert aux scolaires, et sera jug\u00e9 selon trois cat\u00e9gories :<\/p><ul><li style=\"text-align: left;\">du cycle 3 (CM1, CM2, 6<sup>\u00e8me<\/sup>),<\/li><li style=\"text-align: left;\">du cycle 4 (5<sup>\u00e8me<\/sup>, 4<sup>\u00e8me<\/sup> et 3<sup>\u00e8me<\/sup>),<\/li><li style=\"text-align: left;\">du lyc\u00e9e (2<sup>de<\/sup>, 1<sup>\u00e8re<\/sup>, Terminale).<\/li><\/ul>\t\t\t\t\t\t\t\t<\/div>\n\t\t\t\t<\/div>\n\t\t\t\t<div class=\"elementor-element elementor-element-a9c82d0 elementor-widget elementor-widget-heading\" data-id=\"a9c82d0\" data-element_type=\"widget\" data-e-type=\"widget\" data-widget_type=\"heading.default\">\n\t\t\t\t<div class=\"elementor-widget-container\">\n\t\t\t\t\t<h3 class=\"elementor-heading-title elementor-size-default\">\ud83c\udfc6 \u00c0 gagner !<\/h3>\t\t\t\t<\/div>\n\t\t\t\t<\/div>\n\t\t\t\t<div class=\"elementor-element elementor-element-e055a2a elementor-widget elementor-widget-text-editor\" data-id=\"e055a2a\" data-element_type=\"widget\" data-e-type=\"widget\" data-widget_type=\"text-editor.default\">\n\t\t\t\t<div class=\"elementor-widget-container\">\n\t\t\t\t\t\t\t\t\t<p style=\"text-align: left;\"><span style=\"text-align: left;\">Des prix pour les laur\u00e9ats de chaque cat\u00e9gorie, et un dipl\u00f4me de participation pour tous !<\/span><\/p>\t\t\t\t\t\t\t\t<\/div>\n\t\t\t\t<\/div>\n\t\t\t\t<div class=\"elementor-element elementor-element-ac35f7b elementor-widget elementor-widget-heading\" data-id=\"ac35f7b\" data-element_type=\"widget\" data-e-type=\"widget\" data-widget_type=\"heading.default\">\n\t\t\t\t<div class=\"elementor-widget-container\">\n\t\t\t\t\t<h3 class=\"elementor-heading-title elementor-size-default\">Modalit\u00e9s pratiques<\/h3>\t\t\t\t<\/div>\n\t\t\t\t<\/div>\n\t\t\t\t<div class=\"elementor-element elementor-element-c9dbd38 elementor-widget elementor-widget-text-editor\" data-id=\"c9dbd38\" data-element_type=\"widget\" data-e-type=\"widget\" data-widget_type=\"text-editor.default\">\n\t\t\t\t<div class=\"elementor-widget-container\">\n\t\t\t\t\t\t\t\t\t<p style=\"text-align: left;\"><strong>Date limite<\/strong>&nbsp; : 17 avril 2026.<\/p>\n<p style=\"text-align: left;\"><strong>Envoi des dessins :<\/strong><\/p>\n<ul>\n<li style=\"text-align: left;\">par courrier \u00e0 l&rsquo;adresse :<\/li>\n<\/ul>\n<p style=\"text-align: center;\">Service Animation<\/p><p style=\"text-align: center;\">Syndicat \u00c9nergies Haute-Vienne,&nbsp;<\/p>\n<p style=\"text-align: center;\">8 rue d\u2019Anguernaud,<\/p>\n<p style=\"text-align: center;\">87410 Le Palais-sur-Vienne,<\/p>\n<ul>\n<li style=\"text-align: left;\">ou par mail \u00e0 mde@sehv.fr.<\/li>\n<\/ul>\t\t\t\t\t\t\t\t<\/div>\n\t\t\t\t<\/div>\n\t\t\t\t<\/div>\n\t\t\t\t\t<\/div>\n\t\t\t\t<\/div>\n\t\t<div class=\"elementor-element elementor-element-a51b332 e-flex e-con-boxed e-con e-parent\" data-id=\"a51b332\" data-element_type=\"container\" data-e-type=\"container\" data-settings=\"{&quot;background_background&quot;:&quot;classic&quot;}\">\n\t\t\t\t\t<div class=\"e-con-inner\">\n\t\t\t\t<div class=\"elementor-element elementor-element-e3e8b5f elementor-widget__width-initial elementor-widget elementor-widget-text-editor\" data-id=\"e3e8b5f\" data-element_type=\"widget\" data-e-type=\"widget\" data-widget_type=\"text-editor.default\">\n\t\t\t\t<div class=\"elementor-widget-container\">\n\t\t\t\t\t\t\t\t\t<h4><a href=\"https:\/\/www.sehv.fr\/Docs\/animation-sensibilisation\/Dessine-moi_le_climat_ReglementConcoursMDE2025-26.pdf\">\u2b07\ufe0f T\u00e9l\u00e9charger le r\u00e8glement du concours \u00ab\u00a0Dessine-moi le Climat de demain !\u00a0\u00bb<\/a><\/h4>\t\t\t\t\t\t\t\t<\/div>\n\t\t\t\t<\/div>\n\t\t\t\t\t<\/div>\n\t\t\t\t<\/div>\n\t\t<div class=\"elementor-element elementor-element-3c4157cf e-flex e-con-boxed e-con e-parent\" data-id=\"3c4157cf\" data-element_type=\"container\" data-e-type=\"container\">\n\t\t\t\t\t<div class=\"e-con-inner\">\n\t\t\t\t<div class=\"elementor-element elementor-element-5f9375db elementor-widget-divider--separator-type-pattern elementor-widget-divider--no-spacing elementor-widget-divider--view-line elementor-widget elementor-widget-divider\" data-id=\"5f9375db\" data-element_type=\"widget\" data-e-type=\"widget\" data-widget_type=\"divider.default\">\n\t\t\t\t<div class=\"elementor-widget-container\">\n\t\t\t\t\t\t\t<div class=\"elementor-divider\" style=\"--divider-pattern-url: url(&quot;data:image\/svg+xml,%3Csvg xmlns=&#039;http:\/\/www.w3.org\/2000\/svg&#039; preserveAspectRatio=&#039;xMidYMid meet&#039; overflow=&#039;visible&#039; height=&#039;100%&#039; viewBox=&#039;0 0 120 26&#039; fill=&#039;black&#039; stroke=&#039;none&#039;%3E%3Cpath d=&#039;M11.9,15.9L11.9,15.9L0,16c-0.2-3.7,1.5-5.7,4.9-6C10,9.6,12.4,14.2,11.9,15.9zM26.9,15.9L26.9,15.9L15,16c0.5-3.7,2.5-5.7,5.9-6C26,9.6,27.4,14.2,26.9,15.9z M37.1,10c3.4,0.3,5.1,2.3,4.9,6H30.1C29.5,14.4,31.9,9.6,37.1,10z M57,15.9L57,15.9L45,16c0-3.4,1.6-5.4,4.9-5.9C54.8,9.3,57.4,14.2,57,15.9z M71.9,15.9L71.9,15.9L60,16c-0.2-3.7,1.5-5.7,4.9-6C70,9.6,72.4,14.2,71.9,15.9z M82.2,10c3.4,0.3,5,2.3,4.8,6H75.3C74,13,77.1,9.6,82.2,10zM101.9,15.9L101.9,15.9L90,16c-0.2-3.7,1.5-5.7,4.9-6C100,9.6,102.4,14.2,101.9,15.9z M112.1,10.1c2.7,0.5,4.3,2.5,4.9,5.9h-11.9l0,0C104.5,14.4,108,9.3,112.1,10.1z&#039;\/%3E%3C\/svg%3E&quot;);\">\n\t\t\t<span class=\"elementor-divider-separator\">\n\t\t\t\t\t\t<\/span>\n\t\t<\/div>\n\t\t\t\t\t\t<\/div>\n\t\t\t\t<\/div>\n\t\t\t\t\t<\/div>\n\t\t\t\t<\/div>\n\t\t<div class=\"elementor-element elementor-element-5e3bddd e-flex e-con-boxed e-con e-parent\" data-id=\"5e3bddd\" data-element_type=\"container\" data-e-type=\"container\">\n\t\t\t\t\t<div class=\"e-con-inner\">\n\t\t<div class=\"elementor-element elementor-element-dc253e3 e-con-full e-flex e-con e-child\" data-id=\"dc253e3\" data-element_type=\"container\" data-e-type=\"container\">\n\t\t\t\t<div class=\"elementor-element elementor-element-d47af1a e-transform elementor-widget elementor-widget-image\" data-id=\"d47af1a\" data-element_type=\"widget\" data-e-type=\"widget\" data-settings=\"{&quot;_transform_scale_effect_hover&quot;:{&quot;unit&quot;:&quot;px&quot;,&quot;size&quot;:1.1,&quot;sizes&quot;:[]},&quot;_transform_scale_effect_hover_tablet&quot;:{&quot;unit&quot;:&quot;px&quot;,&quot;size&quot;:&quot;&quot;,&quot;sizes&quot;:[]},&quot;_transform_scale_effect_hover_mobile&quot;:{&quot;unit&quot;:&quot;px&quot;,&quot;size&quot;:&quot;&quot;,&quot;sizes&quot;:[]}}\" data-widget_type=\"image.default\">\n\t\t\t\t<div class=\"elementor-widget-container\">\n\t\t\t\t\t\t\t\t\t\t\t\t\t\t\t<img decoding=\"async\" width=\"800\" height=\"800\" src=\"https:\/\/maisondelenergie.sehv.fr\/wp-content\/uploads\/2024\/02\/Capture-decran-2024-02-23-a-13.58.37.png\" class=\"attachment-large size-large wp-image-635\" alt=\"\" srcset=\"https:\/\/maisondelenergie.sehv.fr\/wp-content\/uploads\/2024\/02\/Capture-decran-2024-02-23-a-13.58.37.png 928w, https:\/\/maisondelenergie.sehv.fr\/wp-content\/uploads\/2024\/02\/Capture-decran-2024-02-23-a-13.58.37-300x300.png 300w, https:\/\/maisondelenergie.sehv.fr\/wp-content\/uploads\/2024\/02\/Capture-decran-2024-02-23-a-13.58.37-150x150.png 150w\" sizes=\"(max-width: 800px) 100vw, 800px\" \/>\t\t\t\t\t\t\t\t\t\t\t\t\t\t\t<\/div>\n\t\t\t\t<\/div>\n\t\t\t\t<div class=\"elementor-element elementor-element-bac8555 elementor-widget elementor-widget-image\" data-id=\"bac8555\" data-element_type=\"widget\" data-e-type=\"widget\" data-widget_type=\"image.default\">\n\t\t\t\t<div class=\"elementor-widget-container\">\n\t\t\t\t\t\t\t\t\t\t\t\t\t\t\t<img decoding=\"async\" width=\"96\" height=\"50\" src=\"https:\/\/maisondelenergie.sehv.fr\/wp-content\/uploads\/2023\/08\/logo_agence_bingo.svg\" class=\"attachment-large size-large wp-image-322\" alt=\"\" \/>\t\t\t\t\t\t\t\t\t\t\t\t\t\t\t<\/div>\n\t\t\t\t<\/div>\n\t\t\t\t<\/div>\n\t\t<div class=\"elementor-element elementor-element-216ed34 e-con-full e-flex e-con e-child\" data-id=\"216ed34\" data-element_type=\"container\" data-e-type=\"container\">\n\t\t\t\t<div class=\"elementor-element elementor-element-dafc7dd elementor-widget elementor-widget-heading\" data-id=\"dafc7dd\" data-element_type=\"widget\" data-e-type=\"widget\" data-widget_type=\"heading.default\">\n\t\t\t\t<div class=\"elementor-widget-container\">\n\t\t\t\t\t<div class=\"elementor-heading-title elementor-size-default\"><h2>\u00c9ditions ant\u00e9rieures de concours organis\u00e9s au SEHV<\/h2><\/div>\t\t\t\t<\/div>\n\t\t\t\t<\/div>\n\t\t\t\t<div class=\"elementor-element elementor-element-95545db elementor-widget elementor-widget-text-editor\" data-id=\"95545db\" data-element_type=\"widget\" data-e-type=\"widget\" data-widget_type=\"text-editor.default\">\n\t\t\t\t<div class=\"elementor-widget-container\">\n\t\t\t\t\t\t\t\t\t<p>Retrouvez les projets des classes des \u00e9ditions ant\u00e9rieures et les laur\u00e9ats d\u00e9partementaux.<\/p><p>\u00a0<\/p><p><a href=\"http:\/\/maisondelenergie.sehv.fr\/wp-content\/uploads\/2024\/05\/circulaireIA2018.pdf\" target=\"_blank\" rel=\"noopener\"><span style=\"color: #ff9900;\">\u2b07\ufe0f<\/span> Circulaire de l&rsquo;inspection acad\u00e9mique 2018 sur le concours \u00e9coloustics<\/a><\/p><p><a href=\"http:\/\/maisondelenergie.sehv.fr\/wp-content\/uploads\/2024\/03\/bilan_2017-2018.pdf\" target=\"_blank\" rel=\"noopener\">\u2b07\ufe0f Bilan du concours \u00e9coloustics 2017-2018<\/a><\/p><p><a href=\"http:\/\/maisondelenergie.sehv.fr\/wp-content\/uploads\/2024\/03\/bilan_2018-2019.pdf\" target=\"_blank\" rel=\"noopener\">\u2b07\ufe0f Bilan du concours \u00e9coloustics 2018-2019<\/a><\/p><p><a href=\"http:\/\/www.sehv.fr\/pageactualite.php?actu=20200702ECOLOUSTICS\" target=\"_blank\" rel=\"noopener\">\u2b07\ufe0f Bilan du concours \u00e9coloustics 2019-2020<\/a><\/p><p><a href=\"http:\/\/maisondelenergie.sehv.fr\/wp-content\/uploads\/2024\/03\/bilan_2021-2022.pdf\" target=\"_blank\" rel=\"noopener\">\u2b07\ufe0f Bilan du concours \u00e9coloustics 2021-2022<\/a><\/p>\t\t\t\t\t\t\t\t<\/div>\n\t\t\t\t<\/div>\n\t\t\t\t<\/div>\n\t\t\t\t\t<\/div>\n\t\t\t\t<\/div>\n\t\t\t\t<\/div>\n\t\t","protected":false},"excerpt":{"rendered":"<p>Concours de dessin 2025-2026 \u00ab&nbsp;Dessine-moi le climat de demain&nbsp;\u00bb Exprimez vos id\u00e9es, soyez cr\u00e9atifs et sensibilisez-vous aux enjeux climatiques \u00e0 travers l\u2019art ! S&rsquo;inscrire Quel objectif ? L\u2019objectif de ce concours est de sensibiliser les \u00e9l\u00e8ves aux enjeux climatiques \u00e0 travers l\u2019expression artistique. \u00a0 Sur le th\u00e8me \u00ab\u00a0Dessine-moi le climat de demain\u00a0\u00bb, les participants sont [&hellip;]<\/p>\n","protected":false},"author":1,"featured_media":0,"parent":0,"menu_order":0,"comment_status":"closed","ping_status":"closed","template":"","meta":{"footnotes":""},"class_list":["post-282","page","type-page","status-publish","hentry"],"_links":{"self":[{"href":"https:\/\/maisondelenergie.sehv.fr\/index.php\/wp-json\/wp\/v2\/pages\/282","targetHints":{"allow":["GET"]}}],"collection":[{"href":"https:\/\/maisondelenergie.sehv.fr\/index.php\/wp-json\/wp\/v2\/pages"}],"about":[{"href":"https:\/\/maisondelenergie.sehv.fr\/index.php\/wp-json\/wp\/v2\/types\/page"}],"author":[{"embeddable":true,"href":"https:\/\/maisondelenergie.sehv.fr\/index.php\/wp-json\/wp\/v2\/users\/1"}],"replies":[{"embeddable":true,"href":"https:\/\/maisondelenergie.sehv.fr\/index.php\/wp-json\/wp\/v2\/comments?post=282"}],"version-history":[{"count":222,"href":"https:\/\/maisondelenergie.sehv.fr\/index.php\/wp-json\/wp\/v2\/pages\/282\/revisions"}],"predecessor-version":[{"id":7237,"href":"https:\/\/maisondelenergie.sehv.fr\/index.php\/wp-json\/wp\/v2\/pages\/282\/revisions\/7237"}],"wp:attachment":[{"href":"https:\/\/maisondelenergie.sehv.fr\/index.php\/wp-json\/wp\/v2\/media?parent=282"}],"curies":[{"name":"wp","href":"https:\/\/api.w.org\/{rel}","templated":true}]}}