{"id":2270,"date":"2024-09-20T08:55:57","date_gmt":"2024-09-20T06:55:57","guid":{"rendered":"http:\/\/maisondelenergie.sehv.fr\/?page_id=2270"},"modified":"2024-09-24T10:21:46","modified_gmt":"2024-09-24T08:21:46","slug":"actualite-la-maison-de-lenergie-fait-sa-rentree","status":"publish","type":"page","link":"https:\/\/maisondelenergie.sehv.fr\/index.php\/actualite-la-maison-de-lenergie-fait-sa-rentree\/","title":{"rendered":"Actualit\u00e9 &#8211; LA MAISON DE L&rsquo;\u00c9NERGIE fait sa rentr\u00e9e"},"content":{"rendered":"\t\t<div data-elementor-type=\"wp-page\" data-elementor-id=\"2270\" class=\"elementor elementor-2270\">\n\t\t\t\t<div class=\"elementor-element elementor-element-ee13279 e-flex e-con-boxed e-con e-parent\" data-id=\"ee13279\" data-element_type=\"container\" data-e-type=\"container\">\n\t\t\t\t\t<div class=\"e-con-inner\">\n\t\t\t\t<div class=\"elementor-element elementor-element-b56e654 elementor-widget-divider--view-line elementor-widget elementor-widget-divider\" data-id=\"b56e654\" data-element_type=\"widget\" data-e-type=\"widget\" data-widget_type=\"divider.default\">\n\t\t\t\t<div class=\"elementor-widget-container\">\n\t\t\t\t\t\t\t<div class=\"elementor-divider\">\n\t\t\t<span class=\"elementor-divider-separator\">\n\t\t\t\t\t\t<\/span>\n\t\t<\/div>\n\t\t\t\t\t\t<\/div>\n\t\t\t\t<\/div>\n\t\t\t\t\t<\/div>\n\t\t\t\t<\/div>\n\t\t<div class=\"elementor-element elementor-element-54997de e-flex e-con-boxed e-con e-parent\" data-id=\"54997de\" data-element_type=\"container\" data-e-type=\"container\">\n\t\t\t\t\t<div class=\"e-con-inner\">\n\t\t\t\t<div class=\"elementor-element elementor-element-1843d1a elementor-widget elementor-widget-heading\" data-id=\"1843d1a\" data-element_type=\"widget\" data-e-type=\"widget\" data-widget_type=\"heading.default\">\n\t\t\t\t<div class=\"elementor-widget-container\">\n\t\t\t\t\t<div class=\"elementor-heading-title elementor-size-default\">LA MAISON DE L'\u00c9NERGIE fait sa rentr\u00e9e<\/div>\t\t\t\t<\/div>\n\t\t\t\t<\/div>\n\t\t\t\t<div class=\"elementor-element elementor-element-005e00d elementor-widget elementor-widget-text-editor\" data-id=\"005e00d\" data-element_type=\"widget\" data-e-type=\"widget\" data-widget_type=\"text-editor.default\">\n\t\t\t\t<div class=\"elementor-widget-container\">\n\t\t\t\t\t\t\t\t\t<h5>Joli succ\u00e8s aupr\u00e8s des scolaires pour ce nouvel espace p\u00e9dagogique d\u00e9di\u00e9 \u00e0 la transition \u00e9nerg\u00e9tique et au changement climatique, avec d\u00e9j\u00e0 de nombreuses r\u00e9servations pour 2024-2025.<\/h5><p><span style=\"color: #faa21b;\">Publi\u00e9 le 20\/09\/2024<\/span><\/p>\t\t\t\t\t\t\t\t<\/div>\n\t\t\t\t<\/div>\n\t\t\t\t\t<\/div>\n\t\t\t\t<\/div>\n\t\t<div class=\"elementor-element elementor-element-75ec5e9 e-flex e-con-boxed e-con e-parent\" data-id=\"75ec5e9\" data-element_type=\"container\" data-e-type=\"container\">\n\t\t\t\t\t<div class=\"e-con-inner\">\n\t\t<div class=\"elementor-element elementor-element-ec0e56d e-con-full e-flex e-con e-child\" data-id=\"ec0e56d\" data-element_type=\"container\" data-e-type=\"container\">\n\t\t\t\t<div class=\"elementor-element elementor-element-2ee418c elementor-widget elementor-widget-image\" data-id=\"2ee418c\" data-element_type=\"widget\" data-e-type=\"widget\" data-widget_type=\"image.default\">\n\t\t\t\t<div class=\"elementor-widget-container\">\n\t\t\t\t\t\t\t\t\t\t\t\t\t\t\t<img fetchpriority=\"high\" decoding=\"async\" width=\"800\" height=\"640\" src=\"https:\/\/maisondelenergie.sehv.fr\/wp-content\/uploads\/2024\/07\/VisiteEnfants2.jpg\" class=\"attachment-large size-large wp-image-5146\" alt=\"\" srcset=\"https:\/\/maisondelenergie.sehv.fr\/wp-content\/uploads\/2024\/07\/VisiteEnfants2.jpg 1000w, https:\/\/maisondelenergie.sehv.fr\/wp-content\/uploads\/2024\/07\/VisiteEnfants2-300x240.jpg 300w, https:\/\/maisondelenergie.sehv.fr\/wp-content\/uploads\/2024\/07\/VisiteEnfants2-768x614.jpg 768w\" sizes=\"(max-width: 800px) 100vw, 800px\" \/>\t\t\t\t\t\t\t\t\t\t\t\t\t\t\t<\/div>\n\t\t\t\t<\/div>\n\t\t\t\t<\/div>\n\t\t<div class=\"elementor-element elementor-element-71963ee e-con-full e-flex e-con e-child\" data-id=\"71963ee\" data-element_type=\"container\" data-e-type=\"container\">\n\t\t\t\t<div class=\"elementor-element elementor-element-eb45431 elementor-widget elementor-widget-image\" data-id=\"eb45431\" data-element_type=\"widget\" data-e-type=\"widget\" data-widget_type=\"image.default\">\n\t\t\t\t<div class=\"elementor-widget-container\">\n\t\t\t\t\t\t\t\t\t\t\t\t\t\t\t<img decoding=\"async\" width=\"800\" height=\"640\" src=\"https:\/\/maisondelenergie.sehv.fr\/wp-content\/uploads\/2024\/07\/VisiteEnfants.jpg\" class=\"attachment-large size-large wp-image-5145\" alt=\"\" srcset=\"https:\/\/maisondelenergie.sehv.fr\/wp-content\/uploads\/2024\/07\/VisiteEnfants.jpg 1000w, https:\/\/maisondelenergie.sehv.fr\/wp-content\/uploads\/2024\/07\/VisiteEnfants-300x240.jpg 300w, https:\/\/maisondelenergie.sehv.fr\/wp-content\/uploads\/2024\/07\/VisiteEnfants-768x614.jpg 768w\" sizes=\"(max-width: 800px) 100vw, 800px\" \/>\t\t\t\t\t\t\t\t\t\t\t\t\t\t\t<\/div>\n\t\t\t\t<\/div>\n\t\t\t\t<\/div>\n\t\t<div class=\"elementor-element elementor-element-e426eed e-con-full e-flex e-con e-child\" data-id=\"e426eed\" data-element_type=\"container\" data-e-type=\"container\">\n\t\t\t\t<div class=\"elementor-element elementor-element-6d666dd elementor-widget elementor-widget-image\" data-id=\"6d666dd\" data-element_type=\"widget\" data-e-type=\"widget\" data-widget_type=\"image.default\">\n\t\t\t\t<div class=\"elementor-widget-container\">\n\t\t\t\t\t\t\t\t\t\t\t\t\t\t\t<img decoding=\"async\" width=\"800\" height=\"640\" src=\"https:\/\/maisondelenergie.sehv.fr\/wp-content\/uploads\/2024\/07\/AteliersScientifiques2.jpg\" class=\"attachment-large size-large wp-image-5353\" alt=\"\" srcset=\"https:\/\/maisondelenergie.sehv.fr\/wp-content\/uploads\/2024\/07\/AteliersScientifiques2.jpg 1000w, https:\/\/maisondelenergie.sehv.fr\/wp-content\/uploads\/2024\/07\/AteliersScientifiques2-300x240.jpg 300w, https:\/\/maisondelenergie.sehv.fr\/wp-content\/uploads\/2024\/07\/AteliersScientifiques2-768x614.jpg 768w\" sizes=\"(max-width: 800px) 100vw, 800px\" \/>\t\t\t\t\t\t\t\t\t\t\t\t\t\t\t<\/div>\n\t\t\t\t<\/div>\n\t\t\t\t<\/div>\n\t\t\t\t\t<\/div>\n\t\t\t\t<\/div>\n\t\t<div class=\"elementor-element elementor-element-84ad750 e-flex e-con-boxed e-con e-parent\" data-id=\"84ad750\" data-element_type=\"container\" data-e-type=\"container\">\n\t\t\t\t\t<div class=\"e-con-inner\">\n\t\t\t\t<div class=\"elementor-element elementor-element-d3402f8 elementor-widget elementor-widget-text-editor\" data-id=\"d3402f8\" data-element_type=\"widget\" data-e-type=\"widget\" data-widget_type=\"text-editor.default\">\n\t\t\t\t<div class=\"elementor-widget-container\">\n\t\t\t\t\t\t\t\t\t<p>\u00c7a y est, LA MAISON DE L\u2019\u00c9NERGIE est fin pr\u00eate \u00e0 accueillir les classes du CM1 au Lyc\u00e9e pour les sensibiliser aux enjeux \u00e9nerg\u00e9tiques d\u2019aujourd\u2019hui et de demain.<\/p><p>\u00a0<\/p><p>Trois salles ont \u00e9t\u00e9 pens\u00e9es rien que pour elles\u00a0:<\/p><p>&#8211; <strong>La salle d\u2019exposition permanente<\/strong> avec l\u2019exposition \u00ab\u00a0L\u2019\u00c9nergie Demain\u00a0\u00bb pour devenir incollable sur la transition \u00e9nerg\u00e9tique et le changement climatique.<\/p><p>&#8211; <strong>La salle d\u2019atelier<\/strong> <strong>p\u00e9dagogique<\/strong> pour se prendre pour \u00ab\u00a0Fred et Jamie\u00a0\u00bb en d\u00e9couvrant par la manipulation\u00a0: la consommation \u00e9lectrique, l\u2019isolation thermique, l\u2019hydro\u00e9lectricit\u00e9 et bien d\u2019autres \u00e0 venir\u2026<\/p><p>&#8211;<strong>Et la salle d\u2019exposition temporaire<\/strong> pour aborder diverses th\u00e9matiques li\u00e9es \u00e0 l\u2019\u00e9nergie et au d\u00e9veloppement durable au fil de l\u2019actualit\u00e9. Actuellement l\u2019\u00e9coconstruction y est mise \u00e0 l\u2019honneur \u00e0 travers le chantier de LA MAISON DE L\u2019\u00c9NERGIE elle-m\u00eame.<\/p><p>\u00a0<\/p><p><strong>Infos pratiques<\/strong>\u00a0: la visite de l\u2019exposition dure en moyenne 2h et les ateliers scientifiques 1h\/1h15. Cette dur\u00e9e est ajustable sur demande et en fonction du niveau des \u00e9l\u00e8ves.<\/p><p>Vous pouvez d\u00e8s aujourd\u2019hui r\u00e9server une date pour venir avec votre classe visiter LA MAISON DE L\u2019\u00c9NERGIE.<\/p><p>Chaque classe disposera d\u2019un coffre pour d\u00e9poser les affaires des \u00e9l\u00e8ves et pourra pique-niquer sur place.<\/p><p>Toutes les infos sont sur <span style=\"color: #faa200;\"><a style=\"color: #faa200;\" href=\"https:\/\/maisondelenergie.sehv.fr\/\">maisondelenergie.sehv.fr<\/a><\/span><\/p><p>\u00a0<\/p><p>LA MAISON DE L&rsquo;\u00c9NERGIE a d\u00e9j\u00e0 accueilli 20 groupes depuis son inauguration le 11 avril 2024 jusqu&rsquo;\u00e0 juin 2024. Soit un peu plus de 260 personnes en l&rsquo;espace de deux mois et demi, ce qui laisse pr\u00e9sager de nombreuses visites pour cette nouvelle ann\u00e9e scolaire !<\/p>\t\t\t\t\t\t\t\t<\/div>\n\t\t\t\t<\/div>\n\t\t\t\t\t<\/div>\n\t\t\t\t<\/div>\n\t\t<div class=\"elementor-element elementor-element-a163ef3 e-flex e-con-boxed e-con e-parent\" data-id=\"a163ef3\" data-element_type=\"container\" data-e-type=\"container\">\n\t\t\t\t\t<div class=\"e-con-inner\">\n\t\t\t\t<div class=\"elementor-element elementor-element-7660b13 elementor-widget elementor-widget-spacer\" data-id=\"7660b13\" data-element_type=\"widget\" data-e-type=\"widget\" data-widget_type=\"spacer.default\">\n\t\t\t\t<div class=\"elementor-widget-container\">\n\t\t\t\t\t\t\t<div class=\"elementor-spacer\">\n\t\t\t<div class=\"elementor-spacer-inner\"><\/div>\n\t\t<\/div>\n\t\t\t\t\t\t<\/div>\n\t\t\t\t<\/div>\n\t\t\t\t\t<\/div>\n\t\t\t\t<\/div>\n\t\t<div class=\"elementor-element elementor-element-dac880a e-con-full e-flex e-con e-parent\" data-id=\"dac880a\" data-element_type=\"container\" data-e-type=\"container\" data-settings=\"{&quot;background_background&quot;:&quot;classic&quot;}\">\n\t\t\t\t<div class=\"elementor-element elementor-element-5f8101c3 elementor-widget elementor-widget-spacer\" data-id=\"5f8101c3\" data-element_type=\"widget\" data-e-type=\"widget\" data-widget_type=\"spacer.default\">\n\t\t\t\t<div class=\"elementor-widget-container\">\n\t\t\t\t\t\t\t<div class=\"elementor-spacer\">\n\t\t\t<div class=\"elementor-spacer-inner\"><\/div>\n\t\t<\/div>\n\t\t\t\t\t\t<\/div>\n\t\t\t\t<\/div>\n\t\t<div class=\"elementor-element elementor-element-1c8cba6c e-con-full e-flex e-con e-child\" data-id=\"1c8cba6c\" data-element_type=\"container\" data-e-type=\"container\">\n\t\t\t\t<div class=\"elementor-element elementor-element-2b028829 elementor-widget elementor-widget-heading\" data-id=\"2b028829\" data-element_type=\"widget\" data-e-type=\"widget\" data-widget_type=\"heading.default\">\n\t\t\t\t<div class=\"elementor-widget-container\">\n\t\t\t\t\t<div class=\"elementor-heading-title elementor-size-default\">CATALOGUE COMPLET DES ANIMATIONS<\/div>\t\t\t\t<\/div>\n\t\t\t\t<\/div>\n\t\t\t\t<\/div>\n\t\t\t\t<div class=\"elementor-element elementor-element-7c5d1702 elementor-invisible elementor-widget elementor-widget-button\" data-id=\"7c5d1702\" data-element_type=\"widget\" data-e-type=\"widget\" data-settings=\"{&quot;_animation&quot;:&quot;fadeInDown&quot;}\" data-widget_type=\"button.default\">\n\t\t\t\t<div class=\"elementor-widget-container\">\n\t\t\t\t\t\t\t\t\t<div class=\"elementor-button-wrapper\">\n\t\t\t\t\t<a class=\"elementor-button elementor-button-link elementor-size-sm elementor-animation-sink\" href=\"http:\/\/maisondelenergie.sehv.fr\/index.php\/ressources\/\" target=\"_blank\">\n\t\t\t\t\t\t<span class=\"elementor-button-content-wrapper\">\n\t\t\t\t\t\t<span class=\"elementor-button-icon\">\n\t\t\t\t<svg aria-hidden=\"true\" class=\"e-font-icon-svg e-fas-book-reader\" viewBox=\"0 0 512 512\" xmlns=\"http:\/\/www.w3.org\/2000\/svg\"><path d=\"M352 96c0-53.02-42.98-96-96-96s-96 42.98-96 96 42.98 96 96 96 96-42.98 96-96zM233.59 241.1c-59.33-36.32-155.43-46.3-203.79-49.05C13.55 191.13 0 203.51 0 219.14v222.8c0 14.33 11.59 26.28 26.49 27.05 43.66 2.29 131.99 10.68 193.04 41.43 9.37 4.72 20.48-1.71 20.48-11.87V252.56c-.01-4.67-2.32-8.95-6.42-11.46zm248.61-49.05c-48.35 2.74-144.46 12.73-203.78 49.05-4.1 2.51-6.41 6.96-6.41 11.63v245.79c0 10.19 11.14 16.63 20.54 11.9 61.04-30.72 149.32-39.11 192.97-41.4 14.9-.78 26.49-12.73 26.49-27.06V219.14c-.01-15.63-13.56-28.01-29.81-27.09z\"><\/path><\/svg>\t\t\t<\/span>\n\t\t\t\t\t\t\t\t\t<span class=\"elementor-button-text\">Toutes les ressources<\/span>\n\t\t\t\t\t<\/span>\n\t\t\t\t\t<\/a>\n\t\t\t\t<\/div>\n\t\t\t\t\t\t\t\t<\/div>\n\t\t\t\t<\/div>\n\t\t\t\t<div class=\"elementor-element elementor-element-15ebb3c9 elementor-widget elementor-widget-spacer\" data-id=\"15ebb3c9\" data-element_type=\"widget\" data-e-type=\"widget\" data-widget_type=\"spacer.default\">\n\t\t\t\t<div class=\"elementor-widget-container\">\n\t\t\t\t\t\t\t<div class=\"elementor-spacer\">\n\t\t\t<div class=\"elementor-spacer-inner\"><\/div>\n\t\t<\/div>\n\t\t\t\t\t\t<\/div>\n\t\t\t\t<\/div>\n\t\t\t\t<\/div>\n\t\t<div class=\"elementor-element elementor-element-066ab9c e-flex e-con-boxed e-con e-parent\" data-id=\"066ab9c\" data-element_type=\"container\" data-e-type=\"container\">\n\t\t\t\t\t<div class=\"e-con-inner\">\n\t\t\t\t<div class=\"elementor-element elementor-element-806299a elementor-widget elementor-widget-spacer\" data-id=\"806299a\" data-element_type=\"widget\" data-e-type=\"widget\" data-widget_type=\"spacer.default\">\n\t\t\t\t<div class=\"elementor-widget-container\">\n\t\t\t\t\t\t\t<div class=\"elementor-spacer\">\n\t\t\t<div class=\"elementor-spacer-inner\"><\/div>\n\t\t<\/div>\n\t\t\t\t\t\t<\/div>\n\t\t\t\t<\/div>\n\t\t\t\t\t<\/div>\n\t\t\t\t<\/div>\n\t\t\t\t<\/div>\n\t\t","protected":false},"excerpt":{"rendered":"<p>LA MAISON DE L&rsquo;\u00c9NERGIE fait sa rentr\u00e9e Joli succ\u00e8s aupr\u00e8s des scolaires pour ce nouvel espace p\u00e9dagogique d\u00e9di\u00e9 \u00e0 la transition \u00e9nerg\u00e9tique et au changement climatique, avec d\u00e9j\u00e0 de nombreuses r\u00e9servations pour 2024-2025. Publi\u00e9 le 20\/09\/2024 \u00c7a y est, LA MAISON DE L\u2019\u00c9NERGIE est fin pr\u00eate \u00e0 accueillir les classes du CM1 au Lyc\u00e9e pour [&hellip;]<\/p>\n","protected":false},"author":1,"featured_media":0,"parent":0,"menu_order":0,"comment_status":"closed","ping_status":"closed","template":"","meta":{"footnotes":""},"class_list":["post-2270","page","type-page","status-publish","hentry"],"_links":{"self":[{"href":"https:\/\/maisondelenergie.sehv.fr\/index.php\/wp-json\/wp\/v2\/pages\/2270","targetHints":{"allow":["GET"]}}],"collection":[{"href":"https:\/\/maisondelenergie.sehv.fr\/index.php\/wp-json\/wp\/v2\/pages"}],"about":[{"href":"https:\/\/maisondelenergie.sehv.fr\/index.php\/wp-json\/wp\/v2\/types\/page"}],"author":[{"embeddable":true,"href":"https:\/\/maisondelenergie.sehv.fr\/index.php\/wp-json\/wp\/v2\/users\/1"}],"replies":[{"embeddable":true,"href":"https:\/\/maisondelenergie.sehv.fr\/index.php\/wp-json\/wp\/v2\/comments?post=2270"}],"version-history":[{"count":74,"href":"https:\/\/maisondelenergie.sehv.fr\/index.php\/wp-json\/wp\/v2\/pages\/2270\/revisions"}],"predecessor-version":[{"id":6581,"href":"https:\/\/maisondelenergie.sehv.fr\/index.php\/wp-json\/wp\/v2\/pages\/2270\/revisions\/6581"}],"wp:attachment":[{"href":"https:\/\/maisondelenergie.sehv.fr\/index.php\/wp-json\/wp\/v2\/media?parent=2270"}],"curies":[{"name":"wp","href":"https:\/\/api.w.org\/{rel}","templated":true}]}}