{"id":214,"date":"2023-08-04T00:21:11","date_gmt":"2023-08-03T22:21:11","guid":{"rendered":"http:\/\/maisondelenergie.sehv.fr\/?page_id=214"},"modified":"2024-08-30T15:16:10","modified_gmt":"2024-08-30T13:16:10","slug":"politique-de-confidentialite-la-maison-de-lenergie","status":"publish","type":"page","link":"https:\/\/maisondelenergie.sehv.fr\/index.php\/politique-de-confidentialite-la-maison-de-lenergie\/","title":{"rendered":"Politique de confidentialit\u00e9 &#8211; LA MAISON DE L&rsquo;\u00c9NERGIE"},"content":{"rendered":"\t\t<div data-elementor-type=\"wp-page\" data-elementor-id=\"214\" class=\"elementor elementor-214\">\n\t\t\t\t<div class=\"elementor-element elementor-element-092240f e-flex e-con-boxed e-con e-parent\" data-id=\"092240f\" data-element_type=\"container\" data-e-type=\"container\">\n\t\t\t\t\t<div class=\"e-con-inner\">\n\t\t<div class=\"elementor-element elementor-element-e80a5c0 e-flex e-con-boxed e-con e-child\" data-id=\"e80a5c0\" data-element_type=\"container\" data-e-type=\"container\">\n\t\t\t\t\t<div class=\"e-con-inner\">\n\t\t\t\t<div class=\"elementor-element elementor-element-ce2d44e elementor-widget elementor-widget-text-editor\" data-id=\"ce2d44e\" data-element_type=\"widget\" data-e-type=\"widget\" data-widget_type=\"text-editor.default\">\n\t\t\t\t<div class=\"elementor-widget-container\">\n\t\t\t\t\t\t\t\t\t<h1>Politique de confidentialit\u00e9<\/h1><h1 style=\"text-align: center;\">LA MAISON DE L&rsquo;\u00c9NERGIE<\/h1>\t\t\t\t\t\t\t\t<\/div>\n\t\t\t\t<\/div>\n\t\t\t\t\t<\/div>\n\t\t\t\t<\/div>\n\t\t\t\t\t<\/div>\n\t\t\t\t<\/div>\n\t\t<div class=\"elementor-element elementor-element-aac72d5 e-flex e-con-boxed e-con e-parent\" data-id=\"aac72d5\" data-element_type=\"container\" data-e-type=\"container\">\n\t\t\t\t\t<div class=\"e-con-inner\">\n\t\t<div class=\"elementor-element elementor-element-2521a3a e-con-full e-flex e-con e-child\" data-id=\"2521a3a\" data-element_type=\"container\" data-e-type=\"container\">\n\t\t\t\t<div class=\"elementor-element elementor-element-efdaaa0 elementor-widget elementor-widget-heading\" data-id=\"efdaaa0\" data-element_type=\"widget\" data-e-type=\"widget\" data-widget_type=\"heading.default\">\n\t\t\t\t<div class=\"elementor-widget-container\">\n\t\t\t\t\t<div class=\"elementor-heading-title elementor-size-default\">Traitement des donn\u00e9es personnelles <\/div>\t\t\t\t<\/div>\n\t\t\t\t<\/div>\n\t\t\t\t<div class=\"elementor-element elementor-element-5136811 elementor-widget elementor-widget-text-editor\" data-id=\"5136811\" data-element_type=\"widget\" data-e-type=\"widget\" data-widget_type=\"text-editor.default\">\n\t\t\t\t<div class=\"elementor-widget-container\">\n\t\t\t\t\t\t\t\t\t<p>LA MAISON DE L&rsquo;\u00c9NERGIE respecte la confidentialit\u00e9 et la protection des donn\u00e9es personnelles de ses utilisateurs. Cette page vise \u00e0 expliquer comment nous utilisons les informations que vous nous fournissez lorsque vous utilisez notre site web et nos services.<\/p><p>\u00a0<\/p>\t\t\t\t\t\t\t\t<\/div>\n\t\t\t\t<\/div>\n\t\t\t\t<div class=\"elementor-element elementor-element-98ea320 elementor-widget elementor-widget-heading\" data-id=\"98ea320\" data-element_type=\"widget\" data-e-type=\"widget\" data-widget_type=\"heading.default\">\n\t\t\t\t<div class=\"elementor-widget-container\">\n\t\t\t\t\t<div class=\"elementor-heading-title elementor-size-default\">Collecte d'informations :<\/div>\t\t\t\t<\/div>\n\t\t\t\t<\/div>\n\t\t\t\t<div class=\"elementor-element elementor-element-9763a8e elementor-widget elementor-widget-text-editor\" data-id=\"9763a8e\" data-element_type=\"widget\" data-e-type=\"widget\" data-widget_type=\"text-editor.default\">\n\t\t\t\t<div class=\"elementor-widget-container\">\n\t\t\t\t\t\t\t\t\t<p>Lorsque vous visitez notre site web, vous pouvez \u00eatre amen\u00e9s \u00e0 nous transmettre certaines informations telles que votre nom, et votre adresse e-mail pour vous inscrire \u00e0 notre Newsletter. Nous utilisons ces informations uniquement pour l&rsquo;inscription \u00e0 celle-ci. Vous pouvez \u00e0 tout moment choisir de vous d\u00e9sabonner en cliquant sur le lien ad hoc en bas des newsletters, ou par simple mail \u00e0 <span style=\"color: #ff9900;\"><a style=\"color: #ff9900;\" href=\"mailto:mde@sehv.fr\">mde@sehv.fr<\/a><\/span>.<\/p><p>\u00a0<\/p>\t\t\t\t\t\t\t\t<\/div>\n\t\t\t\t<\/div>\n\t\t\t\t<div class=\"elementor-element elementor-element-8523c24 elementor-widget elementor-widget-heading\" data-id=\"8523c24\" data-element_type=\"widget\" data-e-type=\"widget\" data-widget_type=\"heading.default\">\n\t\t\t\t<div class=\"elementor-widget-container\">\n\t\t\t\t\t<div class=\"elementor-heading-title elementor-size-default\">Cookies :<\/div>\t\t\t\t<\/div>\n\t\t\t\t<\/div>\n\t\t\t\t<div class=\"elementor-element elementor-element-376bb8c elementor-widget elementor-widget-text-editor\" data-id=\"376bb8c\" data-element_type=\"widget\" data-e-type=\"widget\" data-widget_type=\"text-editor.default\">\n\t\t\t\t<div class=\"elementor-widget-container\">\n\t\t\t\t\t\t\t\t\t<p>Nous n&rsquo;utilisons pas de cookie sur notre site internet.<\/p><p>\u00a0<\/p>\t\t\t\t\t\t\t\t<\/div>\n\t\t\t\t<\/div>\n\t\t\t\t<div class=\"elementor-element elementor-element-50e3265 elementor-widget elementor-widget-heading\" data-id=\"50e3265\" data-element_type=\"widget\" data-e-type=\"widget\" data-widget_type=\"heading.default\">\n\t\t\t\t<div class=\"elementor-widget-container\">\n\t\t\t\t\t<div class=\"elementor-heading-title elementor-size-default\">Liens vers des sites tiers :<\/div>\t\t\t\t<\/div>\n\t\t\t\t<\/div>\n\t\t\t\t<div class=\"elementor-element elementor-element-732f014 elementor-widget elementor-widget-text-editor\" data-id=\"732f014\" data-element_type=\"widget\" data-e-type=\"widget\" data-widget_type=\"text-editor.default\">\n\t\t\t\t<div class=\"elementor-widget-container\">\n\t\t\t\t\t\t\t\t\t<p>Notre site web peut contenir des liens vers des sites tiers.<\/p><p>Veuillez noter que nous ne sommes pas responsables de la collecte, de l&rsquo;utilisation ou de la divulgation des informations sur ces sites. Nous vous encourageons \u00e0 consulter les politiques de confidentialit\u00e9 de ses sites tiers avant de fournir vos informations personnelles.<\/p><p>\u00a0<\/p>\t\t\t\t\t\t\t\t<\/div>\n\t\t\t\t<\/div>\n\t\t\t\t<div class=\"elementor-element elementor-element-b1c3f04 elementor-widget elementor-widget-heading\" data-id=\"b1c3f04\" data-element_type=\"widget\" data-e-type=\"widget\" data-widget_type=\"heading.default\">\n\t\t\t\t<div class=\"elementor-widget-container\">\n\t\t\t\t\t<div class=\"elementor-heading-title elementor-size-default\">Modifications de la politiques de confidentialit\u00e9 :<\/div>\t\t\t\t<\/div>\n\t\t\t\t<\/div>\n\t\t\t\t<div class=\"elementor-element elementor-element-54ec0e7 elementor-widget elementor-widget-text-editor\" data-id=\"54ec0e7\" data-element_type=\"widget\" data-e-type=\"widget\" data-widget_type=\"text-editor.default\">\n\t\t\t\t<div class=\"elementor-widget-container\">\n\t\t\t\t\t\t\t\t\t<p>Nous nous r\u00e9servons le droit de modifier cette politique de confidentialit\u00e9 \u00e0 tout moment. Toute modification sera publi\u00e9e sur notre site web. Nous vous encourageons \u00e0 consulter r\u00e9guli\u00e8rement cette politique pour rester inform\u00e9s des mises \u00e0 jour.<\/p><p>\u00a0<\/p>\t\t\t\t\t\t\t\t<\/div>\n\t\t\t\t<\/div>\n\t\t\t\t<div class=\"elementor-element elementor-element-9f543c2 elementor-widget elementor-widget-heading\" data-id=\"9f543c2\" data-element_type=\"widget\" data-e-type=\"widget\" data-widget_type=\"heading.default\">\n\t\t\t\t<div class=\"elementor-widget-container\">\n\t\t\t\t\t<div class=\"elementor-heading-title elementor-size-default\">Contact <\/div>\t\t\t\t<\/div>\n\t\t\t\t<\/div>\n\t\t\t\t<div class=\"elementor-element elementor-element-f95a131 elementor-widget elementor-widget-text-editor\" data-id=\"f95a131\" data-element_type=\"widget\" data-e-type=\"widget\" data-widget_type=\"text-editor.default\">\n\t\t\t\t<div class=\"elementor-widget-container\">\n\t\t\t\t\t\t\t\t\t<p>Si vous avez des questions, des pr\u00e9occupations ou des demandes concernant notre politique de confidentialit\u00e9, veuillez nous contacter \u00e0 l&rsquo;adresse suivante : <span style=\"color: #ff9900;\"><a style=\"letter-spacing: 0px; text-align: var(--text-align); background-color: #fffefd; color: #ff9900;\" href=\"mailto:mde@sehv.fr\" target=\"_blank\" rel=\"noopener\">mde@sehv.fr<\/a><\/span><\/p><p><br><\/p>\t\t\t\t\t\t\t\t<\/div>\n\t\t\t\t<\/div>\n\t\t\t\t<\/div>\n\t\t\t\t\t<\/div>\n\t\t\t\t<\/div>\n\t\t\t\t<\/div>\n\t\t","protected":false},"excerpt":{"rendered":"<p>Politique de confidentialit\u00e9 LA MAISON DE L&rsquo;\u00c9NERGIE Traitement des donn\u00e9es personnelles LA MAISON DE L&rsquo;\u00c9NERGIE respecte la confidentialit\u00e9 et la protection des donn\u00e9es personnelles de ses utilisateurs. Cette page vise \u00e0 expliquer comment nous utilisons les informations que vous nous fournissez lorsque vous utilisez notre site web et nos services. \u00a0 Collecte d&rsquo;informations : Lorsque [&hellip;]<\/p>\n","protected":false},"author":1,"featured_media":0,"parent":0,"menu_order":0,"comment_status":"closed","ping_status":"closed","template":"","meta":{"footnotes":""},"class_list":["post-214","page","type-page","status-publish","hentry"],"_links":{"self":[{"href":"https:\/\/maisondelenergie.sehv.fr\/index.php\/wp-json\/wp\/v2\/pages\/214","targetHints":{"allow":["GET"]}}],"collection":[{"href":"https:\/\/maisondelenergie.sehv.fr\/index.php\/wp-json\/wp\/v2\/pages"}],"about":[{"href":"https:\/\/maisondelenergie.sehv.fr\/index.php\/wp-json\/wp\/v2\/types\/page"}],"author":[{"embeddable":true,"href":"https:\/\/maisondelenergie.sehv.fr\/index.php\/wp-json\/wp\/v2\/users\/1"}],"replies":[{"embeddable":true,"href":"https:\/\/maisondelenergie.sehv.fr\/index.php\/wp-json\/wp\/v2\/comments?post=214"}],"version-history":[{"count":37,"href":"https:\/\/maisondelenergie.sehv.fr\/index.php\/wp-json\/wp\/v2\/pages\/214\/revisions"}],"predecessor-version":[{"id":6311,"href":"https:\/\/maisondelenergie.sehv.fr\/index.php\/wp-json\/wp\/v2\/pages\/214\/revisions\/6311"}],"wp:attachment":[{"href":"https:\/\/maisondelenergie.sehv.fr\/index.php\/wp-json\/wp\/v2\/media?parent=214"}],"curies":[{"name":"wp","href":"https:\/\/api.w.org\/{rel}","templated":true}]}}