{"id":162,"date":"2023-08-02T15:55:55","date_gmt":"2023-08-02T13:55:55","guid":{"rendered":"http:\/\/maisondelenergie.sehv.fr\/?page_id=162"},"modified":"2024-08-30T15:21:45","modified_gmt":"2024-08-30T13:21:45","slug":"mention-legale-la-maison-de-lenergie","status":"publish","type":"page","link":"https:\/\/maisondelenergie.sehv.fr\/index.php\/mention-legale-la-maison-de-lenergie\/","title":{"rendered":"Mentions L\u00e9gales &#8211; LA MAISON DE L&rsquo;\u00c9NERGIE"},"content":{"rendered":"\t\t<div data-elementor-type=\"wp-page\" data-elementor-id=\"162\" class=\"elementor elementor-162\">\n\t\t\t\t<div class=\"elementor-element elementor-element-cc4a3cf e-con-full e-flex e-con e-parent\" data-id=\"cc4a3cf\" data-element_type=\"container\" data-e-type=\"container\">\n\t\t\t\t<div class=\"elementor-element elementor-element-fd27656 elementor-widget-divider--view-line elementor-widget elementor-widget-divider\" data-id=\"fd27656\" data-element_type=\"widget\" data-e-type=\"widget\" data-widget_type=\"divider.default\">\n\t\t\t\t<div class=\"elementor-widget-container\">\n\t\t\t\t\t\t\t<div class=\"elementor-divider\">\n\t\t\t<span class=\"elementor-divider-separator\">\n\t\t\t\t\t\t<\/span>\n\t\t<\/div>\n\t\t\t\t\t\t<\/div>\n\t\t\t\t<\/div>\n\t\t\t\t<\/div>\n\t\t<div class=\"elementor-element elementor-element-f20bf3e e-flex e-con-boxed e-con e-parent\" data-id=\"f20bf3e\" data-element_type=\"container\" data-e-type=\"container\">\n\t\t\t\t\t<div class=\"e-con-inner\">\n\t\t<div class=\"elementor-element elementor-element-e3df5dc e-flex e-con-boxed e-con e-child\" data-id=\"e3df5dc\" data-element_type=\"container\" data-e-type=\"container\">\n\t\t\t\t\t<div class=\"e-con-inner\">\n\t\t\t\t<div class=\"elementor-element elementor-element-2cb9575 elementor-widget elementor-widget-text-editor\" data-id=\"2cb9575\" data-element_type=\"widget\" data-e-type=\"widget\" data-widget_type=\"text-editor.default\">\n\t\t\t\t<div class=\"elementor-widget-container\">\n\t\t\t\t\t\t\t\t\t<h1>Mentions L\u00e9gales<\/h1><p style=\"text-align: center;\">LA MAISON DE L&rsquo;\u00c9NERGIE<\/p>\t\t\t\t\t\t\t\t<\/div>\n\t\t\t\t<\/div>\n\t\t\t\t\t<\/div>\n\t\t\t\t<\/div>\n\t\t\t\t\t<\/div>\n\t\t\t\t<\/div>\n\t\t<div class=\"elementor-element elementor-element-4278a70 e-flex e-con-boxed e-con e-parent\" data-id=\"4278a70\" data-element_type=\"container\" data-e-type=\"container\">\n\t\t\t\t\t<div class=\"e-con-inner\">\n\t\t<div class=\"elementor-element elementor-element-f0e00c7 e-flex e-con-boxed e-con e-child\" data-id=\"f0e00c7\" data-element_type=\"container\" data-e-type=\"container\">\n\t\t\t\t\t<div class=\"e-con-inner\">\n\t\t\t\t<div class=\"elementor-element elementor-element-b785353 elementor-widget elementor-widget-heading\" data-id=\"b785353\" data-element_type=\"widget\" data-e-type=\"widget\" data-widget_type=\"heading.default\">\n\t\t\t\t<div class=\"elementor-widget-container\">\n\t\t\t\t\t<div class=\"elementor-heading-title elementor-size-default\">Informations g\u00e9n\u00e9rales<\/div>\t\t\t\t<\/div>\n\t\t\t\t<\/div>\n\t\t\t\t<div class=\"elementor-element elementor-element-6e165b6 elementor-widget elementor-widget-text-editor\" data-id=\"6e165b6\" data-element_type=\"widget\" data-e-type=\"widget\" data-widget_type=\"text-editor.default\">\n\t\t\t\t<div class=\"elementor-widget-container\">\n\t\t\t\t\t\t\t\t\t<p>LA MAISON DE L&rsquo;\u00c9NERGIE se r\u00e9serve la possibilit\u00e9 de modifier ou de mettre \u00e0 jour, \u00e0 tout moment et sans pr\u00e9avis, les pr\u00e9sentes conditions d&rsquo;utilisation afin de les adapter aux \u00e9volutions du site et\/ou de son exploitation.<\/p><p>\u00a0<\/p>\t\t\t\t\t\t\t\t<\/div>\n\t\t\t\t<\/div>\n\t\t\t\t<div class=\"elementor-element elementor-element-a6a2f1e elementor-widget elementor-widget-heading\" data-id=\"a6a2f1e\" data-element_type=\"widget\" data-e-type=\"widget\" data-widget_type=\"heading.default\">\n\t\t\t\t<div class=\"elementor-widget-container\">\n\t\t\t\t\t<div class=\"elementor-heading-title elementor-size-default\">Objectif et qualit\u00e9 des contenus<\/div>\t\t\t\t<\/div>\n\t\t\t\t<\/div>\n\t\t\t\t<div class=\"elementor-element elementor-element-acf6bad elementor-widget elementor-widget-text-editor\" data-id=\"acf6bad\" data-element_type=\"widget\" data-e-type=\"widget\" data-widget_type=\"text-editor.default\">\n\t\t\t\t<div class=\"elementor-widget-container\">\n\t\t\t\t\t\t\t\t\t<p>Ce site a pour objectif d&rsquo;informer le grand public, les professionnels et les m\u00e9dias sur la transition \u00e9nerg\u00e9tique et le changement climatique.<\/p><p>\u00a0<\/p>\t\t\t\t\t\t\t\t<\/div>\n\t\t\t\t<\/div>\n\t\t\t\t<div class=\"elementor-element elementor-element-7cac235 elementor-widget elementor-widget-heading\" data-id=\"7cac235\" data-element_type=\"widget\" data-e-type=\"widget\" data-widget_type=\"heading.default\">\n\t\t\t\t<div class=\"elementor-widget-container\">\n\t\t\t\t\t<div class=\"elementor-heading-title elementor-size-default\">\u00c9diteur :<\/div>\t\t\t\t<\/div>\n\t\t\t\t<\/div>\n\t\t\t\t<div class=\"elementor-element elementor-element-0c672c2 elementor-widget elementor-widget-text-editor\" data-id=\"0c672c2\" data-element_type=\"widget\" data-e-type=\"widget\" data-widget_type=\"text-editor.default\">\n\t\t\t\t<div class=\"elementor-widget-container\">\n\t\t\t\t\t\t\t\t\t<p>Syndicat \u00c9nergies Haute-Vienne (SEHV)<\/p><p>8 rue d&rsquo;Anguernaud<\/p><p>ZA du Chatenet<\/p><p>87410 LE PALAIS-SUR-VIENNE<\/p><p>Num\u00e9ro de SIRET : 25870858500033<\/p><p>Num\u00e9ro de SIREN : 258708585<\/p><p><span style=\"letter-spacing: 0px; text-align: var(--text-align);\"><a href=\"http:\/\/www.sehv.fr\"><span style=\"color: #ff9900;\">sehv.fr<\/span><\/a> &#8211; 05 55 35 06 35<\/span><\/p><p><span style=\"letter-spacing: 0px; text-align: var(--text-align);\">\u00a0<\/span><\/p>\t\t\t\t\t\t\t\t<\/div>\n\t\t\t\t<\/div>\n\t\t\t\t<div class=\"elementor-element elementor-element-cbca88e elementor-widget elementor-widget-heading\" data-id=\"cbca88e\" data-element_type=\"widget\" data-e-type=\"widget\" data-widget_type=\"heading.default\">\n\t\t\t\t<div class=\"elementor-widget-container\">\n\t\t\t\t\t<h2 class=\"elementor-heading-title elementor-size-default\">Directeur de la publication : <\/h2>\t\t\t\t<\/div>\n\t\t\t\t<\/div>\n\t\t\t\t<div class=\"elementor-element elementor-element-f23e28b elementor-widget elementor-widget-text-editor\" data-id=\"f23e28b\" data-element_type=\"widget\" data-e-type=\"widget\" data-widget_type=\"text-editor.default\">\n\t\t\t\t<div class=\"elementor-widget-container\">\n\t\t\t\t\t\t\t\t\t<p>Directeur de publication : Georges DARGENTOLLE, Pr\u00e9sident du SEHV<\/p>\n<p>Webmestre : Laurent PEYLET<\/p>\n<p>Participation au webdesign durant leur stage au SEHV : In\u00e8s MACHADO (2024) \/ Matthieu G\u00c9RARD (2023)<\/p>\n<p><\/p>\t\t\t\t\t\t\t\t<\/div>\n\t\t\t\t<\/div>\n\t\t\t\t<div class=\"elementor-element elementor-element-8ed74de elementor-widget elementor-widget-heading\" data-id=\"8ed74de\" data-element_type=\"widget\" data-e-type=\"widget\" data-widget_type=\"heading.default\">\n\t\t\t\t<div class=\"elementor-widget-container\">\n\t\t\t\t\t<div class=\"elementor-heading-title elementor-size-default\">H\u00e9bergement :<\/div>\t\t\t\t<\/div>\n\t\t\t\t<\/div>\n\t\t\t\t<div class=\"elementor-element elementor-element-0e566d5 elementor-widget elementor-widget-text-editor\" data-id=\"0e566d5\" data-element_type=\"widget\" data-e-type=\"widget\" data-widget_type=\"text-editor.default\">\n\t\t\t\t<div class=\"elementor-widget-container\">\n\t\t\t\t\t\t\t\t\t<p>Structure d&rsquo;h\u00e9bergement : Devopsys<\/p><p>Technopole &#8211; Parc Ester &#8211; 87000 LIMOGES<\/p><p>12 rue Gemini &#8211; b\u00e2timent 3<\/p><p>87068 LIMOGES CEDEX<\/p><p>www.devopsys.com &#8211; 05 87 03 03 00<\/p><p>\u00a0<\/p>\t\t\t\t\t\t\t\t<\/div>\n\t\t\t\t<\/div>\n\t\t\t\t<div class=\"elementor-element elementor-element-75a865e elementor-widget elementor-widget-heading\" data-id=\"75a865e\" data-element_type=\"widget\" data-e-type=\"widget\" data-widget_type=\"heading.default\">\n\t\t\t\t<div class=\"elementor-widget-container\">\n\t\t\t\t\t<div class=\"elementor-heading-title elementor-size-default\">Droit d'auteurs :<\/div>\t\t\t\t<\/div>\n\t\t\t\t<\/div>\n\t\t\t\t<div class=\"elementor-element elementor-element-17a923d elementor-widget elementor-widget-text-editor\" data-id=\"17a923d\" data-element_type=\"widget\" data-e-type=\"widget\" data-widget_type=\"text-editor.default\">\n\t\t\t\t<div class=\"elementor-widget-container\">\n\t\t\t\t\t\t\t\t\t<p>L&rsquo;ensemble de ce site rel\u00e8ve de la l\u00e9gislation fran\u00e7aise et internationale sur le droit d&rsquo;auteur et la propri\u00e9t\u00e9 intellectuelle.<\/p><p>Tous les droits de reproduction sont r\u00e9serv\u00e9s, y compris pour les documents t\u00e9l\u00e9chargeables et les repr\u00e9sentations iconographiques et photographiques. La reproduction de tout ou partie de ce site sur un support \u00e9lectronique quel qu&rsquo;il soit est formellement interdite sauf autorisation expresse du directeur de la publication.<\/p><ul><li>Toutes les marques cit\u00e9es sont la propri\u00e9t\u00e9 de leurs titulaires respectifs.\u00a0<\/li><li>les articles L122-4 et L122-5 du Code de la propri\u00e9t\u00e9 intellectuelle interdisent toutes repr\u00e9sentation ou reproduction, int\u00e9grale ou partielle, faites en dehors d&rsquo;un usage priv\u00e9e.<\/li><\/ul><div>Toute repr\u00e9sentation ou reproduction int\u00e9grale ou partielle de cette \u0153uvre, fait par quelque proc\u00e9d\u00e9 que ce soit, sans le consentement de l&rsquo;\u00e9diteur ou les ayants droit est illicite et constitue une contrefa\u00e7on sanctionn\u00e9e par les articles L335-2 et suivants du Code de la propri\u00e9t\u00e9 intellectuelle.<\/div><div>Pour l&rsquo;exercer, adressez-vous au SEHV.<\/div><div>\u00a0<\/div>\t\t\t\t\t\t\t\t<\/div>\n\t\t\t\t<\/div>\n\t\t\t\t\t<\/div>\n\t\t\t\t<\/div>\n\t\t\t\t\t<\/div>\n\t\t\t\t<\/div>\n\t\t\t\t<\/div>\n\t\t","protected":false},"excerpt":{"rendered":"<p>Mentions L\u00e9gales LA MAISON DE L&rsquo;\u00c9NERGIE Informations g\u00e9n\u00e9rales LA MAISON DE L&rsquo;\u00c9NERGIE se r\u00e9serve la possibilit\u00e9 de modifier ou de mettre \u00e0 jour, \u00e0 tout moment et sans pr\u00e9avis, les pr\u00e9sentes conditions d&rsquo;utilisation afin de les adapter aux \u00e9volutions du site et\/ou de son exploitation. \u00a0 Objectif et qualit\u00e9 des contenus Ce site a pour [&hellip;]<\/p>\n","protected":false},"author":1,"featured_media":0,"parent":0,"menu_order":0,"comment_status":"closed","ping_status":"closed","template":"","meta":{"footnotes":""},"class_list":["post-162","page","type-page","status-publish","hentry"],"_links":{"self":[{"href":"https:\/\/maisondelenergie.sehv.fr\/index.php\/wp-json\/wp\/v2\/pages\/162","targetHints":{"allow":["GET"]}}],"collection":[{"href":"https:\/\/maisondelenergie.sehv.fr\/index.php\/wp-json\/wp\/v2\/pages"}],"about":[{"href":"https:\/\/maisondelenergie.sehv.fr\/index.php\/wp-json\/wp\/v2\/types\/page"}],"author":[{"embeddable":true,"href":"https:\/\/maisondelenergie.sehv.fr\/index.php\/wp-json\/wp\/v2\/users\/1"}],"replies":[{"embeddable":true,"href":"https:\/\/maisondelenergie.sehv.fr\/index.php\/wp-json\/wp\/v2\/comments?post=162"}],"version-history":[{"count":47,"href":"https:\/\/maisondelenergie.sehv.fr\/index.php\/wp-json\/wp\/v2\/pages\/162\/revisions"}],"predecessor-version":[{"id":6323,"href":"https:\/\/maisondelenergie.sehv.fr\/index.php\/wp-json\/wp\/v2\/pages\/162\/revisions\/6323"}],"wp:attachment":[{"href":"https:\/\/maisondelenergie.sehv.fr\/index.php\/wp-json\/wp\/v2\/media?parent=162"}],"curies":[{"name":"wp","href":"https:\/\/api.w.org\/{rel}","templated":true}]}}